{"id":3495,"date":"2025-11-12T01:56:25","date_gmt":"2025-11-11T16:56:25","guid":{"rendered":"https:\/\/onrnc.com\/esg\/esg-overview\/"},"modified":"2026-01-08T13:35:46","modified_gmt":"2026-01-08T04:35:46","slug":"esg-overview","status":"publish","type":"page","link":"https:\/\/onrnc.com\/vi\/esg\/esg-overview\/","title":{"rendered":"ESG Overview"},"content":{"rendered":"\t\t<div data-elementor-type=\"wp-page\" data-elementor-id=\"3495\" class=\"elementor elementor-3495 elementor-1962\" data-elementor-post-type=\"page\">\n\t\t\t\t<div class=\"elementor-element elementor-element-6b33dcb e-con-full font e-flex e-con e-parent\" data-id=\"6b33dcb\" data-element_type=\"container\" data-settings=\"{&quot;background_background&quot;:&quot;classic&quot;,&quot;jet_parallax_layout_list&quot;:[]}\">\n\t\t\t\t<div class=\"elementor-element elementor-element-4abe12c elementor-widget elementor-widget-heading\" data-id=\"4abe12c\" data-element_type=\"widget\" data-widget_type=\"heading.default\">\n\t\t\t\t<div class=\"elementor-widget-container\">\n\t\t\t\t\t<h2 class=\"elementor-heading-title elementor-size-default\">ESG<\/h2>\t\t\t\t<\/div>\n\t\t\t\t<\/div>\n\t\t\t\t<div class=\"elementor-element elementor-element-868fded elementor-nav-menu--dropdown-none elementor-absolute sub-menu elementor-hidden-mobile elementor-widget elementor-widget-nav-menu\" data-id=\"868fded\" data-element_type=\"widget\" data-settings=\"{&quot;submenu_icon&quot;:{&quot;value&quot;:&quot;&lt;i class=\\&quot;\\&quot;&gt;&lt;\\\/i&gt;&quot;,&quot;library&quot;:&quot;&quot;},&quot;_position&quot;:&quot;absolute&quot;,&quot;layout&quot;:&quot;horizontal&quot;}\" data-widget_type=\"nav-menu.default\">\n\t\t\t\t<div class=\"elementor-widget-container\">\n\t\t\t\t\t\t\t\t<nav aria-label=\"Menu\" class=\"elementor-nav-menu--main elementor-nav-menu__container elementor-nav-menu--layout-horizontal e--pointer-none\">\n\t\t\t\t<ul id=\"menu-1-868fded\" class=\"elementor-nav-menu\"><li class=\"menu-item menu-item-type-post_type menu-item-object-page menu-item-3565\"><a href=\"https:\/\/onrnc.com\/vi\/esg\/esg-overview\/\" class=\"elementor-item\">ESG Overview<\/a><\/li>\n<li class=\"menu-item menu-item-type-post_type menu-item-object-page menu-item-3566\"><a href=\"https:\/\/onrnc.com\/vi\/esg\/environment\/\" class=\"elementor-item\">Qu\u1ea3n l\u00fd m\u00f4i tr\u01b0\u1eddng<\/a><\/li>\n<li class=\"menu-item menu-item-type-post_type menu-item-object-page menu-item-3567\"><a href=\"https:\/\/onrnc.com\/vi\/esg\/society\/\" class=\"elementor-item\">X\u00e3 h\u1ed9i \u2013 Tr\u00e1ch nhi\u1ec7m x\u00e3 h\u1ed9i.<\/a><\/li>\n<li class=\"menu-item menu-item-type-post_type menu-item-object-page menu-item-3568\"><a href=\"https:\/\/onrnc.com\/vi\/esg\/ethics\/\" class=\"elementor-item\">Qu\u1ea3n l\u00fd theo nguy\u00ean t\u1eafc \u0111\u1ea1o \u0111\u1ee9c<\/a><\/li>\n<li class=\"menu-item menu-item-type-post_type menu-item-object-page menu-item-3569\"><a href=\"https:\/\/onrnc.com\/vi\/esg\/quality\/\" class=\"elementor-item\">Qu\u1ea3n l\u00fd ch\u1ea5t l\u01b0\u1ee3ng<\/a><\/li>\n<\/ul>\t\t\t<\/nav>\n\t\t\t\t\t\t<nav class=\"elementor-nav-menu--dropdown elementor-nav-menu__container\" aria-hidden=\"true\">\n\t\t\t\t<ul id=\"menu-2-868fded\" class=\"elementor-nav-menu\"><li class=\"menu-item menu-item-type-post_type menu-item-object-page menu-item-3565\"><a href=\"https:\/\/onrnc.com\/vi\/esg\/esg-overview\/\" class=\"elementor-item\" tabindex=\"-1\">ESG Overview<\/a><\/li>\n<li class=\"menu-item menu-item-type-post_type menu-item-object-page menu-item-3566\"><a href=\"https:\/\/onrnc.com\/vi\/esg\/environment\/\" class=\"elementor-item\" tabindex=\"-1\">Qu\u1ea3n l\u00fd m\u00f4i tr\u01b0\u1eddng<\/a><\/li>\n<li class=\"menu-item menu-item-type-post_type menu-item-object-page menu-item-3567\"><a href=\"https:\/\/onrnc.com\/vi\/esg\/society\/\" class=\"elementor-item\" tabindex=\"-1\">X\u00e3 h\u1ed9i \u2013 Tr\u00e1ch nhi\u1ec7m x\u00e3 h\u1ed9i.<\/a><\/li>\n<li class=\"menu-item menu-item-type-post_type menu-item-object-page menu-item-3568\"><a href=\"https:\/\/onrnc.com\/vi\/esg\/ethics\/\" class=\"elementor-item\" tabindex=\"-1\">Qu\u1ea3n l\u00fd theo nguy\u00ean t\u1eafc \u0111\u1ea1o \u0111\u1ee9c<\/a><\/li>\n<li class=\"menu-item menu-item-type-post_type menu-item-object-page menu-item-3569\"><a href=\"https:\/\/onrnc.com\/vi\/esg\/quality\/\" class=\"elementor-item\" tabindex=\"-1\">Qu\u1ea3n l\u00fd ch\u1ea5t l\u01b0\u1ee3ng<\/a><\/li>\n<\/ul>\t\t\t<\/nav>\n\t\t\t\t\t\t<\/div>\n\t\t\t\t<\/div>\n\t\t\t\t<\/div>\n\t\t<div class=\"elementor-element elementor-element-5405170 font e-flex e-con-boxed e-con e-parent\" data-id=\"5405170\" data-element_type=\"container\" data-settings=\"{&quot;jet_parallax_layout_list&quot;:[]}\">\n\t\t\t\t\t<div class=\"e-con-inner\">\n\t\t<div class=\"elementor-element elementor-element-9775996 e-con-full e-flex e-con e-child\" data-id=\"9775996\" data-element_type=\"container\" data-settings=\"{&quot;jet_parallax_layout_list&quot;:[]}\">\n\t\t\t\t<div class=\"elementor-element elementor-element-aae6621 elementor-widget__width-inherit elementor-widget elementor-widget-heading\" data-id=\"aae6621\" data-element_type=\"widget\" data-widget_type=\"heading.default\">\n\t\t\t\t<div class=\"elementor-widget-container\">\n\t\t\t\t\t<h3 class=\"elementor-heading-title elementor-size-default\">ESG Overview<\/h3>\t\t\t\t<\/div>\n\t\t\t\t<\/div>\n\t\t\t\t<div class=\"elementor-element elementor-element-73215f4 elementor-hidden-desktop elementor-hidden-tablet elementor-hidden-mobile elementor-invisible elementor-widget elementor-widget-text-editor\" data-id=\"73215f4\" data-element_type=\"widget\" data-settings=\"{&quot;_animation&quot;:&quot;fadeInUp&quot;}\" data-widget_type=\"text-editor.default\">\n\t\t\t\t<div class=\"elementor-widget-container\">\n\t\t\t\t\t\t\t\t\t<p>O.N VINA\ub294 O.N \uadf8\ub8f9\uc758 \uae00\ub85c\ubc8c \uc0dd\uc0b0 \uac70\uc810\uc73c\ub85c, <br class=\"br02\" \/>\ubca0\ud2b8\ub0a8 \ubc14\ub9ac\uc544-\ubd95\ub530\uc6b0(Ba Ria \u2013 Vung Tau) \uc9c0\uc5ed\uc5d0 \uc704\uce58\ud55c <strong>\uc815\ubc00 \uac00\uacf5 \ubc0f \ubaa8\ub4c8 \uc870\ub9bd \uc804\ubb38 \uacf5\uc7a5<\/strong>\uc785\ub2c8\ub2e4. <br class=\"brno\" \/>\uc774 \uacf5\uc7a5\uc740 \ubc18\ub3c4\uccb4, \ub514\uc2a4\ud50c\ub808\uc774, \uc758\ub8cc\uae30\uae30 \ub4f1 \ucca8\ub2e8 \uc0b0\uc5c5 \ubd84\uc57c\uc758 \ubd80\ud488 \ubc0f \uc7a5\ube44 \ubaa8\ub4c8\uc744 \uc0dd\uc0b0\ud558\uba70, <br class=\"br02\" \/>\uc815\ubc00 \ud310\uae08 \uac00\uacf5 \ubc0f \uc81c\uad00 \uad6c\uc870\ubb3c \uc6a9\uc811\uc758 \uc804\ubb38\uc131\uc744 \ubcf4\uc720\ud558\uc600\uace0, \uace0\uccad\uc815 \ud074\ub9b0\ub8f8 \ud658\uacbd\uc5d0\uc11c\uc758 \uc870\ub9bd \uc5ed\ub7c9\uc744 \uac16\ucd94\uace0 \uc788\uc2b5\ub2c8\ub2e4<\/p>\t\t\t\t\t\t\t\t<\/div>\n\t\t\t\t<\/div>\n\t\t\t\t<\/div>\n\t\t<div class=\"elementor-element elementor-element-2175039 e-con-full e-flex e-con e-child\" data-id=\"2175039\" data-element_type=\"container\" data-settings=\"{&quot;jet_parallax_layout_list&quot;:[]}\">\n\t\t<div class=\"elementor-element elementor-element-ede5181 e-con-full e-flex elementor-invisible e-con e-child\" data-id=\"ede5181\" data-element_type=\"container\" data-settings=\"{&quot;background_background&quot;:&quot;classic&quot;,&quot;jet_parallax_layout_list&quot;:[],&quot;animation&quot;:&quot;fadeInUp&quot;}\">\n\t\t<div class=\"elementor-element elementor-element-1bd0fe0 e-con-full e-flex e-con e-child\" data-id=\"1bd0fe0\" data-element_type=\"container\" data-settings=\"{&quot;jet_parallax_layout_list&quot;:[]}\">\n\t\t\t\t<div class=\"elementor-element elementor-element-bd40d0d elementor-widget elementor-widget-image\" data-id=\"bd40d0d\" data-element_type=\"widget\" data-widget_type=\"image.default\">\n\t\t\t\t<div class=\"elementor-widget-container\">\n\t\t\t\t\t\t\t\t\t\t\t\t\t\t\t<img fetchpriority=\"high\" decoding=\"async\" width=\"650\" height=\"366\" src=\"https:\/\/onrnc.com\/wp-content\/uploads\/2025\/11\/ESG01.jpg\" class=\"attachment-full size-full wp-image-3844\" alt=\"\" srcset=\"https:\/\/onrnc.com\/wp-content\/uploads\/2025\/11\/ESG01.jpg 650w, https:\/\/onrnc.com\/wp-content\/uploads\/2025\/11\/ESG01-300x169.jpg 300w\" sizes=\"(max-width: 650px) 100vw, 650px\" \/>\t\t\t\t\t\t\t\t\t\t\t\t\t\t\t<\/div>\n\t\t\t\t<\/div>\n\t\t\t\t<\/div>\n\t\t<div class=\"elementor-element elementor-element-75101c7 e-con-full e-flex e-con e-child\" data-id=\"75101c7\" data-element_type=\"container\" data-settings=\"{&quot;jet_parallax_layout_list&quot;:[]}\">\n\t\t\t\t<div class=\"elementor-element elementor-element-8b819a4 elementor-widget elementor-widget-heading\" data-id=\"8b819a4\" data-element_type=\"widget\" data-widget_type=\"heading.default\">\n\t\t\t\t<div class=\"elementor-widget-container\">\n\t\t\t\t\t<h4 class=\"elementor-heading-title elementor-size-default\">Environment<\/h4>\t\t\t\t<\/div>\n\t\t\t\t<\/div>\n\t\t\t\t<div class=\"elementor-element elementor-element-188bf6f elementor-widget__width-inherit elementor-widget elementor-widget-text-editor\" data-id=\"188bf6f\" data-element_type=\"widget\" data-widget_type=\"text-editor.default\">\n\t\t\t\t<div class=\"elementor-widget-container\">\n\t\t\t\t\t\t\t\t\tN\u00e2ng cao hi\u1ec7u qu\u1ea3 n\u0103ng l\u01b0\u1ee3ng v\u00e0 gi\u1ea3m ph\u00e1t th\u1ea3i carbon. <br class=\"br02\" \/>\u1ee8ng d\u1ee5ng v\u00e0 ph\u00e1t tri\u1ec3n s\u1ea3n ph\u1ea9m th\u00e2n thi\u1ec7n v\u1edbi m\u00f4i tr\u01b0\u1eddng b\u1ec1n v\u1eefng.\t\t\t\t\t\t\t\t<\/div>\n\t\t\t\t<\/div>\n\t\t\t\t<\/div>\n\t\t\t\t<\/div>\n\t\t<div class=\"elementor-element elementor-element-c068bcd e-con-full e-flex elementor-invisible e-con e-child\" data-id=\"c068bcd\" data-element_type=\"container\" data-settings=\"{&quot;background_background&quot;:&quot;classic&quot;,&quot;jet_parallax_layout_list&quot;:[],&quot;animation&quot;:&quot;fadeInUp&quot;}\">\n\t\t<div class=\"elementor-element elementor-element-5a46d43 e-con-full e-flex e-con e-child\" data-id=\"5a46d43\" data-element_type=\"container\" data-settings=\"{&quot;jet_parallax_layout_list&quot;:[]}\">\n\t\t\t\t<div class=\"elementor-element elementor-element-a81e106 elementor-widget elementor-widget-image\" data-id=\"a81e106\" data-element_type=\"widget\" data-widget_type=\"image.default\">\n\t\t\t\t<div class=\"elementor-widget-container\">\n\t\t\t\t\t\t\t\t\t\t\t\t\t\t\t<img decoding=\"async\" width=\"650\" height=\"366\" src=\"https:\/\/onrnc.com\/wp-content\/uploads\/2025\/11\/ESG03.jpg\" class=\"attachment-full size-full wp-image-3842\" alt=\"\" srcset=\"https:\/\/onrnc.com\/wp-content\/uploads\/2025\/11\/ESG03.jpg 650w, https:\/\/onrnc.com\/wp-content\/uploads\/2025\/11\/ESG03-300x169.jpg 300w\" sizes=\"(max-width: 650px) 100vw, 650px\" \/>\t\t\t\t\t\t\t\t\t\t\t\t\t\t\t<\/div>\n\t\t\t\t<\/div>\n\t\t\t\t<\/div>\n\t\t<div class=\"elementor-element elementor-element-dba4a45 e-con-full e-flex e-con e-child\" data-id=\"dba4a45\" data-element_type=\"container\" data-settings=\"{&quot;jet_parallax_layout_list&quot;:[]}\">\n\t\t\t\t<div class=\"elementor-element elementor-element-1ea742d elementor-widget elementor-widget-heading\" data-id=\"1ea742d\" data-element_type=\"widget\" data-widget_type=\"heading.default\">\n\t\t\t\t<div class=\"elementor-widget-container\">\n\t\t\t\t\t<h4 class=\"elementor-heading-title elementor-size-default\">Tr\u00e1ch nhi\u1ec7m x\u00e3 h\u1ed9i <\/h4>\t\t\t\t<\/div>\n\t\t\t\t<\/div>\n\t\t\t\t<div class=\"elementor-element elementor-element-18d179b elementor-widget elementor-widget-heading\" data-id=\"18d179b\" data-element_type=\"widget\" data-widget_type=\"heading.default\">\n\t\t\t\t<div class=\"elementor-widget-container\">\n\t\t\t\t\t<h5 class=\"elementor-heading-title elementor-size-default\">Social<\/h5>\t\t\t\t<\/div>\n\t\t\t\t<\/div>\n\t\t\t\t<div class=\"elementor-element elementor-element-7c5532f elementor-widget__width-inherit elementor-widget elementor-widget-text-editor\" data-id=\"7c5532f\" data-element_type=\"widget\" data-widget_type=\"text-editor.default\">\n\t\t\t\t<div class=\"elementor-widget-container\">\n\t\t\t\t\t\t\t\t\tS\u1ef1 quan t\u00e2m v\u00e0 b\u1ea3o v\u1ec7 v\u00ec m\u1ed9t x\u00e3 h\u1ed9i c\u00f9ng ph\u00e1t tri\u1ec3n. <br class=\"br02\" \/>B\u1ed3i d\u01b0\u1ee1ng v\u00e0 ph\u00e1t tri\u1ec3n n\u0103ng l\u1ef1c cho nh\u00e2n t\u00e0i t\u01b0\u01a1ng lai. <br class=\"br02\" \/>Th\u1ef1c hi\u1ec7n giao d\u1ecbch c\u00f4ng b\u1eb1ng d\u1ef1a tr\u00ean s\u1ef1 tin c\u1eady.\t\t\t\t\t\t\t\t<\/div>\n\t\t\t\t<\/div>\n\t\t\t\t<\/div>\n\t\t\t\t<\/div>\n\t\t<div class=\"elementor-element elementor-element-a8a25d8 e-con-full e-flex elementor-invisible e-con e-child\" data-id=\"a8a25d8\" data-element_type=\"container\" data-settings=\"{&quot;background_background&quot;:&quot;classic&quot;,&quot;jet_parallax_layout_list&quot;:[],&quot;animation&quot;:&quot;fadeInUp&quot;}\">\n\t\t<div class=\"elementor-element elementor-element-5e0cb3c e-con-full e-flex e-con e-child\" data-id=\"5e0cb3c\" data-element_type=\"container\" data-settings=\"{&quot;jet_parallax_layout_list&quot;:[]}\">\n\t\t\t\t<div class=\"elementor-element elementor-element-74cf690 elementor-widget elementor-widget-image\" data-id=\"74cf690\" data-element_type=\"widget\" data-widget_type=\"image.default\">\n\t\t\t\t<div class=\"elementor-widget-container\">\n\t\t\t\t\t\t\t\t\t\t\t\t\t\t\t<img decoding=\"async\" width=\"650\" height=\"366\" src=\"https:\/\/onrnc.com\/wp-content\/uploads\/2025\/11\/ESG02.jpg\" class=\"attachment-full size-full wp-image-3843\" alt=\"\" srcset=\"https:\/\/onrnc.com\/wp-content\/uploads\/2025\/11\/ESG02.jpg 650w, https:\/\/onrnc.com\/wp-content\/uploads\/2025\/11\/ESG02-300x169.jpg 300w\" sizes=\"(max-width: 650px) 100vw, 650px\" \/>\t\t\t\t\t\t\t\t\t\t\t\t\t\t\t<\/div>\n\t\t\t\t<\/div>\n\t\t\t\t<\/div>\n\t\t<div class=\"elementor-element elementor-element-a26ced1 e-con-full e-flex e-con e-child\" data-id=\"a26ced1\" data-element_type=\"container\" data-settings=\"{&quot;jet_parallax_layout_list&quot;:[]}\">\n\t\t\t\t<div class=\"elementor-element elementor-element-7820b75 elementor-widget elementor-widget-heading\" data-id=\"7820b75\" data-element_type=\"widget\" data-widget_type=\"heading.default\">\n\t\t\t\t<div class=\"elementor-widget-container\">\n\t\t\t\t\t<h4 class=\"elementor-heading-title elementor-size-default\">Qu\u1ea3n tr\u1ecb doanh nghi\u1ec7p <\/h4>\t\t\t\t<\/div>\n\t\t\t\t<\/div>\n\t\t\t\t<div class=\"elementor-element elementor-element-d3ba861 elementor-widget elementor-widget-heading\" data-id=\"d3ba861\" data-element_type=\"widget\" data-widget_type=\"heading.default\">\n\t\t\t\t<div class=\"elementor-widget-container\">\n\t\t\t\t\t<h5 class=\"elementor-heading-title elementor-size-default\">Governance<\/h5>\t\t\t\t<\/div>\n\t\t\t\t<\/div>\n\t\t\t\t<div class=\"elementor-element elementor-element-dcf2f0e elementor-widget__width-inherit elementor-widget elementor-widget-text-editor\" data-id=\"dcf2f0e\" data-element_type=\"widget\" data-widget_type=\"text-editor.default\">\n\t\t\t\t<div class=\"elementor-widget-container\">\n\t\t\t\t\t\t\t\t\tV\u0103n h\u00f3a doanh nghi\u1ec7p t\u00f4n tr\u1ecdng c\u00e1c gi\u00e1 tr\u1ecb \u0111\u1ea1o \u0111\u1ee9c. <br class=\"br02\" \/>H\u1ec7 th\u1ed1ng qu\u1ea3n tr\u1ecb minh b\u1ea1ch v\u00e0 c\u00f3 tr\u00e1ch nhi\u1ec7m. <br class=\"br02\" \/>V\u1eadn h\u00e0nh h\u1ed9i \u0111\u1ed3ng qu\u1ea3n tr\u1ecb v\u1edbi t\u00ednh chuy\u00ean m\u00f4n v\u00e0 \u0111\u1ed9c l\u1eadp.\t\t\t\t\t\t\t\t<\/div>\n\t\t\t\t<\/div>\n\t\t\t\t<\/div>\n\t\t\t\t<\/div>\n\t\t\t\t<\/div>\n\t\t\t\t\t<\/div>\n\t\t\t\t<\/div>\n\t\t\t\t<\/div>\n\t\t","protected":false},"excerpt":{"rendered":"<p>ESG ESG Overview O.N VINA\ub294 O.N \uadf8\ub8f9\uc758 \uae00\ub85c\ubc8c \uc0dd\uc0b0 \uac70\uc810\uc73c\ub85c, \ubca0\ud2b8\ub0a8 \ubc14\ub9ac\uc544-\ubd95\ub530\uc6b0(Ba Ria \u2013 Vung Tau) \uc9c0\uc5ed\uc5d0 \uc704\uce58\ud55c \uc815\ubc00 \uac00\uacf5 \ubc0f \ubaa8\ub4c8 \uc870\ub9bd \uc804\ubb38 \uacf5\uc7a5\uc785\ub2c8\ub2e4. \uc774 \uacf5\uc7a5\uc740 \ubc18\ub3c4\uccb4, \ub514\uc2a4\ud50c\ub808\uc774, \uc758\ub8cc\uae30\uae30 \ub4f1 \ucca8\ub2e8 \uc0b0\uc5c5 \ubd84\uc57c\uc758 \ubd80\ud488 \ubc0f \uc7a5\ube44 \ubaa8\ub4c8\uc744 \uc0dd\uc0b0\ud558\uba70, \uc815\ubc00 \ud310\uae08 \uac00\uacf5 \ubc0f \uc81c\uad00 \uad6c\uc870\ubb3c \uc6a9\uc811\uc758 \uc804\ubb38\uc131\uc744 \ubcf4\uc720\ud558\uc600\uace0, \uace0\uccad\uc815 \ud074\ub9b0\ub8f8 \ud658\uacbd\uc5d0\uc11c\uc758 \uc870\ub9bd \uc5ed\ub7c9\uc744 \uac16\ucd94\uace0 \uc788\uc2b5\ub2c8\ub2e4 [&hellip;]<\/p>\n","protected":false},"author":1,"featured_media":0,"parent":3494,"menu_order":1,"comment_status":"closed","ping_status":"closed","template":"","meta":{"_acf_changed":false,"footnotes":""},"class_list":["post-3495","page","type-page","status-publish","hentry"],"acf":[],"_links":{"self":[{"href":"https:\/\/onrnc.com\/vi\/wp-json\/wp\/v2\/pages\/3495","targetHints":{"allow":["GET"]}}],"collection":[{"href":"https:\/\/onrnc.com\/vi\/wp-json\/wp\/v2\/pages"}],"about":[{"href":"https:\/\/onrnc.com\/vi\/wp-json\/wp\/v2\/types\/page"}],"author":[{"embeddable":true,"href":"https:\/\/onrnc.com\/vi\/wp-json\/wp\/v2\/users\/1"}],"replies":[{"embeddable":true,"href":"https:\/\/onrnc.com\/vi\/wp-json\/wp\/v2\/comments?post=3495"}],"version-history":[{"count":4,"href":"https:\/\/onrnc.com\/vi\/wp-json\/wp\/v2\/pages\/3495\/revisions"}],"predecessor-version":[{"id":4127,"href":"https:\/\/onrnc.com\/vi\/wp-json\/wp\/v2\/pages\/3495\/revisions\/4127"}],"up":[{"embeddable":true,"href":"https:\/\/onrnc.com\/vi\/wp-json\/wp\/v2\/pages\/3494"}],"wp:attachment":[{"href":"https:\/\/onrnc.com\/vi\/wp-json\/wp\/v2\/media?parent=3495"}],"curies":[{"name":"wp","href":"https:\/\/api.w.org\/{rel}","templated":true}]}}