{"id":3497,"date":"2025-11-12T02:24:55","date_gmt":"2025-11-11T17:24:55","guid":{"rendered":"https:\/\/onrnc.com\/esg\/environment\/"},"modified":"2026-01-08T13:38:23","modified_gmt":"2026-01-08T04:38:23","slug":"environment","status":"publish","type":"page","link":"https:\/\/onrnc.com\/vi\/esg\/environment\/","title":{"rendered":"Qu\u1ea3n l\u00fd m\u00f4i tr\u01b0\u1eddng"},"content":{"rendered":"\t\t<div data-elementor-type=\"wp-page\" data-elementor-id=\"3497\" class=\"elementor elementor-3497 elementor-1985\" data-elementor-post-type=\"page\">\n\t\t\t\t<div class=\"elementor-element elementor-element-6b33dcb e-con-full font e-flex e-con e-parent\" data-id=\"6b33dcb\" data-element_type=\"container\" data-settings=\"{&quot;background_background&quot;:&quot;classic&quot;,&quot;jet_parallax_layout_list&quot;:[]}\">\n\t\t\t\t<div class=\"elementor-element elementor-element-4abe12c elementor-widget elementor-widget-heading\" data-id=\"4abe12c\" data-element_type=\"widget\" data-widget_type=\"heading.default\">\n\t\t\t\t<div class=\"elementor-widget-container\">\n\t\t\t\t\t<h2 class=\"elementor-heading-title elementor-size-default\">ESG<\/h2>\t\t\t\t<\/div>\n\t\t\t\t<\/div>\n\t\t\t\t<div class=\"elementor-element elementor-element-868fded elementor-nav-menu--dropdown-none elementor-absolute sub-menu elementor-hidden-mobile elementor-widget elementor-widget-nav-menu\" data-id=\"868fded\" data-element_type=\"widget\" data-settings=\"{&quot;submenu_icon&quot;:{&quot;value&quot;:&quot;&lt;i class=\\&quot;\\&quot;&gt;&lt;\\\/i&gt;&quot;,&quot;library&quot;:&quot;&quot;},&quot;_position&quot;:&quot;absolute&quot;,&quot;layout&quot;:&quot;horizontal&quot;}\" data-widget_type=\"nav-menu.default\">\n\t\t\t\t<div class=\"elementor-widget-container\">\n\t\t\t\t\t\t\t\t<nav aria-label=\"Menu\" class=\"elementor-nav-menu--main elementor-nav-menu__container elementor-nav-menu--layout-horizontal e--pointer-none\">\n\t\t\t\t<ul id=\"menu-1-868fded\" class=\"elementor-nav-menu\"><li class=\"menu-item menu-item-type-post_type menu-item-object-page menu-item-3565\"><a href=\"https:\/\/onrnc.com\/vi\/esg\/esg-overview\/\" class=\"elementor-item\">ESG Overview<\/a><\/li>\n<li class=\"menu-item menu-item-type-post_type menu-item-object-page menu-item-3566\"><a href=\"https:\/\/onrnc.com\/vi\/esg\/environment\/\" class=\"elementor-item\">Qu\u1ea3n l\u00fd m\u00f4i tr\u01b0\u1eddng<\/a><\/li>\n<li class=\"menu-item menu-item-type-post_type menu-item-object-page menu-item-3567\"><a href=\"https:\/\/onrnc.com\/vi\/esg\/society\/\" class=\"elementor-item\">X\u00e3 h\u1ed9i \u2013 Tr\u00e1ch nhi\u1ec7m x\u00e3 h\u1ed9i.<\/a><\/li>\n<li class=\"menu-item menu-item-type-post_type menu-item-object-page menu-item-3568\"><a href=\"https:\/\/onrnc.com\/vi\/esg\/ethics\/\" class=\"elementor-item\">Qu\u1ea3n l\u00fd theo nguy\u00ean t\u1eafc \u0111\u1ea1o \u0111\u1ee9c<\/a><\/li>\n<li class=\"menu-item menu-item-type-post_type menu-item-object-page menu-item-3569\"><a href=\"https:\/\/onrnc.com\/vi\/esg\/quality\/\" class=\"elementor-item\">Qu\u1ea3n l\u00fd ch\u1ea5t l\u01b0\u1ee3ng<\/a><\/li>\n<\/ul>\t\t\t<\/nav>\n\t\t\t\t\t\t<nav class=\"elementor-nav-menu--dropdown elementor-nav-menu__container\" aria-hidden=\"true\">\n\t\t\t\t<ul id=\"menu-2-868fded\" class=\"elementor-nav-menu\"><li class=\"menu-item menu-item-type-post_type menu-item-object-page menu-item-3565\"><a href=\"https:\/\/onrnc.com\/vi\/esg\/esg-overview\/\" class=\"elementor-item\" tabindex=\"-1\">ESG Overview<\/a><\/li>\n<li class=\"menu-item menu-item-type-post_type menu-item-object-page menu-item-3566\"><a href=\"https:\/\/onrnc.com\/vi\/esg\/environment\/\" class=\"elementor-item\" tabindex=\"-1\">Qu\u1ea3n l\u00fd m\u00f4i tr\u01b0\u1eddng<\/a><\/li>\n<li class=\"menu-item menu-item-type-post_type menu-item-object-page menu-item-3567\"><a href=\"https:\/\/onrnc.com\/vi\/esg\/society\/\" class=\"elementor-item\" tabindex=\"-1\">X\u00e3 h\u1ed9i \u2013 Tr\u00e1ch nhi\u1ec7m x\u00e3 h\u1ed9i.<\/a><\/li>\n<li class=\"menu-item menu-item-type-post_type menu-item-object-page menu-item-3568\"><a href=\"https:\/\/onrnc.com\/vi\/esg\/ethics\/\" class=\"elementor-item\" tabindex=\"-1\">Qu\u1ea3n l\u00fd theo nguy\u00ean t\u1eafc \u0111\u1ea1o \u0111\u1ee9c<\/a><\/li>\n<li class=\"menu-item menu-item-type-post_type menu-item-object-page menu-item-3569\"><a href=\"https:\/\/onrnc.com\/vi\/esg\/quality\/\" class=\"elementor-item\" tabindex=\"-1\">Qu\u1ea3n l\u00fd ch\u1ea5t l\u01b0\u1ee3ng<\/a><\/li>\n<\/ul>\t\t\t<\/nav>\n\t\t\t\t\t\t<\/div>\n\t\t\t\t<\/div>\n\t\t\t\t<\/div>\n\t\t<div class=\"elementor-element elementor-element-5405170 font e-flex e-con-boxed e-con e-parent\" data-id=\"5405170\" data-element_type=\"container\" data-settings=\"{&quot;jet_parallax_layout_list&quot;:[]}\">\n\t\t\t\t\t<div class=\"e-con-inner\">\n\t\t<div class=\"elementor-element elementor-element-9775996 e-con-full e-flex e-con e-child\" data-id=\"9775996\" data-element_type=\"container\" data-settings=\"{&quot;jet_parallax_layout_list&quot;:[]}\">\n\t\t\t\t<div class=\"elementor-element elementor-element-aae6621 elementor-widget__width-inherit elementor-widget elementor-widget-heading\" data-id=\"aae6621\" data-element_type=\"widget\" data-widget_type=\"heading.default\">\n\t\t\t\t<div class=\"elementor-widget-container\">\n\t\t\t\t\t<h3 class=\"elementor-heading-title elementor-size-default\">Qu\u1ea3n l\u00fd m\u00f4i tr\u01b0\u1eddng<\/h3>\t\t\t\t<\/div>\n\t\t\t\t<\/div>\n\t\t\t\t<div class=\"elementor-element elementor-element-73215f4 elementor-hidden-desktop elementor-hidden-tablet elementor-hidden-mobile elementor-invisible elementor-widget elementor-widget-text-editor\" data-id=\"73215f4\" data-element_type=\"widget\" data-settings=\"{&quot;_animation&quot;:&quot;fadeInUp&quot;}\" data-widget_type=\"text-editor.default\">\n\t\t\t\t<div class=\"elementor-widget-container\">\n\t\t\t\t\t\t\t\t\t<p>O.N VINA\ub294 O.N \uadf8\ub8f9\uc758 \uae00\ub85c\ubc8c \uc0dd\uc0b0 \uac70\uc810\uc73c\ub85c, <br class=\"br02\" \/>\ubca0\ud2b8\ub0a8 \ubc14\ub9ac\uc544-\ubd95\ub530\uc6b0(Ba Ria \u2013 Vung Tau) \uc9c0\uc5ed\uc5d0 \uc704\uce58\ud55c <strong>\uc815\ubc00 \uac00\uacf5 \ubc0f \ubaa8\ub4c8 \uc870\ub9bd \uc804\ubb38 \uacf5\uc7a5<\/strong>\uc785\ub2c8\ub2e4. <br class=\"brno\" \/>\uc774 \uacf5\uc7a5\uc740 \ubc18\ub3c4\uccb4, \ub514\uc2a4\ud50c\ub808\uc774, \uc758\ub8cc\uae30\uae30 \ub4f1 \ucca8\ub2e8 \uc0b0\uc5c5 \ubd84\uc57c\uc758 \ubd80\ud488 \ubc0f \uc7a5\ube44 \ubaa8\ub4c8\uc744 \uc0dd\uc0b0\ud558\uba70, <br class=\"br02\" \/>\uc815\ubc00 \ud310\uae08 \uac00\uacf5 \ubc0f \uc81c\uad00 \uad6c\uc870\ubb3c \uc6a9\uc811\uc758 \uc804\ubb38\uc131\uc744 \ubcf4\uc720\ud558\uc600\uace0, \uace0\uccad\uc815 \ud074\ub9b0\ub8f8 \ud658\uacbd\uc5d0\uc11c\uc758 \uc870\ub9bd \uc5ed\ub7c9\uc744 \uac16\ucd94\uace0 \uc788\uc2b5\ub2c8\ub2e4<\/p>\t\t\t\t\t\t\t\t<\/div>\n\t\t\t\t<\/div>\n\t\t\t\t<\/div>\n\t\t<div class=\"elementor-element elementor-element-2175039 e-con-full e-flex e-con e-child\" data-id=\"2175039\" data-element_type=\"container\" data-settings=\"{&quot;jet_parallax_layout_list&quot;:[]}\">\n\t\t<div class=\"elementor-element elementor-element-ede5181 e-con-full e-flex elementor-invisible e-con e-child\" data-id=\"ede5181\" data-element_type=\"container\" data-settings=\"{&quot;jet_parallax_layout_list&quot;:[],&quot;animation&quot;:&quot;fadeIn&quot;}\">\n\t\t<div class=\"elementor-element elementor-element-1bd0fe0 e-con-full e-flex e-con e-child\" data-id=\"1bd0fe0\" data-element_type=\"container\" data-settings=\"{&quot;jet_parallax_layout_list&quot;:[],&quot;background_background&quot;:&quot;classic&quot;}\">\n\t\t\t\t<div class=\"elementor-element elementor-element-bd40d0d elementor-widget elementor-widget-image\" data-id=\"bd40d0d\" data-element_type=\"widget\" data-widget_type=\"image.default\">\n\t\t\t\t<div class=\"elementor-widget-container\">\n\t\t\t\t\t\t\t\t\t\t\t\t\t\t\t<img fetchpriority=\"high\" decoding=\"async\" width=\"470\" height=\"339\" src=\"https:\/\/onrnc.com\/wp-content\/uploads\/2025\/11\/ESG04.png\" class=\"attachment-full size-full wp-image-3849\" alt=\"\" srcset=\"https:\/\/onrnc.com\/wp-content\/uploads\/2025\/11\/ESG04.png 470w, https:\/\/onrnc.com\/wp-content\/uploads\/2025\/11\/ESG04-300x216.png 300w\" sizes=\"(max-width: 470px) 100vw, 470px\" \/>\t\t\t\t\t\t\t\t\t\t\t\t\t\t\t<\/div>\n\t\t\t\t<\/div>\n\t\t\t\t<\/div>\n\t\t<div class=\"elementor-element elementor-element-75101c7 e-con-full e-flex e-con e-child\" data-id=\"75101c7\" data-element_type=\"container\" data-settings=\"{&quot;jet_parallax_layout_list&quot;:[]}\">\n\t\t\t\t<div class=\"elementor-element elementor-element-081b059 elementor-align-center elementor-widget__width-inherit elementor-icon-list--layout-traditional elementor-list-item-link-full_width elementor-invisible elementor-widget elementor-widget-icon-list\" data-id=\"081b059\" data-element_type=\"widget\" data-settings=\"{&quot;_animation&quot;:&quot;fadeIn&quot;}\" data-widget_type=\"icon-list.default\">\n\t\t\t\t<div class=\"elementor-widget-container\">\n\t\t\t\t\t\t\t<ul class=\"elementor-icon-list-items\">\n\t\t\t\t\t\t\t<li class=\"elementor-icon-list-item\">\n\t\t\t\t\t\t\t\t\t\t\t<span class=\"elementor-icon-list-icon\">\n\t\t\t\t\t\t\t<svg aria-hidden=\"true\" class=\"e-font-icon-svg e-fas-circle\" viewBox=\"0 0 512 512\" xmlns=\"http:\/\/www.w3.org\/2000\/svg\"><path d=\"M256 8C119 8 8 119 8 256s111 248 248 248 248-111 248-248S393 8 256 8z\"><\/path><\/svg>\t\t\t\t\t\t<\/span>\n\t\t\t\t\t\t\t\t\t\t<span class=\"elementor-icon-list-text\">An to\u00e0n & Ph\u00f2ng ng\u1eeba r\u1ee7i ro<\/span>\n\t\t\t\t\t\t\t\t\t<\/li>\n\t\t\t\t\t\t<\/ul>\n\t\t\t\t\t\t<\/div>\n\t\t\t\t<\/div>\n\t\t\t\t<div class=\"elementor-element elementor-element-188bf6f elementor-widget__width-inherit elementor-widget elementor-widget-text-editor\" data-id=\"188bf6f\" data-element_type=\"widget\" data-widget_type=\"text-editor.default\">\n\t\t\t\t<div class=\"elementor-widget-container\">\n\t\t\t\t\t\t\t\t\tT\u1eeb khi th\u00e0nh l\u1eadp, ch\u00fang t\u00f4i lu\u00f4n \u01b0u ti\u00ean qu\u1ea3n l\u00fd an to\u00e0n li\u00ean t\u1ee5c v\u00e0 n\u1ed7 l\u1ef1c h\u1ebft m\u00ecnh \u0111\u1ec3 ph\u00f2ng ng\u1eeba r\u1ee7i ro v\u00e0 tai n\u1ea1n.\t\t\t\t\t\t\t\t<\/div>\n\t\t\t\t<\/div>\n\t\t\t\t<\/div>\n\t\t\t\t<\/div>\n\t\t<div class=\"elementor-element elementor-element-e5c652a e-con-full e-flex elementor-invisible e-con e-child\" data-id=\"e5c652a\" data-element_type=\"container\" data-settings=\"{&quot;jet_parallax_layout_list&quot;:[],&quot;animation&quot;:&quot;fadeIn&quot;}\">\n\t\t<div class=\"elementor-element elementor-element-493395e e-con-full e-flex e-con e-child\" data-id=\"493395e\" data-element_type=\"container\" data-settings=\"{&quot;jet_parallax_layout_list&quot;:[],&quot;background_background&quot;:&quot;classic&quot;}\">\n\t\t\t\t<div class=\"elementor-element elementor-element-654e119 elementor-widget elementor-widget-image\" data-id=\"654e119\" data-element_type=\"widget\" data-widget_type=\"image.default\">\n\t\t\t\t<div class=\"elementor-widget-container\">\n\t\t\t\t\t\t\t\t\t\t\t\t\t\t\t<img decoding=\"async\" width=\"470\" height=\"325\" src=\"https:\/\/onrnc.com\/wp-content\/uploads\/2025\/11\/ESG05.png\" class=\"attachment-full size-full wp-image-3848\" alt=\"\" srcset=\"https:\/\/onrnc.com\/wp-content\/uploads\/2025\/11\/ESG05.png 470w, https:\/\/onrnc.com\/wp-content\/uploads\/2025\/11\/ESG05-300x207.png 300w\" sizes=\"(max-width: 470px) 100vw, 470px\" \/>\t\t\t\t\t\t\t\t\t\t\t\t\t\t\t<\/div>\n\t\t\t\t<\/div>\n\t\t\t\t<\/div>\n\t\t<div class=\"elementor-element elementor-element-0aa1dc4 e-con-full e-flex e-con e-child\" data-id=\"0aa1dc4\" data-element_type=\"container\" data-settings=\"{&quot;jet_parallax_layout_list&quot;:[]}\">\n\t\t\t\t<div class=\"elementor-element elementor-element-983985e elementor-align-center elementor-widget__width-inherit elementor-icon-list--layout-traditional elementor-list-item-link-full_width elementor-invisible elementor-widget elementor-widget-icon-list\" data-id=\"983985e\" data-element_type=\"widget\" data-settings=\"{&quot;_animation&quot;:&quot;fadeIn&quot;}\" data-widget_type=\"icon-list.default\">\n\t\t\t\t<div class=\"elementor-widget-container\">\n\t\t\t\t\t\t\t<ul class=\"elementor-icon-list-items\">\n\t\t\t\t\t\t\t<li class=\"elementor-icon-list-item\">\n\t\t\t\t\t\t\t\t\t\t\t<span class=\"elementor-icon-list-icon\">\n\t\t\t\t\t\t\t<svg aria-hidden=\"true\" class=\"e-font-icon-svg e-fas-circle\" viewBox=\"0 0 512 512\" xmlns=\"http:\/\/www.w3.org\/2000\/svg\"><path d=\"M256 8C119 8 8 119 8 256s111 248 248 248 248-111 248-248S393 8 256 8z\"><\/path><\/svg>\t\t\t\t\t\t<\/span>\n\t\t\t\t\t\t\t\t\t\t<span class=\"elementor-icon-list-text\">\u0110\u1ea1t ch\u1ee9ng nh\u1eadn ISO 45001.<\/span>\n\t\t\t\t\t\t\t\t\t<\/li>\n\t\t\t\t\t\t<\/ul>\n\t\t\t\t\t\t<\/div>\n\t\t\t\t<\/div>\n\t\t\t\t<div class=\"elementor-element elementor-element-472223a elementor-widget__width-inherit elementor-widget elementor-widget-text-editor\" data-id=\"472223a\" data-element_type=\"widget\" data-widget_type=\"text-editor.default\">\n\t\t\t\t<div class=\"elementor-widget-container\">\n\t\t\t\t\t\t\t\t\tCh\u00fang t\u00f4i \u0111\u00e3 \u0111\u1ea1t ch\u1ee9ng nh\u1eadn ISO 45001 \u2013 ti\u00eau chu\u1ea9n qu\u1ed1c t\u1ebf v\u1ec1 h\u1ec7 th\u1ed1ng qu\u1ea3n l\u00fd an to\u00e0n v\u00e0 s\u1ee9c kh\u1ecfe ngh\u1ec1 nghi\u1ec7p, qua \u0111\u00f3 x\u00e2y d\u1ef1ng m\u1ed9t h\u1ec7 th\u1ed1ng qu\u1ea3n l\u00fd l\u1ea5y s\u1ef1 an to\u00e0n v\u00e0 s\u1ee9c kh\u1ecfe c\u1ee7a c\u00e1n b\u1ed9 nh\u00e2n vi\u00ean l\u00e0m \u01b0u ti\u00ean h\u00e0ng \u0111\u1ea7u.\t\t\t\t\t\t\t\t<\/div>\n\t\t\t\t<\/div>\n\t\t\t\t<\/div>\n\t\t\t\t<\/div>\n\t\t<div class=\"elementor-element elementor-element-9999ed9 e-con-full e-flex elementor-invisible e-con e-child\" data-id=\"9999ed9\" data-element_type=\"container\" data-settings=\"{&quot;jet_parallax_layout_list&quot;:[],&quot;animation&quot;:&quot;fadeIn&quot;}\">\n\t\t<div class=\"elementor-element elementor-element-88dbb01 e-con-full e-flex e-con e-child\" data-id=\"88dbb01\" data-element_type=\"container\" data-settings=\"{&quot;jet_parallax_layout_list&quot;:[],&quot;background_background&quot;:&quot;classic&quot;}\">\n\t\t\t\t<div class=\"elementor-element elementor-element-6d9e8af elementor-widget elementor-widget-image\" data-id=\"6d9e8af\" data-element_type=\"widget\" data-widget_type=\"image.default\">\n\t\t\t\t<div class=\"elementor-widget-container\">\n\t\t\t\t\t\t\t\t\t\t\t\t\t\t\t<img decoding=\"async\" width=\"470\" height=\"325\" src=\"https:\/\/onrnc.com\/wp-content\/uploads\/2025\/11\/ESG06.png\" class=\"attachment-full size-full wp-image-3847\" alt=\"\" srcset=\"https:\/\/onrnc.com\/wp-content\/uploads\/2025\/11\/ESG06.png 470w, https:\/\/onrnc.com\/wp-content\/uploads\/2025\/11\/ESG06-300x207.png 300w\" sizes=\"(max-width: 470px) 100vw, 470px\" \/>\t\t\t\t\t\t\t\t\t\t\t\t\t\t\t<\/div>\n\t\t\t\t<\/div>\n\t\t\t\t<\/div>\n\t\t<div class=\"elementor-element elementor-element-ea7fac1 e-con-full e-flex e-con e-child\" data-id=\"ea7fac1\" data-element_type=\"container\" data-settings=\"{&quot;jet_parallax_layout_list&quot;:[]}\">\n\t\t\t\t<div class=\"elementor-element elementor-element-b220a06 elementor-align-center elementor-widget__width-inherit elementor-icon-list--layout-traditional elementor-list-item-link-full_width elementor-invisible elementor-widget elementor-widget-icon-list\" data-id=\"b220a06\" data-element_type=\"widget\" data-settings=\"{&quot;_animation&quot;:&quot;fadeIn&quot;}\" data-widget_type=\"icon-list.default\">\n\t\t\t\t<div class=\"elementor-widget-container\">\n\t\t\t\t\t\t\t<ul class=\"elementor-icon-list-items\">\n\t\t\t\t\t\t\t<li class=\"elementor-icon-list-item\">\n\t\t\t\t\t\t\t\t\t\t\t<span class=\"elementor-icon-list-icon\">\n\t\t\t\t\t\t\t<svg aria-hidden=\"true\" class=\"e-font-icon-svg e-fas-circle\" viewBox=\"0 0 512 512\" xmlns=\"http:\/\/www.w3.org\/2000\/svg\"><path d=\"M256 8C119 8 8 119 8 256s111 248 248 248 248-111 248-248S393 8 256 8z\"><\/path><\/svg>\t\t\t\t\t\t<\/span>\n\t\t\t\t\t\t\t\t\t\t<span class=\"elementor-icon-list-text\">\u0110\u1ea1t ch\u1ee9ng nh\u1eadn ISO 14001.<\/span>\n\t\t\t\t\t\t\t\t\t<\/li>\n\t\t\t\t\t\t<\/ul>\n\t\t\t\t\t\t<\/div>\n\t\t\t\t<\/div>\n\t\t\t\t<div class=\"elementor-element elementor-element-3cdbc8c elementor-widget__width-inherit elementor-widget elementor-widget-text-editor\" data-id=\"3cdbc8c\" data-element_type=\"widget\" data-widget_type=\"text-editor.default\">\n\t\t\t\t<div class=\"elementor-widget-container\">\n\t\t\t\t\t\t\t\t\tCh\u00fang t\u00f4i \u0111\u00e3 \u0111\u1ea1t \u0111\u01b0\u1ee3c ch\u1ee9ng nh\u1eadn ISO 14001, ti\u00eau chu\u1ea9n qu\u1ed1c t\u1ebf v\u1ec1 h\u1ec7 th\u1ed1ng qu\u1ea3n l\u00fd m\u00f4i tr\u01b0\u1eddng, qua \u0111\u00f3 x\u00e2y d\u1ef1ng m\u1ed9t h\u1ec7 th\u1ed1ng qu\u1ea3n tr\u1ecb th\u00e2n thi\u1ec7n v\u1edbi m\u00f4i tr\u01b0\u1eddng v\u00e0 h\u01b0\u1edbng t\u1edbi s\u1ef1 ph\u00e1t tri\u1ec3n b\u1ec1n v\u1eefng.\t\t\t\t\t\t\t\t<\/div>\n\t\t\t\t<\/div>\n\t\t\t\t<\/div>\n\t\t\t\t<\/div>\n\t\t<div class=\"elementor-element elementor-element-c196e7a e-con-full e-flex elementor-invisible e-con e-child\" data-id=\"c196e7a\" data-element_type=\"container\" data-settings=\"{&quot;jet_parallax_layout_list&quot;:[],&quot;animation&quot;:&quot;fadeIn&quot;}\">\n\t\t<div class=\"elementor-element elementor-element-868eccd e-con-full e-flex e-con e-child\" data-id=\"868eccd\" data-element_type=\"container\" data-settings=\"{&quot;jet_parallax_layout_list&quot;:[],&quot;background_background&quot;:&quot;classic&quot;}\">\n\t\t\t\t<\/div>\n\t\t<div class=\"elementor-element elementor-element-848cc57 e-con-full e-flex e-con e-child\" data-id=\"848cc57\" data-element_type=\"container\" data-settings=\"{&quot;jet_parallax_layout_list&quot;:[]}\">\n\t\t\t\t<div class=\"elementor-element elementor-element-94a6e55 elementor-align-center elementor-widget__width-inherit elementor-icon-list--layout-traditional elementor-list-item-link-full_width elementor-invisible elementor-widget elementor-widget-icon-list\" data-id=\"94a6e55\" data-element_type=\"widget\" data-settings=\"{&quot;_animation&quot;:&quot;fadeIn&quot;}\" data-widget_type=\"icon-list.default\">\n\t\t\t\t<div class=\"elementor-widget-container\">\n\t\t\t\t\t\t\t<ul class=\"elementor-icon-list-items\">\n\t\t\t\t\t\t\t<li class=\"elementor-icon-list-item\">\n\t\t\t\t\t\t\t\t\t\t\t<span class=\"elementor-icon-list-icon\">\n\t\t\t\t\t\t\t<svg aria-hidden=\"true\" class=\"e-font-icon-svg e-fas-circle\" viewBox=\"0 0 512 512\" xmlns=\"http:\/\/www.w3.org\/2000\/svg\"><path d=\"M256 8C119 8 8 119 8 256s111 248 248 248 248-111 248-248S393 8 256 8z\"><\/path><\/svg>\t\t\t\t\t\t<\/span>\n\t\t\t\t\t\t\t\t\t\t<span class=\"elementor-icon-list-text\">N\u00e2ng cao hi\u1ec7u qu\u1ea3 n\u0103ng l\u01b0\u1ee3ng th\u00f4ng qua h\u1ec7 th\u1ed1ng \u0111\u00e8n LED t\u1ea1i to\u00e0n b\u1ed9 nh\u00e0 m\u00e1y.<\/span>\n\t\t\t\t\t\t\t\t\t<\/li>\n\t\t\t\t\t\t<\/ul>\n\t\t\t\t\t\t<\/div>\n\t\t\t\t<\/div>\n\t\t\t\t<div class=\"elementor-element elementor-element-8062992 elementor-widget__width-inherit elementor-widget elementor-widget-text-editor\" data-id=\"8062992\" data-element_type=\"widget\" data-widget_type=\"text-editor.default\">\n\t\t\t\t<div class=\"elementor-widget-container\">\n\t\t\t\t\t\t\t\t\tCh\u00fang t\u00f4i \u0111\u00e3 chuy\u1ec3n \u0111\u1ed5i to\u00e0n b\u1ed9 h\u1ec7 th\u1ed1ng chi\u1ebfu s\u00e1ng sang \u0111\u00e8n LED, qua \u0111\u00f3 x\u00e2y d\u1ef1ng m\u00f4i tr\u01b0\u1eddng n\u0103ng l\u01b0\u1ee3ng th\u00e2n thi\u1ec7n v\u1edbi m\u00f4i tr\u01b0\u1eddng v\u00e0 hi\u1ec7u qu\u1ea3 h\u01a1n\t\t\t\t\t\t\t\t<\/div>\n\t\t\t\t<\/div>\n\t\t\t\t<\/div>\n\t\t\t\t<\/div>\n\t\t<div class=\"elementor-element elementor-element-8430950 e-con-full e-flex elementor-invisible e-con e-child\" data-id=\"8430950\" data-element_type=\"container\" data-settings=\"{&quot;jet_parallax_layout_list&quot;:[],&quot;animation&quot;:&quot;fadeIn&quot;}\">\n\t\t<div class=\"elementor-element elementor-element-92f9626 e-con-full e-flex e-con e-child\" data-id=\"92f9626\" data-element_type=\"container\" data-settings=\"{&quot;jet_parallax_layout_list&quot;:[],&quot;background_background&quot;:&quot;classic&quot;}\">\n\t\t\t\t<div class=\"elementor-element elementor-element-b9e7c75 elementor-widget elementor-widget-image\" data-id=\"b9e7c75\" data-element_type=\"widget\" data-widget_type=\"image.default\">\n\t\t\t\t<div class=\"elementor-widget-container\">\n\t\t\t\t\t\t\t\t\t\t\t\t\t\t\t<img loading=\"lazy\" decoding=\"async\" width=\"450\" height=\"274\" src=\"https:\/\/onrnc.com\/wp-content\/uploads\/2025\/11\/ESG07.png\" class=\"attachment-full size-full wp-image-3846\" alt=\"\" srcset=\"https:\/\/onrnc.com\/wp-content\/uploads\/2025\/11\/ESG07.png 450w, https:\/\/onrnc.com\/wp-content\/uploads\/2025\/11\/ESG07-300x183.png 300w\" sizes=\"(max-width: 450px) 100vw, 450px\" \/>\t\t\t\t\t\t\t\t\t\t\t\t\t\t\t<\/div>\n\t\t\t\t<\/div>\n\t\t\t\t<\/div>\n\t\t<div class=\"elementor-element elementor-element-c8c1d1c e-con-full e-flex e-con e-child\" data-id=\"c8c1d1c\" data-element_type=\"container\" data-settings=\"{&quot;jet_parallax_layout_list&quot;:[]}\">\n\t\t\t\t<div class=\"elementor-element elementor-element-7e11801 elementor-align-center elementor-widget__width-inherit elementor-icon-list--layout-traditional elementor-list-item-link-full_width elementor-invisible elementor-widget elementor-widget-icon-list\" data-id=\"7e11801\" data-element_type=\"widget\" data-settings=\"{&quot;_animation&quot;:&quot;fadeIn&quot;}\" data-widget_type=\"icon-list.default\">\n\t\t\t\t<div class=\"elementor-widget-container\">\n\t\t\t\t\t\t\t<ul class=\"elementor-icon-list-items\">\n\t\t\t\t\t\t\t<li class=\"elementor-icon-list-item\">\n\t\t\t\t\t\t\t\t\t\t\t<span class=\"elementor-icon-list-icon\">\n\t\t\t\t\t\t\t<svg aria-hidden=\"true\" class=\"e-font-icon-svg e-fas-circle\" viewBox=\"0 0 512 512\" xmlns=\"http:\/\/www.w3.org\/2000\/svg\"><path d=\"M256 8C119 8 8 119 8 256s111 248 248 248 248-111 248-248S393 8 256 8z\"><\/path><\/svg>\t\t\t\t\t\t<\/span>\n\t\t\t\t\t\t\t\t\t\t<span class=\"elementor-icon-list-text\">Gi\u1ea3m thi\u1ec3u kh\u00ed th\u1ea3i \u0111\u1ed9c h\u1ea1i v\u00e0 c\u1ea3i thi\u1ec7n ch\u1ea5t l\u01b0\u1ee3ng kh\u00f4ng kh\u00ed.<\/span>\n\t\t\t\t\t\t\t\t\t<\/li>\n\t\t\t\t\t\t<\/ul>\n\t\t\t\t\t\t<\/div>\n\t\t\t\t<\/div>\n\t\t\t\t<div class=\"elementor-element elementor-element-90891e4 elementor-widget__width-inherit elementor-widget elementor-widget-text-editor\" data-id=\"90891e4\" data-element_type=\"widget\" data-widget_type=\"text-editor.default\">\n\t\t\t\t<div class=\"elementor-widget-container\">\n\t\t\t\t\t\t\t\t\tCh\u00fang t\u00f4i s\u1eed d\u1ee5ng h\u1ec7 th\u1ed1ng tu\u1ea7n ho\u00e0n kh\u00f4ng kh\u00ed trong nh\u00e0 \u0111\u1ec3 gi\u1ea3m thi\u1ec3u kh\u00ed th\u1ea3i \u0111\u1ed9c h\u1ea1i ph\u00e1t sinh trong kh\u00f4ng gian l\u00e0m vi\u1ec7c.\t\t\t\t\t\t\t\t<\/div>\n\t\t\t\t<\/div>\n\t\t\t\t<\/div>\n\t\t\t\t<\/div>\n\t\t\t\t<\/div>\n\t\t\t\t\t<\/div>\n\t\t\t\t<\/div>\n\t\t\t\t<\/div>\n\t\t","protected":false},"excerpt":{"rendered":"<p>ESG Qu\u1ea3n l\u00fd m\u00f4i tr\u01b0\u1eddng O.N VINA\ub294 O.N \uadf8\ub8f9\uc758 \uae00\ub85c\ubc8c \uc0dd\uc0b0 \uac70\uc810\uc73c\ub85c, \ubca0\ud2b8\ub0a8 \ubc14\ub9ac\uc544-\ubd95\ub530\uc6b0(Ba Ria \u2013 Vung Tau) \uc9c0\uc5ed\uc5d0 \uc704\uce58\ud55c \uc815\ubc00 \uac00\uacf5 \ubc0f \ubaa8\ub4c8 \uc870\ub9bd \uc804\ubb38 \uacf5\uc7a5\uc785\ub2c8\ub2e4. \uc774 \uacf5\uc7a5\uc740 \ubc18\ub3c4\uccb4, \ub514\uc2a4\ud50c\ub808\uc774, \uc758\ub8cc\uae30\uae30 \ub4f1 \ucca8\ub2e8 \uc0b0\uc5c5 \ubd84\uc57c\uc758 \ubd80\ud488 \ubc0f \uc7a5\ube44 \ubaa8\ub4c8\uc744 \uc0dd\uc0b0\ud558\uba70, \uc815\ubc00 \ud310\uae08 \uac00\uacf5 \ubc0f \uc81c\uad00 \uad6c\uc870\ubb3c \uc6a9\uc811\uc758 \uc804\ubb38\uc131\uc744 \ubcf4\uc720\ud558\uc600\uace0, \uace0\uccad\uc815 \ud074\ub9b0\ub8f8 \ud658\uacbd\uc5d0\uc11c\uc758 \uc870\ub9bd \uc5ed\ub7c9\uc744 [&hellip;]<\/p>\n","protected":false},"author":1,"featured_media":0,"parent":3494,"menu_order":2,"comment_status":"closed","ping_status":"closed","template":"","meta":{"_acf_changed":false,"footnotes":""},"class_list":["post-3497","page","type-page","status-publish","hentry"],"acf":[],"_links":{"self":[{"href":"https:\/\/onrnc.com\/vi\/wp-json\/wp\/v2\/pages\/3497","targetHints":{"allow":["GET"]}}],"collection":[{"href":"https:\/\/onrnc.com\/vi\/wp-json\/wp\/v2\/pages"}],"about":[{"href":"https:\/\/onrnc.com\/vi\/wp-json\/wp\/v2\/types\/page"}],"author":[{"embeddable":true,"href":"https:\/\/onrnc.com\/vi\/wp-json\/wp\/v2\/users\/1"}],"replies":[{"embeddable":true,"href":"https:\/\/onrnc.com\/vi\/wp-json\/wp\/v2\/comments?post=3497"}],"version-history":[{"count":4,"href":"https:\/\/onrnc.com\/vi\/wp-json\/wp\/v2\/pages\/3497\/revisions"}],"predecessor-version":[{"id":4130,"href":"https:\/\/onrnc.com\/vi\/wp-json\/wp\/v2\/pages\/3497\/revisions\/4130"}],"up":[{"embeddable":true,"href":"https:\/\/onrnc.com\/vi\/wp-json\/wp\/v2\/pages\/3494"}],"wp:attachment":[{"href":"https:\/\/onrnc.com\/vi\/wp-json\/wp\/v2\/media?parent=3497"}],"curies":[{"name":"wp","href":"https:\/\/api.w.org\/{rel}","templated":true}]}}