{"id":3499,"date":"2025-11-12T04:14:57","date_gmt":"2025-11-11T19:14:57","guid":{"rendered":"https:\/\/onrnc.com\/esg\/society\/"},"modified":"2026-01-08T13:53:43","modified_gmt":"2026-01-08T04:53:43","slug":"society","status":"publish","type":"page","link":"https:\/\/onrnc.com\/vi\/esg\/society\/","title":{"rendered":"X\u00e3 h\u1ed9i \u2013 Tr\u00e1ch nhi\u1ec7m x\u00e3 h\u1ed9i."},"content":{"rendered":"\t\t<div data-elementor-type=\"wp-page\" data-elementor-id=\"3499\" class=\"elementor elementor-3499 elementor-2092\" data-elementor-post-type=\"page\">\n\t\t\t\t<div class=\"elementor-element elementor-element-6b33dcb e-con-full font e-flex e-con e-parent\" data-id=\"6b33dcb\" data-element_type=\"container\" data-settings=\"{&quot;background_background&quot;:&quot;classic&quot;,&quot;jet_parallax_layout_list&quot;:[]}\">\n\t\t\t\t<div class=\"elementor-element elementor-element-4abe12c elementor-widget elementor-widget-heading\" data-id=\"4abe12c\" data-element_type=\"widget\" data-widget_type=\"heading.default\">\n\t\t\t\t<div class=\"elementor-widget-container\">\n\t\t\t\t\t<h2 class=\"elementor-heading-title elementor-size-default\">ESG<\/h2>\t\t\t\t<\/div>\n\t\t\t\t<\/div>\n\t\t\t\t<div class=\"elementor-element elementor-element-868fded elementor-nav-menu--dropdown-none elementor-absolute sub-menu elementor-hidden-mobile elementor-widget elementor-widget-nav-menu\" data-id=\"868fded\" data-element_type=\"widget\" data-settings=\"{&quot;submenu_icon&quot;:{&quot;value&quot;:&quot;&lt;i class=\\&quot;\\&quot;&gt;&lt;\\\/i&gt;&quot;,&quot;library&quot;:&quot;&quot;},&quot;_position&quot;:&quot;absolute&quot;,&quot;layout&quot;:&quot;horizontal&quot;}\" data-widget_type=\"nav-menu.default\">\n\t\t\t\t<div class=\"elementor-widget-container\">\n\t\t\t\t\t\t\t\t<nav aria-label=\"Menu\" class=\"elementor-nav-menu--main elementor-nav-menu__container elementor-nav-menu--layout-horizontal e--pointer-none\">\n\t\t\t\t<ul id=\"menu-1-868fded\" class=\"elementor-nav-menu\"><li class=\"menu-item menu-item-type-post_type menu-item-object-page menu-item-3565\"><a href=\"https:\/\/onrnc.com\/vi\/esg\/esg-overview\/\" class=\"elementor-item\">ESG Overview<\/a><\/li>\n<li class=\"menu-item menu-item-type-post_type menu-item-object-page menu-item-3566\"><a href=\"https:\/\/onrnc.com\/vi\/esg\/environment\/\" class=\"elementor-item\">Qu\u1ea3n l\u00fd m\u00f4i tr\u01b0\u1eddng<\/a><\/li>\n<li class=\"menu-item menu-item-type-post_type menu-item-object-page menu-item-3567\"><a href=\"https:\/\/onrnc.com\/vi\/esg\/society\/\" class=\"elementor-item\">X\u00e3 h\u1ed9i \u2013 Tr\u00e1ch nhi\u1ec7m x\u00e3 h\u1ed9i.<\/a><\/li>\n<li class=\"menu-item menu-item-type-post_type menu-item-object-page menu-item-3568\"><a href=\"https:\/\/onrnc.com\/vi\/esg\/ethics\/\" class=\"elementor-item\">Qu\u1ea3n l\u00fd theo nguy\u00ean t\u1eafc \u0111\u1ea1o \u0111\u1ee9c<\/a><\/li>\n<li class=\"menu-item menu-item-type-post_type menu-item-object-page menu-item-3569\"><a href=\"https:\/\/onrnc.com\/vi\/esg\/quality\/\" class=\"elementor-item\">Qu\u1ea3n l\u00fd ch\u1ea5t l\u01b0\u1ee3ng<\/a><\/li>\n<\/ul>\t\t\t<\/nav>\n\t\t\t\t\t\t<nav class=\"elementor-nav-menu--dropdown elementor-nav-menu__container\" aria-hidden=\"true\">\n\t\t\t\t<ul id=\"menu-2-868fded\" class=\"elementor-nav-menu\"><li class=\"menu-item menu-item-type-post_type menu-item-object-page menu-item-3565\"><a href=\"https:\/\/onrnc.com\/vi\/esg\/esg-overview\/\" class=\"elementor-item\" tabindex=\"-1\">ESG Overview<\/a><\/li>\n<li class=\"menu-item menu-item-type-post_type menu-item-object-page menu-item-3566\"><a href=\"https:\/\/onrnc.com\/vi\/esg\/environment\/\" class=\"elementor-item\" tabindex=\"-1\">Qu\u1ea3n l\u00fd m\u00f4i tr\u01b0\u1eddng<\/a><\/li>\n<li class=\"menu-item menu-item-type-post_type menu-item-object-page menu-item-3567\"><a href=\"https:\/\/onrnc.com\/vi\/esg\/society\/\" class=\"elementor-item\" tabindex=\"-1\">X\u00e3 h\u1ed9i \u2013 Tr\u00e1ch nhi\u1ec7m x\u00e3 h\u1ed9i.<\/a><\/li>\n<li class=\"menu-item menu-item-type-post_type menu-item-object-page menu-item-3568\"><a href=\"https:\/\/onrnc.com\/vi\/esg\/ethics\/\" class=\"elementor-item\" tabindex=\"-1\">Qu\u1ea3n l\u00fd theo nguy\u00ean t\u1eafc \u0111\u1ea1o \u0111\u1ee9c<\/a><\/li>\n<li class=\"menu-item menu-item-type-post_type menu-item-object-page menu-item-3569\"><a href=\"https:\/\/onrnc.com\/vi\/esg\/quality\/\" class=\"elementor-item\" tabindex=\"-1\">Qu\u1ea3n l\u00fd ch\u1ea5t l\u01b0\u1ee3ng<\/a><\/li>\n<\/ul>\t\t\t<\/nav>\n\t\t\t\t\t\t<\/div>\n\t\t\t\t<\/div>\n\t\t\t\t<\/div>\n\t\t<div class=\"elementor-element elementor-element-5405170 font e-flex e-con-boxed e-con e-parent\" data-id=\"5405170\" data-element_type=\"container\" data-settings=\"{&quot;jet_parallax_layout_list&quot;:[]}\">\n\t\t\t\t\t<div class=\"e-con-inner\">\n\t\t<div class=\"elementor-element elementor-element-9775996 e-con-full e-flex e-con e-child\" data-id=\"9775996\" data-element_type=\"container\" data-settings=\"{&quot;jet_parallax_layout_list&quot;:[]}\">\n\t\t\t\t<div class=\"elementor-element elementor-element-aae6621 elementor-widget__width-inherit elementor-widget elementor-widget-heading\" data-id=\"aae6621\" data-element_type=\"widget\" data-widget_type=\"heading.default\">\n\t\t\t\t<div class=\"elementor-widget-container\">\n\t\t\t\t\t<h3 class=\"elementor-heading-title elementor-size-default\">X\u00e3 h\u1ed9i \u2013 Tr\u00e1ch nhi\u1ec7m x\u00e3 h\u1ed9i.<\/h3>\t\t\t\t<\/div>\n\t\t\t\t<\/div>\n\t\t\t\t<div class=\"elementor-element elementor-element-73215f4 elementor-hidden-desktop elementor-hidden-tablet elementor-hidden-mobile elementor-invisible elementor-widget elementor-widget-text-editor\" data-id=\"73215f4\" data-element_type=\"widget\" data-settings=\"{&quot;_animation&quot;:&quot;fadeInUp&quot;}\" data-widget_type=\"text-editor.default\">\n\t\t\t\t<div class=\"elementor-widget-container\">\n\t\t\t\t\t\t\t\t\tO.N VINA\ub294 O.N \uadf8\ub8f9\uc758 \uae00\ub85c\ubc8c \uc0dd\uc0b0 \uac70\uc810\uc73c\ub85c, <br class=\"br02\" \/>\ubca0\ud2b8\ub0a8 \ubc14\ub9ac\uc544-\ubd95\ub530\uc6b0(Ba Ria \u2013 Vung Tau) \uc9c0\uc5ed\uc5d0 \uc704\uce58\ud55c <strong>\uc815\ubc00 \uac00\uacf5 \ubc0f \ubaa8\ub4c8 \uc870\ub9bd \uc804\ubb38 \uacf5\uc7a5<\/strong>\uc785\ub2c8\ub2e4. <br class=\"brno\" \/>\uc774 \uacf5\uc7a5\uc740 \ubc18\ub3c4\uccb4, \ub514\uc2a4\ud50c\ub808\uc774, \uc758\ub8cc\uae30\uae30 \ub4f1 \ucca8\ub2e8 \uc0b0\uc5c5 \ubd84\uc57c\uc758 \ubd80\ud488 \ubc0f \uc7a5\ube44 \ubaa8\ub4c8\uc744 \uc0dd\uc0b0\ud558\uba70, <br class=\"br02\" \/>\uc815\ubc00 \ud310\uae08 \uac00\uacf5 \ubc0f \uc81c\uad00 \uad6c\uc870\ubb3c \uc6a9\uc811\uc758 \uc804\ubb38\uc131\uc744 \ubcf4\uc720\ud558\uc600\uace0, \uace0\uccad\uc815 \ud074\ub9b0\ub8f8 \ud658\uacbd\uc5d0\uc11c\uc758 \uc870\ub9bd \uc5ed\ub7c9\uc744 \uac16\ucd94\uace0 \uc788\uc2b5\ub2c8\ub2e4\t\t\t\t\t\t\t\t<\/div>\n\t\t\t\t<\/div>\n\t\t\t\t<\/div>\n\t\t<div class=\"elementor-element elementor-element-ec76cec e-con-full e-flex e-con e-child\" data-id=\"ec76cec\" data-element_type=\"container\" data-settings=\"{&quot;jet_parallax_layout_list&quot;:[]}\">\n\t\t<div class=\"elementor-element elementor-element-300a636 e-con-full e-flex e-con e-child\" data-id=\"300a636\" data-element_type=\"container\" data-settings=\"{&quot;jet_parallax_layout_list&quot;:[]}\">\n\t\t\t\t<div class=\"elementor-element elementor-element-10dc073 elementor-align-left elementor-widget__width-inherit elementor-icon-list--layout-traditional elementor-list-item-link-full_width elementor-invisible elementor-widget elementor-widget-icon-list\" data-id=\"10dc073\" data-element_type=\"widget\" data-settings=\"{&quot;_animation&quot;:&quot;fadeIn&quot;}\" data-widget_type=\"icon-list.default\">\n\t\t\t\t<div class=\"elementor-widget-container\">\n\t\t\t\t\t\t\t<ul class=\"elementor-icon-list-items\">\n\t\t\t\t\t\t\t<li class=\"elementor-icon-list-item\">\n\t\t\t\t\t\t\t\t\t\t\t<span class=\"elementor-icon-list-icon\">\n\t\t\t\t\t\t\t<svg aria-hidden=\"true\" class=\"e-font-icon-svg e-fas-circle\" viewBox=\"0 0 512 512\" xmlns=\"http:\/\/www.w3.org\/2000\/svg\"><path d=\"M256 8C119 8 8 119 8 256s111 248 248 248 248-111 248-248S393 8 256 8z\"><\/path><\/svg>\t\t\t\t\t\t<\/span>\n\t\t\t\t\t\t\t\t\t\t<span class=\"elementor-icon-list-text\">N\u00e2ng cao ph\u00fac l\u1ee3i c\u1ee7a nh\u00e2n vi\u00ean.<\/span>\n\t\t\t\t\t\t\t\t\t<\/li>\n\t\t\t\t\t\t<\/ul>\n\t\t\t\t\t\t<\/div>\n\t\t\t\t<\/div>\n\t\t<div class=\"elementor-element elementor-element-65733f2 e-flex e-con-boxed e-con e-child\" data-id=\"65733f2\" data-element_type=\"container\" data-settings=\"{&quot;jet_parallax_layout_list&quot;:[]}\">\n\t\t\t\t\t<div class=\"e-con-inner\">\n\t\t<div class=\"elementor-element elementor-element-f0b6664 e-con-full society-box e-flex elementor-invisible e-con e-child\" data-id=\"f0b6664\" data-element_type=\"container\" data-settings=\"{&quot;background_background&quot;:&quot;classic&quot;,&quot;jet_parallax_layout_list&quot;:[],&quot;animation&quot;:&quot;fadeIn&quot;}\">\n\t\t\t\t<div class=\"elementor-element elementor-element-f9683b8 elementor-widget elementor-widget-text-editor\" data-id=\"f9683b8\" data-element_type=\"widget\" data-widget_type=\"text-editor.default\">\n\t\t\t\t<div class=\"elementor-widget-container\">\n\t\t\t\t\t\t\t\t\tQu\u1ea7y c\u00e0fe v\u1edbi <br class=\"brno\" \/>nh\u00e2n vi\u00ean pha ch\u1ebf <br class=\"brno\" \/>chuy\u00ean nghi\u1ec7p.\t\t\t\t\t\t\t\t<\/div>\n\t\t\t\t<\/div>\n\t\t\t\t<\/div>\n\t\t<div class=\"elementor-element elementor-element-a559567 e-con-full society-box e-flex elementor-invisible e-con e-child\" data-id=\"a559567\" data-element_type=\"container\" data-settings=\"{&quot;background_background&quot;:&quot;classic&quot;,&quot;jet_parallax_layout_list&quot;:[],&quot;animation&quot;:&quot;fadeIn&quot;}\">\n\t\t\t\t<div class=\"elementor-element elementor-element-9a694ad elementor-widget elementor-widget-text-editor\" data-id=\"9a694ad\" data-element_type=\"widget\" data-widget_type=\"text-editor.default\">\n\t\t\t\t<div class=\"elementor-widget-container\">\n\t\t\t\t\t\t\t\t\tQu\u1ef9 h\u1ed7 tr\u1ee3 <br class=\"brno\" \/>thanh ni\u00ean <br class=\"brno\" \/>ng\u00e0y mai\t\t\t\t\t\t\t\t<\/div>\n\t\t\t\t<\/div>\n\t\t\t\t<\/div>\n\t\t<div class=\"elementor-element elementor-element-9bde512 e-con-full society-box e-flex elementor-invisible e-con e-child\" data-id=\"9bde512\" data-element_type=\"container\" data-settings=\"{&quot;background_background&quot;:&quot;classic&quot;,&quot;jet_parallax_layout_list&quot;:[],&quot;animation&quot;:&quot;fadeIn&quot;}\">\n\t\t\t\t<div class=\"elementor-element elementor-element-d1f4e34 elementor-widget elementor-widget-text-editor\" data-id=\"d1f4e34\" data-element_type=\"widget\" data-widget_type=\"text-editor.default\">\n\t\t\t\t<div class=\"elementor-widget-container\">\n\t\t\t\t\t\t\t\t\tT\u1eb7ng qu\u00e0 v\u00e0 phi\u1ebfu mua h\u00e0ng <br class=\"br02\" \/>cho nh\u00e2n vi\u00ean c\u00f3 sinh nh\u1eadt <br class=\"br02\" \/>h\u00e0ng th\u00e1ng.\t\t\t\t\t\t\t\t<\/div>\n\t\t\t\t<\/div>\n\t\t\t\t<\/div>\n\t\t<div class=\"elementor-element elementor-element-bde2cd7 e-con-full society-box e-flex elementor-invisible e-con e-child\" data-id=\"bde2cd7\" data-element_type=\"container\" data-settings=\"{&quot;background_background&quot;:&quot;classic&quot;,&quot;jet_parallax_layout_list&quot;:[],&quot;animation&quot;:&quot;fadeIn&quot;}\">\n\t\t\t\t<div class=\"elementor-element elementor-element-c6bfcd6 elementor-widget elementor-widget-text-editor\" data-id=\"c6bfcd6\" data-element_type=\"widget\" data-widget_type=\"text-editor.default\">\n\t\t\t\t<div class=\"elementor-widget-container\">\n\t\t\t\t\t\t\t\t\tCung c\u1ea5p b\u1eefa \u0103n \u0111\u1eb7c bi\u1ec7t <br class=\"br02\" \/>3 l\u1ea7n\/tu\u1ea7n t\u1ea1i nh\u00e0 \u0103n c\u00f4ng ty <br class=\"br02\" \/>(theo h\u00ecnh th\u1ee9c h\u1ee3p <br class=\"br02\" \/>\u0111\u1ed3ng d\u1ecbch v\u1ee5)\t\t\t\t\t\t\t\t<\/div>\n\t\t\t\t<\/div>\n\t\t\t\t<\/div>\n\t\t\t\t<div class=\"elementor-element elementor-element-0c4014d elementor-hidden-mobile elementor-widget elementor-widget-spacer\" data-id=\"0c4014d\" data-element_type=\"widget\" data-widget_type=\"spacer.default\">\n\t\t\t\t<div class=\"elementor-widget-container\">\n\t\t\t\t\t\t\t<div class=\"elementor-spacer\">\n\t\t\t<div class=\"elementor-spacer-inner\"><\/div>\n\t\t<\/div>\n\t\t\t\t\t\t<\/div>\n\t\t\t\t<\/div>\n\t\t<div class=\"elementor-element elementor-element-bc14843 e-con-full society-box elementor-hidden-desktop elementor-hidden-tablet e-flex elementor-invisible e-con e-child\" data-id=\"bc14843\" data-element_type=\"container\" data-settings=\"{&quot;background_background&quot;:&quot;classic&quot;,&quot;jet_parallax_layout_list&quot;:[],&quot;animation&quot;:&quot;fadeIn&quot;}\">\n\t\t\t\t<div class=\"elementor-element elementor-element-37b1370 elementor-widget elementor-widget-text-editor\" data-id=\"37b1370\" data-element_type=\"widget\" data-widget_type=\"text-editor.default\">\n\t\t\t\t<div class=\"elementor-widget-container\">\n\t\t\t\t\t\t\t\t\t<p>V\u1eadn h\u00e0nh ch\u1ebf \u0111\u1ed9<br class=\"brno\" \/>\u0111\u00e1nh gi\u00e1 nh\u00e2n s\u1ef1<br class=\"brno\" \/>\u0111\u1ecbnh k\u1ef3 2 l\u1ea7n\/n\u0103m<\/p>\t\t\t\t\t\t\t\t<\/div>\n\t\t\t\t<\/div>\n\t\t\t\t<\/div>\n\t\t<div class=\"elementor-element elementor-element-26c9db5 e-con-full society-box e-flex elementor-invisible e-con e-child\" data-id=\"26c9db5\" data-element_type=\"container\" data-settings=\"{&quot;background_background&quot;:&quot;classic&quot;,&quot;jet_parallax_layout_list&quot;:[],&quot;animation&quot;:&quot;fadeIn&quot;}\">\n\t\t\t\t<div class=\"elementor-element elementor-element-85c5293 elementor-widget elementor-widget-text-editor\" data-id=\"85c5293\" data-element_type=\"widget\" data-widget_type=\"text-editor.default\">\n\t\t\t\t<div class=\"elementor-widget-container\">\n\t\t\t\t\t\t\t\t\tCh\u1ebf \u0111\u1ed9 h\u1ed7 tr\u1ee3 h\u1ecdc ph\u00ed <br class=\"br01\" \/>cho con em nh\u00e2n vi\u00ean\t\t\t\t\t\t\t\t<\/div>\n\t\t\t\t<\/div>\n\t\t\t\t<\/div>\n\t\t<div class=\"elementor-element elementor-element-b41b829 e-con-full society-box elementor-hidden-mobile e-flex elementor-invisible e-con e-child\" data-id=\"b41b829\" data-element_type=\"container\" data-settings=\"{&quot;background_background&quot;:&quot;classic&quot;,&quot;jet_parallax_layout_list&quot;:[],&quot;animation&quot;:&quot;fadeIn&quot;}\">\n\t\t\t\t<div class=\"elementor-element elementor-element-7fac096 elementor-widget elementor-widget-text-editor\" data-id=\"7fac096\" data-element_type=\"widget\" data-widget_type=\"text-editor.default\">\n\t\t\t\t<div class=\"elementor-widget-container\">\n\t\t\t\t\t\t\t\t\tV\u1eadn h\u00e0nh ch\u1ebf \u0111\u1ed9<br class=\"brno\" \/>\u0111\u00e1nh gi\u00e1 nh\u00e2n s\u1ef1<br class=\"brno\" \/>\u0111\u1ecbnh k\u1ef3 2 l\u1ea7n\/n\u0103m\t\t\t\t\t\t\t\t<\/div>\n\t\t\t\t<\/div>\n\t\t\t\t<\/div>\n\t\t<div class=\"elementor-element elementor-element-a673ce8 e-con-full society-box e-flex elementor-invisible e-con e-child\" data-id=\"a673ce8\" data-element_type=\"container\" data-settings=\"{&quot;background_background&quot;:&quot;classic&quot;,&quot;jet_parallax_layout_list&quot;:[],&quot;animation&quot;:&quot;fadeIn&quot;}\">\n\t\t\t\t<div class=\"elementor-element elementor-element-cd52692 elementor-widget elementor-widget-text-editor\" data-id=\"cd52692\" data-element_type=\"widget\" data-widget_type=\"text-editor.default\">\n\t\t\t\t<div class=\"elementor-widget-container\">\n\t\t\t\t\t\t\t\t\tCh\u00ednh s\u00e1ch h\u1ed7 tr\u1ee3 <br class=\"br01\" \/>chi ph\u00ed y t\u1ebf <br class=\"br01\" \/>cho b\u1ea3n th\u00e2n v\u00e0 <br class=\"br01\" \/>gia \u0111\u00ecnh nh\u00e2n vi\u00ean\t\t\t\t\t\t\t\t<\/div>\n\t\t\t\t<\/div>\n\t\t\t\t<\/div>\n\t\t\t\t<div class=\"elementor-element elementor-element-ba35627 elementor-hidden-mobile elementor-widget elementor-widget-spacer\" data-id=\"ba35627\" data-element_type=\"widget\" data-widget_type=\"spacer.default\">\n\t\t\t\t<div class=\"elementor-widget-container\">\n\t\t\t\t\t\t\t<div class=\"elementor-spacer\">\n\t\t\t<div class=\"elementor-spacer-inner\"><\/div>\n\t\t<\/div>\n\t\t\t\t\t\t<\/div>\n\t\t\t\t<\/div>\n\t\t<div class=\"elementor-element elementor-element-5f9e286 e-con-full society-box e-flex elementor-invisible e-con e-child\" data-id=\"5f9e286\" data-element_type=\"container\" data-settings=\"{&quot;background_background&quot;:&quot;classic&quot;,&quot;jet_parallax_layout_list&quot;:[],&quot;animation&quot;:&quot;fadeIn&quot;}\">\n\t\t\t\t<div class=\"elementor-element elementor-element-5d4841b elementor-widget elementor-widget-text-editor\" data-id=\"5d4841b\" data-element_type=\"widget\" data-widget_type=\"text-editor.default\">\n\t\t\t\t<div class=\"elementor-widget-container\">\n\t\t\t\t\t\t\t\t\tHo\u1ea1t \u0111\u1ed9ng thanh to\u00e1n <br class=\"br01\" \/>\u0111i\u1ec7n t\u1eed v\u00e0 <br class=\"br01\" \/>Cloud Payment\t\t\t\t\t\t\t\t<\/div>\n\t\t\t\t<\/div>\n\t\t\t\t<\/div>\n\t\t<div class=\"elementor-element elementor-element-d5470f3 e-con-full society-box elementor-hidden-desktop elementor-hidden-tablet e-flex elementor-invisible e-con e-child\" data-id=\"d5470f3\" data-element_type=\"container\" data-settings=\"{&quot;background_background&quot;:&quot;classic&quot;,&quot;jet_parallax_layout_list&quot;:[],&quot;animation&quot;:&quot;fadeIn&quot;}\">\n\t\t\t\t<div class=\"elementor-element elementor-element-662063b elementor-widget elementor-widget-text-editor\" data-id=\"662063b\" data-element_type=\"widget\" data-widget_type=\"text-editor.default\">\n\t\t\t\t<div class=\"elementor-widget-container\">\n\t\t\t\t\t\t\t\t\tX\u00e2y d\u1ef1ng v\u0103n h\u00f3a ti\u1ec7c <br class=\"br01\" \/>l\u00e0nh m\u1ea1nh, <br class=\"br01\" \/>v\u0103n h\u00f3a t\u00f4n tr\u1ecdng l\u1eabn nhau\t\t\t\t\t\t\t\t<\/div>\n\t\t\t\t<\/div>\n\t\t\t\t<\/div>\n\t\t<div class=\"elementor-element elementor-element-d6e1968 e-con-full society-box e-flex elementor-invisible e-con e-child\" data-id=\"d6e1968\" data-element_type=\"container\" data-settings=\"{&quot;background_background&quot;:&quot;classic&quot;,&quot;jet_parallax_layout_list&quot;:[],&quot;animation&quot;:&quot;fadeIn&quot;}\">\n\t\t\t\t<div class=\"elementor-element elementor-element-236180f elementor-widget elementor-widget-text-editor\" data-id=\"236180f\" data-element_type=\"widget\" data-widget_type=\"text-editor.default\">\n\t\t\t\t<div class=\"elementor-widget-container\">\n\t\t\t\t\t\t\t\t\t<p>C\u00e1c kho\u1ea3n h\u1ed7 tr\u1ee3 <br class=\"br01\" \/>hi\u1ebfu, h\u1ef7, <br class=\"br01\" \/>ti\u1ec1n m\u1eebng sinh con\u2026<\/p>\t\t\t\t\t\t\t\t<\/div>\n\t\t\t\t<\/div>\n\t\t\t\t<\/div>\n\t\t<div class=\"elementor-element elementor-element-25387d9 e-con-full society-box e-flex elementor-invisible e-con e-child\" data-id=\"25387d9\" data-element_type=\"container\" data-settings=\"{&quot;background_background&quot;:&quot;classic&quot;,&quot;jet_parallax_layout_list&quot;:[],&quot;animation&quot;:&quot;fadeIn&quot;}\">\n\t\t\t\t<div class=\"elementor-element elementor-element-722a564 elementor-widget elementor-widget-text-editor\" data-id=\"722a564\" data-element_type=\"widget\" data-widget_type=\"text-editor.default\">\n\t\t\t\t<div class=\"elementor-widget-container\">\n\t\t\t\t\t\t\t\t\t\u0110\u0103ng k\u00fd v\u00e0 v\u1eadn h\u00e0nh <br class=\"br01\" \/>qu\u1ef9 t\u01b0\u01a1ng tr\u1ee3 n\u1ed9i b\u1ed9 <br class=\"br01\" \/>cho c\u00e1n b\u1ed9 nh\u00e2n vi\u00ean\t\t\t\t\t\t\t\t<\/div>\n\t\t\t\t<\/div>\n\t\t\t\t<\/div>\n\t\t<div class=\"elementor-element elementor-element-df03991 e-con-full society-box elementor-hidden-mobile e-flex elementor-invisible e-con e-child\" data-id=\"df03991\" data-element_type=\"container\" data-settings=\"{&quot;background_background&quot;:&quot;classic&quot;,&quot;jet_parallax_layout_list&quot;:[],&quot;animation&quot;:&quot;fadeIn&quot;}\">\n\t\t\t\t<div class=\"elementor-element elementor-element-75cb97a elementor-widget elementor-widget-text-editor\" data-id=\"75cb97a\" data-element_type=\"widget\" data-widget_type=\"text-editor.default\">\n\t\t\t\t<div class=\"elementor-widget-container\">\n\t\t\t\t\t\t\t\t\tX\u00e2y d\u1ef1ng v\u0103n h\u00f3a ti\u1ec7c<br class=\"br02\" \/>l\u00e0nh m\u1ea1nh,<br class=\"br02\" \/>v\u0103n h\u00f3a t\u00f4n tr\u1ecdng l\u1eabn nhau\t\t\t\t\t\t\t\t<\/div>\n\t\t\t\t<\/div>\n\t\t\t\t<\/div>\n\t\t\t\t\t<\/div>\n\t\t\t\t<\/div>\n\t\t\t\t<\/div>\n\t\t<div class=\"elementor-element elementor-element-332171d e-con-full e-flex e-con e-child\" data-id=\"332171d\" data-element_type=\"container\" data-settings=\"{&quot;jet_parallax_layout_list&quot;:[]}\">\n\t\t\t\t<div class=\"elementor-element elementor-element-2c96909 elementor-align-left elementor-widget__width-inherit elementor-icon-list--layout-traditional elementor-list-item-link-full_width elementor-invisible elementor-widget elementor-widget-icon-list\" data-id=\"2c96909\" data-element_type=\"widget\" data-settings=\"{&quot;_animation&quot;:&quot;fadeIn&quot;}\" data-widget_type=\"icon-list.default\">\n\t\t\t\t<div class=\"elementor-widget-container\">\n\t\t\t\t\t\t\t<ul class=\"elementor-icon-list-items\">\n\t\t\t\t\t\t\t<li class=\"elementor-icon-list-item\">\n\t\t\t\t\t\t\t\t\t\t\t<span class=\"elementor-icon-list-icon\">\n\t\t\t\t\t\t\t<svg aria-hidden=\"true\" class=\"e-font-icon-svg e-fas-circle\" viewBox=\"0 0 512 512\" xmlns=\"http:\/\/www.w3.org\/2000\/svg\"><path d=\"M256 8C119 8 8 119 8 256s111 248 248 248 248-111 248-248S393 8 256 8z\"><\/path><\/svg>\t\t\t\t\t\t<\/span>\n\t\t\t\t\t\t\t\t\t\t<span class=\"elementor-icon-list-text\">Qu\u1ea3n l\u00fd \u0111\u00f4i b\u00ean c\u00f9ng c\u00f3 l\u1ee3i<\/span>\n\t\t\t\t\t\t\t\t\t<\/li>\n\t\t\t\t\t\t<\/ul>\n\t\t\t\t\t\t<\/div>\n\t\t\t\t<\/div>\n\t\t<div class=\"elementor-element elementor-element-c2fd3bd e-con-full e-flex e-con e-child\" data-id=\"c2fd3bd\" data-element_type=\"container\" data-settings=\"{&quot;jet_parallax_layout_list&quot;:[]}\">\n\t\t\t\t<div class=\"elementor-element elementor-element-514461a elementor-widget__width-initial elementor-widget-mobile__width-inherit elementor-position-top elementor-invisible elementor-widget elementor-widget-image-box\" data-id=\"514461a\" data-element_type=\"widget\" data-settings=\"{&quot;_animation&quot;:&quot;fadeInUp&quot;}\" data-widget_type=\"image-box.default\">\n\t\t\t\t<div class=\"elementor-widget-container\">\n\t\t\t\t\t<div class=\"elementor-image-box-wrapper\"><figure class=\"elementor-image-box-img\"><img fetchpriority=\"high\" decoding=\"async\" width=\"454\" height=\"300\" src=\"https:\/\/onrnc.com\/wp-content\/uploads\/2025\/11\/ESG11.jpg\" class=\"attachment-full size-full wp-image-3500\" alt=\"\" srcset=\"https:\/\/onrnc.com\/wp-content\/uploads\/2025\/11\/ESG11.jpg 454w, https:\/\/onrnc.com\/wp-content\/uploads\/2025\/11\/ESG11-300x198.jpg 300w\" sizes=\"(max-width: 454px) 100vw, 454px\" \/><\/figure><div class=\"elementor-image-box-content\"><div class=\"elementor-image-box-title\">Ch\u01b0\u01a1ng tr\u00ecnh \u0111\u00e0o t\u1ea1o k\u1ef9 thu\u1eadt v\u00e0 n\u00e2ng cao n\u0103ng l\u1ef1c cho c\u00e1c \u0111\u1ed1i t\u00e1c h\u1ee3p t\u00e1c<\/div><\/div><\/div>\t\t\t\t<\/div>\n\t\t\t\t<\/div>\n\t\t\t\t<div class=\"elementor-element elementor-element-6187efc elementor-widget__width-initial elementor-widget-mobile__width-inherit elementor-position-top elementor-invisible elementor-widget elementor-widget-image-box\" data-id=\"6187efc\" data-element_type=\"widget\" data-settings=\"{&quot;_animation&quot;:&quot;fadeInUp&quot;}\" data-widget_type=\"image-box.default\">\n\t\t\t\t<div class=\"elementor-widget-container\">\n\t\t\t\t\t<div class=\"elementor-image-box-wrapper\"><figure class=\"elementor-image-box-img\"><img decoding=\"async\" width=\"454\" height=\"300\" src=\"https:\/\/onrnc.com\/wp-content\/uploads\/2025\/11\/ESG10.jpg\" class=\"attachment-full size-full wp-image-3851\" alt=\"\" srcset=\"https:\/\/onrnc.com\/wp-content\/uploads\/2025\/11\/ESG10.jpg 454w, https:\/\/onrnc.com\/wp-content\/uploads\/2025\/11\/ESG10-300x198.jpg 300w\" sizes=\"(max-width: 454px) 100vw, 454px\" \/><\/figure><div class=\"elementor-image-box-content\"><div class=\"elementor-image-box-title\">Chi\u1ebfn d\u1ecbch ch\u1ed1ng tham nh\u0169ng, \u0111\u1ec1 cao s\u1ef1 li\u00eam ch\u00ednh (x\u00f3a b\u1ecf h\u1ed1i l\u1ed9, hoa h\u1ed3ng b\u1ea5t ch\u00ednh)<\/div><\/div><\/div>\t\t\t\t<\/div>\n\t\t\t\t<\/div>\n\t\t\t\t<div class=\"elementor-element elementor-element-7343ce3 elementor-widget__width-initial elementor-widget-mobile__width-inherit elementor-position-top elementor-invisible elementor-widget elementor-widget-image-box\" data-id=\"7343ce3\" data-element_type=\"widget\" data-settings=\"{&quot;_animation&quot;:&quot;fadeInUp&quot;}\" data-widget_type=\"image-box.default\">\n\t\t\t\t<div class=\"elementor-widget-container\">\n\t\t\t\t\t<div class=\"elementor-image-box-wrapper\"><figure class=\"elementor-image-box-img\"><img decoding=\"async\" width=\"454\" height=\"300\" src=\"https:\/\/onrnc.com\/wp-content\/uploads\/2025\/11\/ESG09.jpg\" class=\"attachment-full size-full wp-image-3852\" alt=\"\" srcset=\"https:\/\/onrnc.com\/wp-content\/uploads\/2025\/11\/ESG09.jpg 454w, https:\/\/onrnc.com\/wp-content\/uploads\/2025\/11\/ESG09-300x198.jpg 300w\" sizes=\"(max-width: 454px) 100vw, 454px\" \/><\/figure><div class=\"elementor-image-box-content\"><div class=\"elementor-image-box-title\">Tham gia c\u00e1c ho\u1ea1t \u0111\u1ed9ng t\u00ecnh nguy\u1ec7n v\u00ec c\u1ed9ng \u0111\u1ed3ng \u0111\u1ecba ph\u01b0\u01a1ng<\/div><\/div><\/div>\t\t\t\t<\/div>\n\t\t\t\t<\/div>\n\t\t\t\t<\/div>\n\t\t\t\t<\/div>\n\t\t\t\t<\/div>\n\t\t\t\t\t<\/div>\n\t\t\t\t<\/div>\n\t\t\t\t<\/div>\n\t\t","protected":false},"excerpt":{"rendered":"<p>ESG X\u00e3 h\u1ed9i \u2013 Tr\u00e1ch nhi\u1ec7m x\u00e3 h\u1ed9i. O.N VINA\ub294 O.N \uadf8\ub8f9\uc758 \uae00\ub85c\ubc8c \uc0dd\uc0b0 \uac70\uc810\uc73c\ub85c, \ubca0\ud2b8\ub0a8 \ubc14\ub9ac\uc544-\ubd95\ub530\uc6b0(Ba Ria \u2013 Vung Tau) \uc9c0\uc5ed\uc5d0 \uc704\uce58\ud55c \uc815\ubc00 \uac00\uacf5 \ubc0f \ubaa8\ub4c8 \uc870\ub9bd \uc804\ubb38 \uacf5\uc7a5\uc785\ub2c8\ub2e4. \uc774 \uacf5\uc7a5\uc740 \ubc18\ub3c4\uccb4, \ub514\uc2a4\ud50c\ub808\uc774, \uc758\ub8cc\uae30\uae30 \ub4f1 \ucca8\ub2e8 \uc0b0\uc5c5 \ubd84\uc57c\uc758 \ubd80\ud488 \ubc0f \uc7a5\ube44 \ubaa8\ub4c8\uc744 \uc0dd\uc0b0\ud558\uba70, \uc815\ubc00 \ud310\uae08 \uac00\uacf5 \ubc0f \uc81c\uad00 \uad6c\uc870\ubb3c \uc6a9\uc811\uc758 \uc804\ubb38\uc131\uc744 \ubcf4\uc720\ud558\uc600\uace0, \uace0\uccad\uc815 \ud074\ub9b0\ub8f8 [&hellip;]<\/p>\n","protected":false},"author":1,"featured_media":0,"parent":3494,"menu_order":3,"comment_status":"closed","ping_status":"closed","template":"","meta":{"_acf_changed":false,"footnotes":""},"class_list":["post-3499","page","type-page","status-publish","hentry"],"acf":[],"_links":{"self":[{"href":"https:\/\/onrnc.com\/vi\/wp-json\/wp\/v2\/pages\/3499","targetHints":{"allow":["GET"]}}],"collection":[{"href":"https:\/\/onrnc.com\/vi\/wp-json\/wp\/v2\/pages"}],"about":[{"href":"https:\/\/onrnc.com\/vi\/wp-json\/wp\/v2\/types\/page"}],"author":[{"embeddable":true,"href":"https:\/\/onrnc.com\/vi\/wp-json\/wp\/v2\/users\/1"}],"replies":[{"embeddable":true,"href":"https:\/\/onrnc.com\/vi\/wp-json\/wp\/v2\/comments?post=3499"}],"version-history":[{"count":7,"href":"https:\/\/onrnc.com\/vi\/wp-json\/wp\/v2\/pages\/3499\/revisions"}],"predecessor-version":[{"id":4136,"href":"https:\/\/onrnc.com\/vi\/wp-json\/wp\/v2\/pages\/3499\/revisions\/4136"}],"up":[{"embeddable":true,"href":"https:\/\/onrnc.com\/vi\/wp-json\/wp\/v2\/pages\/3494"}],"wp:attachment":[{"href":"https:\/\/onrnc.com\/vi\/wp-json\/wp\/v2\/media?parent=3499"}],"curies":[{"name":"wp","href":"https:\/\/api.w.org\/{rel}","templated":true}]}}