{"id":3501,"date":"2025-11-12T05:01:45","date_gmt":"2025-11-11T20:01:45","guid":{"rendered":"https:\/\/onrnc.com\/esg\/ethics\/"},"modified":"2026-01-08T13:59:07","modified_gmt":"2026-01-08T04:59:07","slug":"ethics","status":"publish","type":"page","link":"https:\/\/onrnc.com\/vi\/esg\/ethics\/","title":{"rendered":"Qu\u1ea3n l\u00fd theo nguy\u00ean t\u1eafc \u0111\u1ea1o \u0111\u1ee9c"},"content":{"rendered":"\t\t<div data-elementor-type=\"wp-page\" data-elementor-id=\"3501\" class=\"elementor elementor-3501 elementor-2130\" data-elementor-post-type=\"page\">\n\t\t\t\t<div class=\"elementor-element elementor-element-6b33dcb e-con-full font e-flex e-con e-parent\" data-id=\"6b33dcb\" data-element_type=\"container\" data-settings=\"{&quot;background_background&quot;:&quot;classic&quot;,&quot;jet_parallax_layout_list&quot;:[]}\">\n\t\t\t\t<div class=\"elementor-element elementor-element-4abe12c elementor-widget elementor-widget-heading\" data-id=\"4abe12c\" data-element_type=\"widget\" data-widget_type=\"heading.default\">\n\t\t\t\t<div class=\"elementor-widget-container\">\n\t\t\t\t\t<h2 class=\"elementor-heading-title elementor-size-default\">ESG<\/h2>\t\t\t\t<\/div>\n\t\t\t\t<\/div>\n\t\t\t\t<div class=\"elementor-element elementor-element-868fded elementor-nav-menu--dropdown-none elementor-absolute sub-menu elementor-hidden-mobile elementor-widget elementor-widget-nav-menu\" data-id=\"868fded\" data-element_type=\"widget\" data-settings=\"{&quot;submenu_icon&quot;:{&quot;value&quot;:&quot;&lt;i class=\\&quot;\\&quot;&gt;&lt;\\\/i&gt;&quot;,&quot;library&quot;:&quot;&quot;},&quot;_position&quot;:&quot;absolute&quot;,&quot;layout&quot;:&quot;horizontal&quot;}\" data-widget_type=\"nav-menu.default\">\n\t\t\t\t<div class=\"elementor-widget-container\">\n\t\t\t\t\t\t\t\t<nav aria-label=\"Menu\" class=\"elementor-nav-menu--main elementor-nav-menu__container elementor-nav-menu--layout-horizontal e--pointer-none\">\n\t\t\t\t<ul id=\"menu-1-868fded\" class=\"elementor-nav-menu\"><li class=\"menu-item menu-item-type-post_type menu-item-object-page menu-item-3565\"><a href=\"https:\/\/onrnc.com\/vi\/esg\/esg-overview\/\" class=\"elementor-item\">ESG Overview<\/a><\/li>\n<li class=\"menu-item menu-item-type-post_type menu-item-object-page menu-item-3566\"><a href=\"https:\/\/onrnc.com\/vi\/esg\/environment\/\" class=\"elementor-item\">Qu\u1ea3n l\u00fd m\u00f4i tr\u01b0\u1eddng<\/a><\/li>\n<li class=\"menu-item menu-item-type-post_type menu-item-object-page menu-item-3567\"><a href=\"https:\/\/onrnc.com\/vi\/esg\/society\/\" class=\"elementor-item\">X\u00e3 h\u1ed9i \u2013 Tr\u00e1ch nhi\u1ec7m x\u00e3 h\u1ed9i.<\/a><\/li>\n<li class=\"menu-item menu-item-type-post_type menu-item-object-page menu-item-3568\"><a href=\"https:\/\/onrnc.com\/vi\/esg\/ethics\/\" class=\"elementor-item\">Qu\u1ea3n l\u00fd theo nguy\u00ean t\u1eafc \u0111\u1ea1o \u0111\u1ee9c<\/a><\/li>\n<li class=\"menu-item menu-item-type-post_type menu-item-object-page menu-item-3569\"><a href=\"https:\/\/onrnc.com\/vi\/esg\/quality\/\" class=\"elementor-item\">Qu\u1ea3n l\u00fd ch\u1ea5t l\u01b0\u1ee3ng<\/a><\/li>\n<\/ul>\t\t\t<\/nav>\n\t\t\t\t\t\t<nav class=\"elementor-nav-menu--dropdown elementor-nav-menu__container\" aria-hidden=\"true\">\n\t\t\t\t<ul id=\"menu-2-868fded\" class=\"elementor-nav-menu\"><li class=\"menu-item menu-item-type-post_type menu-item-object-page menu-item-3565\"><a href=\"https:\/\/onrnc.com\/vi\/esg\/esg-overview\/\" class=\"elementor-item\" tabindex=\"-1\">ESG Overview<\/a><\/li>\n<li class=\"menu-item menu-item-type-post_type menu-item-object-page menu-item-3566\"><a href=\"https:\/\/onrnc.com\/vi\/esg\/environment\/\" class=\"elementor-item\" tabindex=\"-1\">Qu\u1ea3n l\u00fd m\u00f4i tr\u01b0\u1eddng<\/a><\/li>\n<li class=\"menu-item menu-item-type-post_type menu-item-object-page menu-item-3567\"><a href=\"https:\/\/onrnc.com\/vi\/esg\/society\/\" class=\"elementor-item\" tabindex=\"-1\">X\u00e3 h\u1ed9i \u2013 Tr\u00e1ch nhi\u1ec7m x\u00e3 h\u1ed9i.<\/a><\/li>\n<li class=\"menu-item menu-item-type-post_type menu-item-object-page menu-item-3568\"><a href=\"https:\/\/onrnc.com\/vi\/esg\/ethics\/\" class=\"elementor-item\" tabindex=\"-1\">Qu\u1ea3n l\u00fd theo nguy\u00ean t\u1eafc \u0111\u1ea1o \u0111\u1ee9c<\/a><\/li>\n<li class=\"menu-item menu-item-type-post_type menu-item-object-page menu-item-3569\"><a href=\"https:\/\/onrnc.com\/vi\/esg\/quality\/\" class=\"elementor-item\" tabindex=\"-1\">Qu\u1ea3n l\u00fd ch\u1ea5t l\u01b0\u1ee3ng<\/a><\/li>\n<\/ul>\t\t\t<\/nav>\n\t\t\t\t\t\t<\/div>\n\t\t\t\t<\/div>\n\t\t\t\t<\/div>\n\t\t<div class=\"elementor-element elementor-element-5405170 font e-flex e-con-boxed e-con e-parent\" data-id=\"5405170\" data-element_type=\"container\" data-settings=\"{&quot;jet_parallax_layout_list&quot;:[]}\">\n\t\t\t\t\t<div class=\"e-con-inner\">\n\t\t<div class=\"elementor-element elementor-element-9775996 e-con-full e-flex e-con e-child\" data-id=\"9775996\" data-element_type=\"container\" data-settings=\"{&quot;jet_parallax_layout_list&quot;:[]}\">\n\t\t\t\t<div class=\"elementor-element elementor-element-aae6621 elementor-widget__width-inherit elementor-widget elementor-widget-heading\" data-id=\"aae6621\" data-element_type=\"widget\" data-widget_type=\"heading.default\">\n\t\t\t\t<div class=\"elementor-widget-container\">\n\t\t\t\t\t<h3 class=\"elementor-heading-title elementor-size-default\">Qu\u1ea3n l\u00fd theo nguy\u00ean t\u1eafc \u0111\u1ea1o \u0111\u1ee9c<\/h3>\t\t\t\t<\/div>\n\t\t\t\t<\/div>\n\t\t\t\t<div class=\"elementor-element elementor-element-73215f4 elementor-invisible elementor-widget elementor-widget-text-editor\" data-id=\"73215f4\" data-element_type=\"widget\" data-settings=\"{&quot;_animation&quot;:&quot;fadeInUp&quot;}\" data-widget_type=\"text-editor.default\">\n\t\t\t\t<div class=\"elementor-widget-container\">\n\t\t\t\t\t\t\t\t\tC\u00f4ng ty O.N x\u00e2y d\u1ef1ng khung v\u1eadn h\u00e0nh doanh nghi\u1ec7p d\u1ef1a tr\u00ean B\u1ed9 h\u01b0\u1edbng d\u1eabn \u0111\u1ea1o \u0111\u1ee9c <br class=\"br03\" \/>(quy \u0111\u1ecbnh c\u1ee7a H\u1ed9i \u0111\u1ed3ng qu\u1ea3n tr\u1ecb, quy t\u1eafc \u0111\u1ea1o \u0111\u1ee9c&#8230;), \u0111\u1ed3ng th\u1eddi \u0111\u1ea3m b\u1ea3o m\u1ecdi c\u00e1n b\u1ed9 nh\u00e2n vi\u00ean \u0111\u1ec1u tu\u00e2n th\u1ee7 nghi\u00eam t\u00fac.\t\t\t\t\t\t\t\t<\/div>\n\t\t\t\t<\/div>\n\t\t\t\t<div class=\"elementor-element elementor-element-ae58de5 elementor-invisible elementor-widget elementor-widget-text-editor\" data-id=\"ae58de5\" data-element_type=\"widget\" data-settings=\"{&quot;_animation&quot;:&quot;fadeInUp&quot;}\" data-widget_type=\"text-editor.default\">\n\t\t\t\t<div class=\"elementor-widget-container\">\n\t\t\t\t\t\t\t\t\tC\u00f4ng ty TNHH O.N \u0111\u00e3 th\u00e0nh l\u1eadp \u1ee6y ban ESG, c\u01a1 quan \u0111\u00e1nh gi\u00e1 cao nh\u1ea5t v\u1ec1 qu\u1ea3n l\u00fd ESG. <br class=\"br02\" \/>\u1ee6y ban n\u00e0y thi\u1ebft l\u1eadp c\u00e1c ch\u00ednh s\u00e1ch v\u00e0 chi\u1ebfn l\u01b0\u1ee3c c\u01a1 b\u1ea3n cho c\u00e1c l\u0129nh v\u1ef1c ESG, bao g\u1ed3m m\u00f4i tr\u01b0\u1eddng, <br class=\"br02\" \/>tr\u00e1ch nhi\u1ec7m x\u00e3 h\u1ed9i v\u00e0 minh b\u1ea1ch qu\u1ea3n tr\u1ecb, c\u0169ng nh\u01b0 gi\u00e1 tr\u1ecb kh\u00e1ch h\u00e0ng v\u00e0 c\u1ed5 \u0111\u00f4ng, \u0111\u1ed3ng th\u1eddi xem x\u00e9t v\u00e0 gi\u00e1m s\u00e1t c\u00e1c m\u1ee5c ti\u00eau trung v\u00e0 d\u00e0i h\u1ea1n.\t\t\t\t\t\t\t\t<\/div>\n\t\t\t\t<\/div>\n\t\t\t\t<\/div>\n\t\t<div class=\"elementor-element elementor-element-db8fb87 e-con-full e-flex e-con e-child\" data-id=\"db8fb87\" data-element_type=\"container\" data-settings=\"{&quot;jet_parallax_layout_list&quot;:[]}\">\n\t\t<div class=\"elementor-element elementor-element-5846062 e-con-full e-flex elementor-invisible e-con e-child\" data-id=\"5846062\" data-element_type=\"container\" data-settings=\"{&quot;background_background&quot;:&quot;classic&quot;,&quot;jet_parallax_layout_list&quot;:[],&quot;animation&quot;:&quot;fadeIn&quot;}\">\n\t\t<div class=\"elementor-element elementor-element-50e9d46 e-con-full e-flex e-con e-child\" data-id=\"50e9d46\" data-element_type=\"container\" data-settings=\"{&quot;background_background&quot;:&quot;classic&quot;,&quot;jet_parallax_layout_list&quot;:[]}\">\n\t\t\t\t<div class=\"elementor-element elementor-element-76eb81b elementor-widget elementor-widget-text-editor\" data-id=\"76eb81b\" data-element_type=\"widget\" data-widget_type=\"text-editor.default\">\n\t\t\t\t<div class=\"elementor-widget-container\">\n\t\t\t\t\t\t\t\t\tH\u1ed9i \u0111\u1ed3ng qu\u1ea3n tr\u1ecb\t\t\t\t\t\t\t\t<\/div>\n\t\t\t\t<\/div>\n\t\t\t\t<\/div>\n\t\t\t\t<div class=\"elementor-element elementor-element-f2d604e elementor-widget__width-auto elementor-widget-divider--view-line elementor-widget elementor-widget-divider\" data-id=\"f2d604e\" data-element_type=\"widget\" data-widget_type=\"divider.default\">\n\t\t\t\t<div class=\"elementor-widget-container\">\n\t\t\t\t\t\t\t<div class=\"elementor-divider\">\n\t\t\t<span class=\"elementor-divider-separator\">\n\t\t\t\t\t\t<\/span>\n\t\t<\/div>\n\t\t\t\t\t\t<\/div>\n\t\t\t\t<\/div>\n\t\t<div class=\"elementor-element elementor-element-9021be1 e-con-full e-flex e-con e-child\" data-id=\"9021be1\" data-element_type=\"container\" data-settings=\"{&quot;background_background&quot;:&quot;classic&quot;,&quot;jet_parallax_layout_list&quot;:[]}\">\n\t\t\t\t<div class=\"elementor-element elementor-element-f5f0cad elementor-widget elementor-widget-text-editor\" data-id=\"f5f0cad\" data-element_type=\"widget\" data-widget_type=\"text-editor.default\">\n\t\t\t\t<div class=\"elementor-widget-container\">\n\t\t\t\t\t\t\t\t\t\u1ee6y ban ESG\t\t\t\t\t\t\t\t<\/div>\n\t\t\t\t<\/div>\n\t\t\t\t<\/div>\n\t\t\t\t<div class=\"elementor-element elementor-element-969681d elementor-widget__width-auto elementor-widget-divider--view-line elementor-widget elementor-widget-divider\" data-id=\"969681d\" data-element_type=\"widget\" data-widget_type=\"divider.default\">\n\t\t\t\t<div class=\"elementor-widget-container\">\n\t\t\t\t\t\t\t<div class=\"elementor-divider\">\n\t\t\t<span class=\"elementor-divider-separator\">\n\t\t\t\t\t\t<\/span>\n\t\t<\/div>\n\t\t\t\t\t\t<\/div>\n\t\t\t\t<\/div>\n\t\t<div class=\"elementor-element elementor-element-77c3f01 e-con-full e-flex e-con e-child\" data-id=\"77c3f01\" data-element_type=\"container\" data-settings=\"{&quot;jet_parallax_layout_list&quot;:[]}\">\n\t\t\t\t<div class=\"elementor-element elementor-element-8f1afe4 elementor-widget__width-inherit elementor-widget-divider--view-line elementor-widget elementor-widget-divider\" data-id=\"8f1afe4\" data-element_type=\"widget\" data-widget_type=\"divider.default\">\n\t\t\t\t<div class=\"elementor-widget-container\">\n\t\t\t\t\t\t\t<div class=\"elementor-divider\">\n\t\t\t<span class=\"elementor-divider-separator\">\n\t\t\t\t\t\t<\/span>\n\t\t<\/div>\n\t\t\t\t\t\t<\/div>\n\t\t\t\t<\/div>\n\t\t\t\t<div class=\"elementor-element elementor-element-e43d202 elementor-widget__width-initial elementor-widget-divider--view-line elementor-widget elementor-widget-divider\" data-id=\"e43d202\" data-element_type=\"widget\" data-widget_type=\"divider.default\">\n\t\t\t\t<div class=\"elementor-widget-container\">\n\t\t\t\t\t\t\t<div class=\"elementor-divider\">\n\t\t\t<span class=\"elementor-divider-separator\">\n\t\t\t\t\t\t<\/span>\n\t\t<\/div>\n\t\t\t\t\t\t<\/div>\n\t\t\t\t<\/div>\n\t\t\t\t<div class=\"elementor-element elementor-element-4f9550b elementor-widget__width-initial elementor-widget-divider--view-line elementor-widget elementor-widget-divider\" data-id=\"4f9550b\" data-element_type=\"widget\" data-widget_type=\"divider.default\">\n\t\t\t\t<div class=\"elementor-widget-container\">\n\t\t\t\t\t\t\t<div class=\"elementor-divider\">\n\t\t\t<span class=\"elementor-divider-separator\">\n\t\t\t\t\t\t<\/span>\n\t\t<\/div>\n\t\t\t\t\t\t<\/div>\n\t\t\t\t<\/div>\n\t\t\t\t<\/div>\n\t\t<div class=\"elementor-element elementor-element-7212597 e-con-full e-flex e-con e-child\" data-id=\"7212597\" data-element_type=\"container\" data-settings=\"{&quot;jet_parallax_layout_list&quot;:[]}\">\n\t\t<div class=\"elementor-element elementor-element-dbd1c7c e-con-full e-flex e-con e-child\" data-id=\"dbd1c7c\" data-element_type=\"container\" data-settings=\"{&quot;background_background&quot;:&quot;classic&quot;,&quot;jet_parallax_layout_list&quot;:[]}\">\n\t\t\t\t<div class=\"elementor-element elementor-element-3f0d006 elementor-widget elementor-widget-text-editor\" data-id=\"3f0d006\" data-element_type=\"widget\" data-widget_type=\"text-editor.default\">\n\t\t\t\t<div class=\"elementor-widget-container\">\n\t\t\t\t\t\t\t\t\tH\u1ed9i \u0111\u1ed3ng qu\u1ea3n tr\u1ecb\t\t\t\t\t\t\t\t<\/div>\n\t\t\t\t<\/div>\n\t\t\t\t<div class=\"elementor-element elementor-element-2995206 elementor-align-left elementor-icon-list--layout-traditional elementor-list-item-link-full_width elementor-widget elementor-widget-icon-list\" data-id=\"2995206\" data-element_type=\"widget\" data-widget_type=\"icon-list.default\">\n\t\t\t\t<div class=\"elementor-widget-container\">\n\t\t\t\t\t\t\t<ul class=\"elementor-icon-list-items\">\n\t\t\t\t\t\t\t<li class=\"elementor-icon-list-item\">\n\t\t\t\t\t\t\t\t\t\t\t<span class=\"elementor-icon-list-icon\">\n\t\t\t\t\t\t\t<svg aria-hidden=\"true\" class=\"e-font-icon-svg e-fas-circle\" viewBox=\"0 0 512 512\" xmlns=\"http:\/\/www.w3.org\/2000\/svg\"><path d=\"M256 8C119 8 8 119 8 256s111 248 248 248 248-111 248-248S393 8 256 8z\"><\/path><\/svg>\t\t\t\t\t\t<\/span>\n\t\t\t\t\t\t\t\t\t\t<span class=\"elementor-icon-list-text\">X\u00e2y d\u1ef1ng \u0111\u1ecbnh h\u01b0\u1edbng chi\u1ebfn l\u01b0\u1ee3c ESG<\/span>\n\t\t\t\t\t\t\t\t\t<\/li>\n\t\t\t\t\t\t\t\t<li class=\"elementor-icon-list-item\">\n\t\t\t\t\t\t\t\t\t\t\t<span class=\"elementor-icon-list-icon\">\n\t\t\t\t\t\t\t<svg aria-hidden=\"true\" class=\"e-font-icon-svg e-fas-circle\" viewBox=\"0 0 512 512\" xmlns=\"http:\/\/www.w3.org\/2000\/svg\"><path d=\"M256 8C119 8 8 119 8 256s111 248 248 248 248-111 248-248S393 8 256 8z\"><\/path><\/svg>\t\t\t\t\t\t<\/span>\n\t\t\t\t\t\t\t\t\t\t<span class=\"elementor-icon-list-text\">Qu\u1ea3n l\u00fd th\u1ef1c hi\u1ec7n c\u00e1c nhi\u1ec7m v\u1ee5 tr\u1ecdng \u0111i\u1ec3m<\/span>\n\t\t\t\t\t\t\t\t\t<\/li>\n\t\t\t\t\t\t\t\t<li class=\"elementor-icon-list-item\">\n\t\t\t\t\t\t\t\t\t\t\t<span class=\"elementor-icon-list-icon\">\n\t\t\t\t\t\t\t<svg aria-hidden=\"true\" class=\"e-font-icon-svg e-fas-circle\" viewBox=\"0 0 512 512\" xmlns=\"http:\/\/www.w3.org\/2000\/svg\"><path d=\"M256 8C119 8 8 119 8 256s111 248 248 248 248-111 248-248S393 8 256 8z\"><\/path><\/svg>\t\t\t\t\t\t<\/span>\n\t\t\t\t\t\t\t\t\t\t<span class=\"elementor-icon-list-text\">C\u00f4ng t\u00e1c h\u1ed7 tr\u1ee3 cho \u1ee6y ban<\/span>\n\t\t\t\t\t\t\t\t\t<\/li>\n\t\t\t\t\t\t\t\t<li class=\"elementor-icon-list-item\">\n\t\t\t\t\t\t\t\t\t\t\t<span class=\"elementor-icon-list-icon\">\n\t\t\t\t\t\t\t<svg aria-hidden=\"true\" class=\"e-font-icon-svg e-fas-circle\" viewBox=\"0 0 512 512\" xmlns=\"http:\/\/www.w3.org\/2000\/svg\"><path d=\"M256 8C119 8 8 119 8 256s111 248 248 248 248-111 248-248S393 8 256 8z\"><\/path><\/svg>\t\t\t\t\t\t<\/span>\n\t\t\t\t\t\t\t\t\t\t<span class=\"elementor-icon-list-text\">Ph\u00e1t h\u00e0nh b\u00e1o c\u00e1o ESG<\/span>\n\t\t\t\t\t\t\t\t\t<\/li>\n\t\t\t\t\t\t<\/ul>\n\t\t\t\t\t\t<\/div>\n\t\t\t\t<\/div>\n\t\t\t\t<\/div>\n\t\t<div class=\"elementor-element elementor-element-7dd0c65 e-con-full e-flex e-con e-child\" data-id=\"7dd0c65\" data-element_type=\"container\" data-settings=\"{&quot;background_background&quot;:&quot;classic&quot;,&quot;jet_parallax_layout_list&quot;:[]}\">\n\t\t\t\t<div class=\"elementor-element elementor-element-2e766e5 elementor-widget elementor-widget-text-editor\" data-id=\"2e766e5\" data-element_type=\"widget\" data-widget_type=\"text-editor.default\">\n\t\t\t\t<div class=\"elementor-widget-container\">\n\t\t\t\t\t\t\t\t\t<p>Nh\u00f3m c\u00f4ng t\u00e1c ESG<\/p>\t\t\t\t\t\t\t\t<\/div>\n\t\t\t\t<\/div>\n\t\t\t\t<div class=\"elementor-element elementor-element-b820f1d elementor-align-left elementor-icon-list--layout-traditional elementor-list-item-link-full_width elementor-widget elementor-widget-icon-list\" data-id=\"b820f1d\" data-element_type=\"widget\" data-widget_type=\"icon-list.default\">\n\t\t\t\t<div class=\"elementor-widget-container\">\n\t\t\t\t\t\t\t<ul class=\"elementor-icon-list-items\">\n\t\t\t\t\t\t\t<li class=\"elementor-icon-list-item\">\n\t\t\t\t\t\t\t\t\t\t\t<span class=\"elementor-icon-list-icon\">\n\t\t\t\t\t\t\t<svg aria-hidden=\"true\" class=\"e-font-icon-svg e-fas-circle\" viewBox=\"0 0 512 512\" xmlns=\"http:\/\/www.w3.org\/2000\/svg\"><path d=\"M256 8C119 8 8 119 8 256s111 248 248 248 248-111 248-248S393 8 256 8z\"><\/path><\/svg>\t\t\t\t\t\t<\/span>\n\t\t\t\t\t\t\t\t\t\t<span class=\"elementor-icon-list-text\">Qu\u1ea3n l\u00fd v\u00e0 Ph\u00e1t tri\u1ec3n chi\u1ebfn l\u01b0\u1ee3c ESG<\/span>\n\t\t\t\t\t\t\t\t\t<\/li>\n\t\t\t\t\t\t\t\t<li class=\"elementor-icon-list-item\">\n\t\t\t\t\t\t\t\t\t\t\t<span class=\"elementor-icon-list-icon\">\n\t\t\t\t\t\t\t<svg aria-hidden=\"true\" class=\"e-font-icon-svg e-fas-circle\" viewBox=\"0 0 512 512\" xmlns=\"http:\/\/www.w3.org\/2000\/svg\"><path d=\"M256 8C119 8 8 119 8 256s111 248 248 248 248-111 248-248S393 8 256 8z\"><\/path><\/svg>\t\t\t\t\t\t<\/span>\n\t\t\t\t\t\t\t\t\t\t<span class=\"elementor-icon-list-text\">X\u00e1c \u0111\u1ecbnh c\u00e1c nhi\u1ec7m v\u1ee5 tr\u1ecdng t\u00e2m<\/span>\n\t\t\t\t\t\t\t\t\t<\/li>\n\t\t\t\t\t\t\t\t<li class=\"elementor-icon-list-item\">\n\t\t\t\t\t\t\t\t\t\t\t<span class=\"elementor-icon-list-icon\">\n\t\t\t\t\t\t\t<svg aria-hidden=\"true\" class=\"e-font-icon-svg e-fas-circle\" viewBox=\"0 0 512 512\" xmlns=\"http:\/\/www.w3.org\/2000\/svg\"><path d=\"M256 8C119 8 8 119 8 256s111 248 248 248 248-111 248-248S393 8 256 8z\"><\/path><\/svg>\t\t\t\t\t\t<\/span>\n\t\t\t\t\t\t\t\t\t\t<span class=\"elementor-icon-list-text\">Tri\u1ec3n khai ti\u1ebfn h\u00e0nh c\u00e1c nhi\u1ec7m v\u1ee5 tr\u1ecdng t\u00e2m<\/span>\n\t\t\t\t\t\t\t\t\t<\/li>\n\t\t\t\t\t\t\t\t<li class=\"elementor-icon-list-item\">\n\t\t\t\t\t\t\t\t\t\t\t<span class=\"elementor-icon-list-icon\">\n\t\t\t\t\t\t\t<svg aria-hidden=\"true\" class=\"e-font-icon-svg e-fas-circle\" viewBox=\"0 0 512 512\" xmlns=\"http:\/\/www.w3.org\/2000\/svg\"><path d=\"M256 8C119 8 8 119 8 256s111 248 248 248 248-111 248-248S393 8 256 8z\"><\/path><\/svg>\t\t\t\t\t\t<\/span>\n\t\t\t\t\t\t\t\t\t\t<span class=\"elementor-icon-list-text\">N\u1ed9i b\u1ed9 h\u00f3a ESG trong to\u00e0n th\u1ec3 c\u00e1n b\u1ed9 nh\u00e2n vi\u00ean<\/span>\n\t\t\t\t\t\t\t\t\t<\/li>\n\t\t\t\t\t\t<\/ul>\n\t\t\t\t\t\t<\/div>\n\t\t\t\t<\/div>\n\t\t\t\t<\/div>\n\t\t\t\t<\/div>\n\t\t\t\t<\/div>\n\t\t<div class=\"elementor-element elementor-element-33ab6bb e-con-full e-flex elementor-invisible e-con e-child\" data-id=\"33ab6bb\" data-element_type=\"container\" data-settings=\"{&quot;jet_parallax_layout_list&quot;:[],&quot;animation&quot;:&quot;fadeInRight&quot;}\">\n\t\t\t\t<div class=\"elementor-element elementor-element-ac0cf47 elementor-widget-divider--view-line elementor-widget elementor-widget-divider\" data-id=\"ac0cf47\" data-element_type=\"widget\" data-widget_type=\"divider.default\">\n\t\t\t\t<div class=\"elementor-widget-container\">\n\t\t\t\t\t\t\t<div class=\"elementor-divider\">\n\t\t\t<span class=\"elementor-divider-separator\">\n\t\t\t\t\t\t<\/span>\n\t\t<\/div>\n\t\t\t\t\t\t<\/div>\n\t\t\t\t<\/div>\n\t\t\t\t<div class=\"elementor-element elementor-element-a2bb4b2 elementor-icon-list--layout-inline code-of-ethics-list elementor-list-item-link-full_width elementor-widget elementor-widget-icon-list\" data-id=\"a2bb4b2\" data-element_type=\"widget\" data-widget_type=\"icon-list.default\">\n\t\t\t\t<div class=\"elementor-widget-container\">\n\t\t\t\t\t\t\t<ul class=\"elementor-icon-list-items elementor-inline-items\">\n\t\t\t\t\t\t\t<li class=\"elementor-icon-list-item elementor-inline-item\">\n\t\t\t\t\t\t\t\t\t\t<span class=\"elementor-icon-list-text\">01<\/span>\n\t\t\t\t\t\t\t\t\t<\/li>\n\t\t\t\t\t\t\t\t<li class=\"elementor-icon-list-item elementor-inline-item\">\n\t\t\t\t\t\t\t\t\t\t<span class=\"elementor-icon-list-text\">C\u00f4ng b\u1ed1 th\u00f4ng tin v\u00e0 ho\u1ea1t \u0111\u1ed9ng IR\/PR d\u1ef1a tr\u00ean nguy\u00ean t\u1eafc minh b\u1ea1ch v\u00e0 c\u00f4ng b\u1eb1ng<\/span>\n\t\t\t\t\t\t\t\t\t<\/li>\n\t\t\t\t\t\t<\/ul>\n\t\t\t\t\t\t<\/div>\n\t\t\t\t<\/div>\n\t\t\t\t<div class=\"elementor-element elementor-element-234896f elementor-icon-list--layout-inline code-of-ethics-list elementor-list-item-link-full_width elementor-widget elementor-widget-icon-list\" data-id=\"234896f\" data-element_type=\"widget\" data-widget_type=\"icon-list.default\">\n\t\t\t\t<div class=\"elementor-widget-container\">\n\t\t\t\t\t\t\t<ul class=\"elementor-icon-list-items elementor-inline-items\">\n\t\t\t\t\t\t\t<li class=\"elementor-icon-list-item elementor-inline-item\">\n\t\t\t\t\t\t\t\t\t\t<span class=\"elementor-icon-list-text\">02<\/span>\n\t\t\t\t\t\t\t\t\t<\/li>\n\t\t\t\t\t\t\t\t<li class=\"elementor-icon-list-item elementor-inline-item\">\n\t\t\t\t\t\t\t\t\t\t<span class=\"elementor-icon-list-text\">Th\u1ef1c hi\u1ec7n \u0111\u00e1nh gi\u00e1 chu\u1ed7i cung \u1ee9ng ESG th\u00f4ng qua ki\u1ec3m tra th\u1ef1c \u0111\u1ecba chu\u1ed7i cung \u1ee9ng<\/span>\n\t\t\t\t\t\t\t\t\t<\/li>\n\t\t\t\t\t\t<\/ul>\n\t\t\t\t\t\t<\/div>\n\t\t\t\t<\/div>\n\t\t\t\t<div class=\"elementor-element elementor-element-eb81c4c elementor-icon-list--layout-inline code-of-ethics-list elementor-list-item-link-full_width elementor-widget elementor-widget-icon-list\" data-id=\"eb81c4c\" data-element_type=\"widget\" data-widget_type=\"icon-list.default\">\n\t\t\t\t<div class=\"elementor-widget-container\">\n\t\t\t\t\t\t\t<ul class=\"elementor-icon-list-items elementor-inline-items\">\n\t\t\t\t\t\t\t<li class=\"elementor-icon-list-item elementor-inline-item\">\n\t\t\t\t\t\t\t\t\t\t<span class=\"elementor-icon-list-text\">03<\/span>\n\t\t\t\t\t\t\t\t\t<\/li>\n\t\t\t\t\t\t\t\t<li class=\"elementor-icon-list-item elementor-inline-item\">\n\t\t\t\t\t\t\t\t\t\t<span class=\"elementor-icon-list-text\">Tri\u1ec3n khai qu\u1ea3n tr\u1ecb t\u1eeb g\u00f3c nh\u00ecn c\u1ee7a nh\u00e0 \u0111\u1ea7u t\u01b0 nh\u1eb1m n\u00e2ng cao gi\u00e1 tr\u1ecb doanh nghi\u1ec7p<\/span>\n\t\t\t\t\t\t\t\t\t<\/li>\n\t\t\t\t\t\t<\/ul>\n\t\t\t\t\t\t<\/div>\n\t\t\t\t<\/div>\n\t\t\t\t<div class=\"elementor-element elementor-element-1a5be91 elementor-icon-list--layout-inline code-of-ethics-list elementor-list-item-link-full_width elementor-widget elementor-widget-icon-list\" data-id=\"1a5be91\" data-element_type=\"widget\" data-widget_type=\"icon-list.default\">\n\t\t\t\t<div class=\"elementor-widget-container\">\n\t\t\t\t\t\t\t<ul class=\"elementor-icon-list-items elementor-inline-items\">\n\t\t\t\t\t\t\t<li class=\"elementor-icon-list-item elementor-inline-item\">\n\t\t\t\t\t\t\t\t\t\t<span class=\"elementor-icon-list-text\">04<\/span>\n\t\t\t\t\t\t\t\t\t<\/li>\n\t\t\t\t\t\t\t\t<li class=\"elementor-icon-list-item elementor-inline-item\">\n\t\t\t\t\t\t\t\t\t\t<span class=\"elementor-icon-list-text\">Th\u1ef1c hi\u1ec7n qu\u1ea3n l\u00fd r\u1ee7i ro \u2013 m\u1ed9t trong nh\u1eefng v\u1ea5n \u0111\u1ec1 tr\u1ecdng y\u1ebfu h\u00e0ng \u0111\u1ea7u v\u1ec1 qu\u1ea3n tr\u1ecb<\/span>\n\t\t\t\t\t\t\t\t\t<\/li>\n\t\t\t\t\t\t<\/ul>\n\t\t\t\t\t\t<\/div>\n\t\t\t\t<\/div>\n\t\t\t\t<\/div>\n\t\t\t\t<\/div>\n\t\t\t\t\t<\/div>\n\t\t\t\t<\/div>\n\t\t\t\t<\/div>\n\t\t","protected":false},"excerpt":{"rendered":"<p>ESG Qu\u1ea3n l\u00fd theo nguy\u00ean t\u1eafc \u0111\u1ea1o \u0111\u1ee9c C\u00f4ng ty O.N x\u00e2y d\u1ef1ng khung v\u1eadn h\u00e0nh doanh nghi\u1ec7p d\u1ef1a tr\u00ean B\u1ed9 h\u01b0\u1edbng d\u1eabn \u0111\u1ea1o \u0111\u1ee9c (quy \u0111\u1ecbnh c\u1ee7a H\u1ed9i \u0111\u1ed3ng qu\u1ea3n tr\u1ecb, quy t\u1eafc \u0111\u1ea1o \u0111\u1ee9c&#8230;), \u0111\u1ed3ng th\u1eddi \u0111\u1ea3m b\u1ea3o m\u1ecdi c\u00e1n b\u1ed9 nh\u00e2n vi\u00ean \u0111\u1ec1u tu\u00e2n th\u1ee7 nghi\u00eam t\u00fac.C\u00f4ng ty TNHH O.N \u0111\u00e3 th\u00e0nh [&hellip;]<\/p>\n","protected":false},"author":1,"featured_media":0,"parent":3494,"menu_order":4,"comment_status":"closed","ping_status":"closed","template":"","meta":{"_acf_changed":false,"footnotes":""},"class_list":["post-3501","page","type-page","status-publish","hentry"],"acf":[],"_links":{"self":[{"href":"https:\/\/onrnc.com\/vi\/wp-json\/wp\/v2\/pages\/3501","targetHints":{"allow":["GET"]}}],"collection":[{"href":"https:\/\/onrnc.com\/vi\/wp-json\/wp\/v2\/pages"}],"about":[{"href":"https:\/\/onrnc.com\/vi\/wp-json\/wp\/v2\/types\/page"}],"author":[{"embeddable":true,"href":"https:\/\/onrnc.com\/vi\/wp-json\/wp\/v2\/users\/1"}],"replies":[{"embeddable":true,"href":"https:\/\/onrnc.com\/vi\/wp-json\/wp\/v2\/comments?post=3501"}],"version-history":[{"count":10,"href":"https:\/\/onrnc.com\/vi\/wp-json\/wp\/v2\/pages\/3501\/revisions"}],"predecessor-version":[{"id":4145,"href":"https:\/\/onrnc.com\/vi\/wp-json\/wp\/v2\/pages\/3501\/revisions\/4145"}],"up":[{"embeddable":true,"href":"https:\/\/onrnc.com\/vi\/wp-json\/wp\/v2\/pages\/3494"}],"wp:attachment":[{"href":"https:\/\/onrnc.com\/vi\/wp-json\/wp\/v2\/media?parent=3501"}],"curies":[{"name":"wp","href":"https:\/\/api.w.org\/{rel}","templated":true}]}}