{"id":3502,"date":"2025-11-12T05:56:12","date_gmt":"2025-11-11T20:56:12","guid":{"rendered":"https:\/\/onrnc.com\/esg\/quality\/"},"modified":"2026-01-08T14:01:02","modified_gmt":"2026-01-08T05:01:02","slug":"quality","status":"publish","type":"page","link":"https:\/\/onrnc.com\/vi\/esg\/quality\/","title":{"rendered":"Qu\u1ea3n l\u00fd ch\u1ea5t l\u01b0\u1ee3ng"},"content":{"rendered":"\t\t<div data-elementor-type=\"wp-page\" data-elementor-id=\"3502\" class=\"elementor elementor-3502 elementor-2162\" data-elementor-post-type=\"page\">\n\t\t\t\t<div class=\"elementor-element elementor-element-6b33dcb e-con-full font e-flex e-con e-parent\" data-id=\"6b33dcb\" data-element_type=\"container\" data-settings=\"{&quot;background_background&quot;:&quot;classic&quot;,&quot;jet_parallax_layout_list&quot;:[]}\">\n\t\t\t\t<div class=\"elementor-element elementor-element-4abe12c elementor-widget elementor-widget-heading\" data-id=\"4abe12c\" data-element_type=\"widget\" data-widget_type=\"heading.default\">\n\t\t\t\t<div class=\"elementor-widget-container\">\n\t\t\t\t\t<h2 class=\"elementor-heading-title elementor-size-default\">ESG<\/h2>\t\t\t\t<\/div>\n\t\t\t\t<\/div>\n\t\t\t\t<div class=\"elementor-element elementor-element-868fded elementor-nav-menu--dropdown-none elementor-absolute sub-menu elementor-hidden-mobile elementor-widget elementor-widget-nav-menu\" data-id=\"868fded\" data-element_type=\"widget\" data-settings=\"{&quot;submenu_icon&quot;:{&quot;value&quot;:&quot;&lt;i class=\\&quot;\\&quot;&gt;&lt;\\\/i&gt;&quot;,&quot;library&quot;:&quot;&quot;},&quot;_position&quot;:&quot;absolute&quot;,&quot;layout&quot;:&quot;horizontal&quot;}\" data-widget_type=\"nav-menu.default\">\n\t\t\t\t<div class=\"elementor-widget-container\">\n\t\t\t\t\t\t\t\t<nav aria-label=\"Menu\" class=\"elementor-nav-menu--main elementor-nav-menu__container elementor-nav-menu--layout-horizontal e--pointer-none\">\n\t\t\t\t<ul id=\"menu-1-868fded\" class=\"elementor-nav-menu\"><li class=\"menu-item menu-item-type-post_type menu-item-object-page menu-item-3565\"><a href=\"https:\/\/onrnc.com\/vi\/esg\/esg-overview\/\" class=\"elementor-item\">ESG Overview<\/a><\/li>\n<li class=\"menu-item menu-item-type-post_type menu-item-object-page menu-item-3566\"><a href=\"https:\/\/onrnc.com\/vi\/esg\/environment\/\" class=\"elementor-item\">Qu\u1ea3n l\u00fd m\u00f4i tr\u01b0\u1eddng<\/a><\/li>\n<li class=\"menu-item menu-item-type-post_type menu-item-object-page menu-item-3567\"><a href=\"https:\/\/onrnc.com\/vi\/esg\/society\/\" class=\"elementor-item\">X\u00e3 h\u1ed9i \u2013 Tr\u00e1ch nhi\u1ec7m x\u00e3 h\u1ed9i.<\/a><\/li>\n<li class=\"menu-item menu-item-type-post_type menu-item-object-page menu-item-3568\"><a href=\"https:\/\/onrnc.com\/vi\/esg\/ethics\/\" class=\"elementor-item\">Qu\u1ea3n l\u00fd theo nguy\u00ean t\u1eafc \u0111\u1ea1o \u0111\u1ee9c<\/a><\/li>\n<li class=\"menu-item menu-item-type-post_type menu-item-object-page menu-item-3569\"><a href=\"https:\/\/onrnc.com\/vi\/esg\/quality\/\" class=\"elementor-item\">Qu\u1ea3n l\u00fd ch\u1ea5t l\u01b0\u1ee3ng<\/a><\/li>\n<\/ul>\t\t\t<\/nav>\n\t\t\t\t\t\t<nav class=\"elementor-nav-menu--dropdown elementor-nav-menu__container\" aria-hidden=\"true\">\n\t\t\t\t<ul id=\"menu-2-868fded\" class=\"elementor-nav-menu\"><li class=\"menu-item menu-item-type-post_type menu-item-object-page menu-item-3565\"><a href=\"https:\/\/onrnc.com\/vi\/esg\/esg-overview\/\" class=\"elementor-item\" tabindex=\"-1\">ESG Overview<\/a><\/li>\n<li class=\"menu-item menu-item-type-post_type menu-item-object-page menu-item-3566\"><a href=\"https:\/\/onrnc.com\/vi\/esg\/environment\/\" class=\"elementor-item\" tabindex=\"-1\">Qu\u1ea3n l\u00fd m\u00f4i tr\u01b0\u1eddng<\/a><\/li>\n<li class=\"menu-item menu-item-type-post_type menu-item-object-page menu-item-3567\"><a href=\"https:\/\/onrnc.com\/vi\/esg\/society\/\" class=\"elementor-item\" tabindex=\"-1\">X\u00e3 h\u1ed9i \u2013 Tr\u00e1ch nhi\u1ec7m x\u00e3 h\u1ed9i.<\/a><\/li>\n<li class=\"menu-item menu-item-type-post_type menu-item-object-page menu-item-3568\"><a href=\"https:\/\/onrnc.com\/vi\/esg\/ethics\/\" class=\"elementor-item\" tabindex=\"-1\">Qu\u1ea3n l\u00fd theo nguy\u00ean t\u1eafc \u0111\u1ea1o \u0111\u1ee9c<\/a><\/li>\n<li class=\"menu-item menu-item-type-post_type menu-item-object-page menu-item-3569\"><a href=\"https:\/\/onrnc.com\/vi\/esg\/quality\/\" class=\"elementor-item\" tabindex=\"-1\">Qu\u1ea3n l\u00fd ch\u1ea5t l\u01b0\u1ee3ng<\/a><\/li>\n<\/ul>\t\t\t<\/nav>\n\t\t\t\t\t\t<\/div>\n\t\t\t\t<\/div>\n\t\t\t\t<\/div>\n\t\t<div class=\"elementor-element elementor-element-5405170 font e-flex e-con-boxed e-con e-parent\" data-id=\"5405170\" data-element_type=\"container\" data-settings=\"{&quot;jet_parallax_layout_list&quot;:[]}\">\n\t\t\t\t\t<div class=\"e-con-inner\">\n\t\t<div class=\"elementor-element elementor-element-9775996 e-con-full e-flex e-con e-child\" data-id=\"9775996\" data-element_type=\"container\" data-settings=\"{&quot;jet_parallax_layout_list&quot;:[]}\">\n\t\t\t\t<div class=\"elementor-element elementor-element-aae6621 elementor-widget__width-inherit elementor-widget elementor-widget-heading\" data-id=\"aae6621\" data-element_type=\"widget\" data-widget_type=\"heading.default\">\n\t\t\t\t<div class=\"elementor-widget-container\">\n\t\t\t\t\t<h3 class=\"elementor-heading-title elementor-size-default\">Qu\u1ea3n l\u00fd ch\u1ea5t l\u01b0\u1ee3ng<\/h3>\t\t\t\t<\/div>\n\t\t\t\t<\/div>\n\t\t\t\t<div class=\"elementor-element elementor-element-73215f4 elementor-invisible elementor-widget elementor-widget-text-editor\" data-id=\"73215f4\" data-element_type=\"widget\" data-settings=\"{&quot;_animation&quot;:&quot;fadeInUp&quot;}\" data-widget_type=\"text-editor.default\">\n\t\t\t\t<div class=\"elementor-widget-container\">\n\t\t\t\t\t\t\t\t\tC\u00f4ng ty TNHH O.N \u0111\u00e3 \u0111\u01b0\u1ee3c ch\u1ee9ng nh\u1eadn h\u1ec7 th\u1ed1ng qu\u1ea3n l\u00fd ch\u1ea5t l\u01b0\u1ee3ng v\u00e0 h\u1ec7 th\u1ed1ng qu\u1ea3n l\u00fd an ninh th\u00f4ng tin. <br class=\"br03\" \/>Tr\u00ean n\u1ec1n t\u1ea3ng qu\u1ea3n l\u00fd ch\u1ea5t l\u01b0\u1ee3ng ch\u1eb7t ch\u1ebd v\u00e0 b\u1ea3o m\u1eadt th\u00f4ng tin to\u00e0n di\u1ec7n, ch\u00fang t\u00f4i kh\u00f4ng ng\u1eebng c\u1ea3i ti\u1ebfn v\u00e0 \u0111\u1ed5i m\u1edbi, <br class=\"br03\" \/>nh\u1eb1m \u0111\u00e1p \u1ee9ng t\u1ed1i \u0111a nh\u1eefng y\u00eau c\u1ea7u \u0111a d\u1ea1ng c\u1ee7a kh\u00e1ch h\u00e0ng v\u00e0 n\u00e2ng cao gi\u00e1 tr\u1ecb b\u1ec1n v\u1eefng cho doanh nghi\u1ec7p.\t\t\t\t\t\t\t\t<\/div>\n\t\t\t\t<\/div>\n\t\t\t\t<\/div>\n\t\t<div class=\"elementor-element elementor-element-2175039 e-con-full e-flex e-con e-child\" data-id=\"2175039\" data-element_type=\"container\" data-settings=\"{&quot;jet_parallax_layout_list&quot;:[]}\">\n\t\t<div class=\"elementor-element elementor-element-ede5181 e-con-full e-flex elementor-invisible e-con e-child\" data-id=\"ede5181\" data-element_type=\"container\" data-settings=\"{&quot;jet_parallax_layout_list&quot;:[],&quot;animation&quot;:&quot;fadeIn&quot;}\">\n\t\t<div class=\"elementor-element elementor-element-1bd0fe0 e-con-full e-flex e-con e-child\" data-id=\"1bd0fe0\" data-element_type=\"container\" data-settings=\"{&quot;jet_parallax_layout_list&quot;:[],&quot;background_background&quot;:&quot;classic&quot;}\">\n\t\t\t\t<div class=\"elementor-element elementor-element-bd40d0d elementor-widget elementor-widget-image\" data-id=\"bd40d0d\" data-element_type=\"widget\" data-widget_type=\"image.default\">\n\t\t\t\t<div class=\"elementor-widget-container\">\n\t\t\t\t\t\t\t\t\t\t\t\t\t\t\t<img fetchpriority=\"high\" decoding=\"async\" width=\"470\" height=\"325\" src=\"https:\/\/onrnc.com\/wp-content\/uploads\/2025\/11\/quality02.png\" class=\"attachment-full size-full wp-image-3503\" alt=\"\" srcset=\"https:\/\/onrnc.com\/wp-content\/uploads\/2025\/11\/quality02.png 470w, https:\/\/onrnc.com\/wp-content\/uploads\/2025\/11\/quality02-300x207.png 300w\" sizes=\"(max-width: 470px) 100vw, 470px\" \/>\t\t\t\t\t\t\t\t\t\t\t\t\t\t\t<\/div>\n\t\t\t\t<\/div>\n\t\t\t\t<\/div>\n\t\t<div class=\"elementor-element elementor-element-75101c7 e-con-full e-flex e-con e-child\" data-id=\"75101c7\" data-element_type=\"container\" data-settings=\"{&quot;jet_parallax_layout_list&quot;:[]}\">\n\t\t\t\t<div class=\"elementor-element elementor-element-081b059 elementor-align-center elementor-widget__width-inherit elementor-icon-list--layout-traditional elementor-list-item-link-full_width elementor-invisible elementor-widget elementor-widget-icon-list\" data-id=\"081b059\" data-element_type=\"widget\" data-settings=\"{&quot;_animation&quot;:&quot;fadeIn&quot;}\" data-widget_type=\"icon-list.default\">\n\t\t\t\t<div class=\"elementor-widget-container\">\n\t\t\t\t\t\t\t<ul class=\"elementor-icon-list-items\">\n\t\t\t\t\t\t\t<li class=\"elementor-icon-list-item\">\n\t\t\t\t\t\t\t\t\t\t\t<span class=\"elementor-icon-list-icon\">\n\t\t\t\t\t\t\t<svg aria-hidden=\"true\" class=\"e-font-icon-svg e-fas-circle\" viewBox=\"0 0 512 512\" xmlns=\"http:\/\/www.w3.org\/2000\/svg\"><path d=\"M256 8C119 8 8 119 8 256s111 248 248 248 248-111 248-248S393 8 256 8z\"><\/path><\/svg>\t\t\t\t\t\t<\/span>\n\t\t\t\t\t\t\t\t\t\t<span class=\"elementor-icon-list-text\">\u0110\u1ea1t ch\u1ee9ng nh\u1eadn ISO 9001<\/span>\n\t\t\t\t\t\t\t\t\t<\/li>\n\t\t\t\t\t\t<\/ul>\n\t\t\t\t\t\t<\/div>\n\t\t\t\t<\/div>\n\t\t\t\t<div class=\"elementor-element elementor-element-188bf6f elementor-widget__width-inherit elementor-widget elementor-widget-text-editor\" data-id=\"188bf6f\" data-element_type=\"widget\" data-widget_type=\"text-editor.default\">\n\t\t\t\t<div class=\"elementor-widget-container\">\n\t\t\t\t\t\t\t\t\tCh\u00fang t\u00f4i \u0111\u00e3 \u0111\u1ea1t ch\u1ee9ng nh\u1eadn ISO 9001 \u2013 ti\u00eau chu\u1ea9n qu\u1ea3n l\u00fd ch\u1ea5t l\u01b0\u1ee3ng to\u00e0n c\u1ea7u, qua \u0111\u00f3 \u0111\u01b0\u1ee3c c\u00f4ng nh\u1eadn v\u1ec1 n\u0103ng l\u1ef1c qu\u1ea3n l\u00fd ch\u1ea5t l\u01b0\u1ee3ng c\u00f3 h\u1ec7 th\u1ed1ng v\u00e0 c\u1ea3i ti\u1ebfn li\u00ean t\u1ee5c\t\t\t\t\t\t\t\t<\/div>\n\t\t\t\t<\/div>\n\t\t\t\t<\/div>\n\t\t\t\t<\/div>\n\t\t<div class=\"elementor-element elementor-element-e5c652a e-con-full e-flex elementor-invisible e-con e-child\" data-id=\"e5c652a\" data-element_type=\"container\" data-settings=\"{&quot;jet_parallax_layout_list&quot;:[],&quot;animation&quot;:&quot;fadeIn&quot;}\">\n\t\t<div class=\"elementor-element elementor-element-493395e e-con-full e-flex e-con e-child\" data-id=\"493395e\" data-element_type=\"container\" data-settings=\"{&quot;jet_parallax_layout_list&quot;:[],&quot;background_background&quot;:&quot;classic&quot;}\">\n\t\t\t\t<div class=\"elementor-element elementor-element-654e119 elementor-widget elementor-widget-image\" data-id=\"654e119\" data-element_type=\"widget\" data-widget_type=\"image.default\">\n\t\t\t\t<div class=\"elementor-widget-container\">\n\t\t\t\t\t\t\t\t\t\t\t\t\t\t\t<img decoding=\"async\" width=\"470\" height=\"325\" src=\"https:\/\/onrnc.com\/wp-content\/uploads\/2025\/11\/quality01.png\" class=\"attachment-full size-full wp-image-3855\" alt=\"\" srcset=\"https:\/\/onrnc.com\/wp-content\/uploads\/2025\/11\/quality01.png 470w, https:\/\/onrnc.com\/wp-content\/uploads\/2025\/11\/quality01-300x207.png 300w\" sizes=\"(max-width: 470px) 100vw, 470px\" \/>\t\t\t\t\t\t\t\t\t\t\t\t\t\t\t<\/div>\n\t\t\t\t<\/div>\n\t\t\t\t<\/div>\n\t\t<div class=\"elementor-element elementor-element-0aa1dc4 e-con-full e-flex e-con e-child\" data-id=\"0aa1dc4\" data-element_type=\"container\" data-settings=\"{&quot;jet_parallax_layout_list&quot;:[]}\">\n\t\t\t\t<div class=\"elementor-element elementor-element-983985e elementor-align-center elementor-widget__width-inherit elementor-icon-list--layout-traditional elementor-list-item-link-full_width elementor-invisible elementor-widget elementor-widget-icon-list\" data-id=\"983985e\" data-element_type=\"widget\" data-settings=\"{&quot;_animation&quot;:&quot;fadeIn&quot;}\" data-widget_type=\"icon-list.default\">\n\t\t\t\t<div class=\"elementor-widget-container\">\n\t\t\t\t\t\t\t<ul class=\"elementor-icon-list-items\">\n\t\t\t\t\t\t\t<li class=\"elementor-icon-list-item\">\n\t\t\t\t\t\t\t\t\t\t\t<span class=\"elementor-icon-list-icon\">\n\t\t\t\t\t\t\t<svg aria-hidden=\"true\" class=\"e-font-icon-svg e-fas-circle\" viewBox=\"0 0 512 512\" xmlns=\"http:\/\/www.w3.org\/2000\/svg\"><path d=\"M256 8C119 8 8 119 8 256s111 248 248 248 248-111 248-248S393 8 256 8z\"><\/path><\/svg>\t\t\t\t\t\t<\/span>\n\t\t\t\t\t\t\t\t\t\t<span class=\"elementor-icon-list-text\">\u0110\u1ea1t ch\u1ee9ng nh\u1eadn ISO\/IEC 27001<\/span>\n\t\t\t\t\t\t\t\t\t<\/li>\n\t\t\t\t\t\t<\/ul>\n\t\t\t\t\t\t<\/div>\n\t\t\t\t<\/div>\n\t\t\t\t<div class=\"elementor-element elementor-element-472223a elementor-widget__width-inherit elementor-widget elementor-widget-text-editor\" data-id=\"472223a\" data-element_type=\"widget\" data-widget_type=\"text-editor.default\">\n\t\t\t\t<div class=\"elementor-widget-container\">\n\t\t\t\t\t\t\t\t\tO.N \u0111\u00e3 \u0111\u1ea1t ch\u1ee9ng nh\u1eadn ISO\/IEC 27001 \u2013 ti\u00eau chu\u1ea9n qu\u1ed1c t\u1ebf v\u1ec1 h\u1ec7 th\u1ed1ng qu\u1ea3n l\u00fd an to\u00e0n th\u00f4ng tin, qua \u0111\u00f3 \n\u0111\u01b0\u1ee3c c\u00f4ng nh\u1eadn v\u1ec1 n\u0103ng l\u1ef1c qu\u1ea3n l\u00fd b\u1ea3o m\u1eadt m\u1ed9t c\u00e1ch h\u1ec7 th\u1ed1ng v\u00e0 kh\u1ea3 n\u0103ng \u1ee9ng ph\u00f3 r\u1ee7i ro\t\t\t\t\t\t\t\t<\/div>\n\t\t\t\t<\/div>\n\t\t\t\t<\/div>\n\t\t\t\t<\/div>\n\t\t<div class=\"elementor-element elementor-element-c196e7a e-con-full e-flex elementor-invisible e-con e-child\" data-id=\"c196e7a\" data-element_type=\"container\" data-settings=\"{&quot;jet_parallax_layout_list&quot;:[],&quot;animation&quot;:&quot;fadeIn&quot;}\">\n\t\t<div class=\"elementor-element elementor-element-868eccd e-con-full e-flex e-con e-child\" data-id=\"868eccd\" data-element_type=\"container\" data-settings=\"{&quot;jet_parallax_layout_list&quot;:[],&quot;background_background&quot;:&quot;classic&quot;}\">\n\t\t\t\t<\/div>\n\t\t\t\t<\/div>\n\t\t<div class=\"elementor-element elementor-element-42703f1 e-con-full e-flex elementor-invisible e-con e-child\" data-id=\"42703f1\" data-element_type=\"container\" data-settings=\"{&quot;jet_parallax_layout_list&quot;:[],&quot;animation&quot;:&quot;fadeIn&quot;}\">\n\t\t<div class=\"elementor-element elementor-element-24aa9e8 e-con-full e-flex e-con e-child\" data-id=\"24aa9e8\" data-element_type=\"container\" data-settings=\"{&quot;jet_parallax_layout_list&quot;:[],&quot;background_background&quot;:&quot;classic&quot;}\">\n\t\t\t\t<\/div>\n\t\t\t\t<\/div>\n\t\t\t\t<\/div>\n\t\t\t\t\t<\/div>\n\t\t\t\t<\/div>\n\t\t\t\t<\/div>\n\t\t","protected":false},"excerpt":{"rendered":"<p>ESG Qu\u1ea3n l\u00fd ch\u1ea5t l\u01b0\u1ee3ng C\u00f4ng ty TNHH O.N \u0111\u00e3 \u0111\u01b0\u1ee3c ch\u1ee9ng nh\u1eadn h\u1ec7 th\u1ed1ng qu\u1ea3n l\u00fd ch\u1ea5t l\u01b0\u1ee3ng v\u00e0 h\u1ec7 th\u1ed1ng qu\u1ea3n l\u00fd an ninh th\u00f4ng tin. Tr\u00ean n\u1ec1n t\u1ea3ng qu\u1ea3n l\u00fd ch\u1ea5t l\u01b0\u1ee3ng ch\u1eb7t ch\u1ebd v\u00e0 b\u1ea3o m\u1eadt th\u00f4ng tin to\u00e0n di\u1ec7n, ch\u00fang t\u00f4i kh\u00f4ng ng\u1eebng c\u1ea3i ti\u1ebfn v\u00e0 \u0111\u1ed5i m\u1edbi, nh\u1eb1m \u0111\u00e1p [&hellip;]<\/p>\n","protected":false},"author":1,"featured_media":0,"parent":3494,"menu_order":5,"comment_status":"closed","ping_status":"closed","template":"","meta":{"_acf_changed":false,"footnotes":""},"class_list":["post-3502","page","type-page","status-publish","hentry"],"acf":[],"_links":{"self":[{"href":"https:\/\/onrnc.com\/vi\/wp-json\/wp\/v2\/pages\/3502","targetHints":{"allow":["GET"]}}],"collection":[{"href":"https:\/\/onrnc.com\/vi\/wp-json\/wp\/v2\/pages"}],"about":[{"href":"https:\/\/onrnc.com\/vi\/wp-json\/wp\/v2\/types\/page"}],"author":[{"embeddable":true,"href":"https:\/\/onrnc.com\/vi\/wp-json\/wp\/v2\/users\/1"}],"replies":[{"embeddable":true,"href":"https:\/\/onrnc.com\/vi\/wp-json\/wp\/v2\/comments?post=3502"}],"version-history":[{"count":4,"href":"https:\/\/onrnc.com\/vi\/wp-json\/wp\/v2\/pages\/3502\/revisions"}],"predecessor-version":[{"id":4148,"href":"https:\/\/onrnc.com\/vi\/wp-json\/wp\/v2\/pages\/3502\/revisions\/4148"}],"up":[{"embeddable":true,"href":"https:\/\/onrnc.com\/vi\/wp-json\/wp\/v2\/pages\/3494"}],"wp:attachment":[{"href":"https:\/\/onrnc.com\/vi\/wp-json\/wp\/v2\/media?parent=3502"}],"curies":[{"name":"wp","href":"https:\/\/api.w.org\/{rel}","templated":true}]}}