{"id":3505,"date":"2025-06-20T06:10:43","date_gmt":"2025-06-19T21:10:43","guid":{"rendered":"https:\/\/onrnc.com\/management\/management-policy\/"},"modified":"2026-01-08T14:07:00","modified_gmt":"2026-01-08T05:07:00","slug":"management-policy","status":"publish","type":"page","link":"https:\/\/onrnc.com\/vi\/management\/management-policy\/","title":{"rendered":"Ph\u01b0\u01a1ng ch\u00e2m qu\u1ea3n l\u00fd"},"content":{"rendered":"\t\t<div data-elementor-type=\"wp-page\" data-elementor-id=\"3505\" class=\"elementor elementor-3505 elementor-855\" data-elementor-post-type=\"page\">\n\t\t\t\t<div class=\"elementor-element elementor-element-6b33dcb e-con-full font e-flex e-con e-parent\" data-id=\"6b33dcb\" data-element_type=\"container\" data-settings=\"{&quot;background_background&quot;:&quot;classic&quot;,&quot;jet_parallax_layout_list&quot;:[]}\">\n\t\t\t\t<div class=\"elementor-element elementor-element-4abe12c elementor-widget elementor-widget-heading\" data-id=\"4abe12c\" data-element_type=\"widget\" data-widget_type=\"heading.default\">\n\t\t\t\t<div class=\"elementor-widget-container\">\n\t\t\t\t\t<h2 class=\"elementor-heading-title elementor-size-default\">MANAGEMENT<\/h2>\t\t\t\t<\/div>\n\t\t\t\t<\/div>\n\t\t\t\t<div class=\"elementor-element elementor-element-868fded elementor-nav-menu--dropdown-none elementor-absolute sub-menu elementor-hidden-mobile elementor-widget elementor-widget-nav-menu\" data-id=\"868fded\" data-element_type=\"widget\" data-settings=\"{&quot;submenu_icon&quot;:{&quot;value&quot;:&quot;&lt;i class=\\&quot;\\&quot;&gt;&lt;\\\/i&gt;&quot;,&quot;library&quot;:&quot;&quot;},&quot;_position&quot;:&quot;absolute&quot;,&quot;layout&quot;:&quot;horizontal&quot;}\" data-widget_type=\"nav-menu.default\">\n\t\t\t\t<div class=\"elementor-widget-container\">\n\t\t\t\t\t\t\t\t<nav aria-label=\"Menu\" class=\"elementor-nav-menu--main elementor-nav-menu__container elementor-nav-menu--layout-horizontal e--pointer-none\">\n\t\t\t\t<ul id=\"menu-1-868fded\" class=\"elementor-nav-menu\"><li class=\"menu-item menu-item-type-post_type menu-item-object-page menu-item-3550\"><a href=\"https:\/\/onrnc.com\/vi\/management\/management-policy\/\" class=\"elementor-item\">Ph\u01b0\u01a1ng ch\u00e2m qu\u1ea3n l\u00fd<\/a><\/li>\n<li class=\"menu-item menu-item-type-post_type menu-item-object-page menu-item-3551\"><a href=\"https:\/\/onrnc.com\/vi\/management\/code-of-ethics\/\" class=\"elementor-item\">Quy t\u1eafc \u0111\u1ea1o \u0111\u1ee9c<\/a><\/li>\n<li class=\"menu-item menu-item-type-post_type menu-item-object-page menu-item-3552\"><a href=\"https:\/\/onrnc.com\/vi\/management\/quality-management\/\" class=\"elementor-item\">Qu\u1ea3n l\u00fd ch\u1ea5t l\u01b0\u1ee3ng<\/a><\/li>\n<li class=\"menu-item menu-item-type-post_type menu-item-object-page menu-item-3553\"><a href=\"https:\/\/onrnc.com\/vi\/management\/hse-policy\/\" class=\"elementor-item\">Ch\u00ednh s\u00e1ch HSE<\/a><\/li>\n<li class=\"menu-item menu-item-type-post_type menu-item-object-page menu-item-3554\"><a href=\"https:\/\/onrnc.com\/vi\/management\/information-security\/\" class=\"elementor-item\">B\u1ea3o m\u1eadt th\u00f4ng tin<\/a><\/li>\n<li class=\"menu-item menu-item-type-post_type menu-item-object-page menu-item-3555\"><a href=\"https:\/\/onrnc.com\/vi\/management\/eicc\/\" class=\"elementor-item\">EICC<\/a><\/li>\n<\/ul>\t\t\t<\/nav>\n\t\t\t\t\t\t<nav class=\"elementor-nav-menu--dropdown elementor-nav-menu__container\" aria-hidden=\"true\">\n\t\t\t\t<ul id=\"menu-2-868fded\" class=\"elementor-nav-menu\"><li class=\"menu-item menu-item-type-post_type menu-item-object-page menu-item-3550\"><a href=\"https:\/\/onrnc.com\/vi\/management\/management-policy\/\" class=\"elementor-item\" tabindex=\"-1\">Ph\u01b0\u01a1ng ch\u00e2m qu\u1ea3n l\u00fd<\/a><\/li>\n<li class=\"menu-item menu-item-type-post_type menu-item-object-page menu-item-3551\"><a href=\"https:\/\/onrnc.com\/vi\/management\/code-of-ethics\/\" class=\"elementor-item\" tabindex=\"-1\">Quy t\u1eafc \u0111\u1ea1o \u0111\u1ee9c<\/a><\/li>\n<li class=\"menu-item menu-item-type-post_type menu-item-object-page menu-item-3552\"><a href=\"https:\/\/onrnc.com\/vi\/management\/quality-management\/\" class=\"elementor-item\" tabindex=\"-1\">Qu\u1ea3n l\u00fd ch\u1ea5t l\u01b0\u1ee3ng<\/a><\/li>\n<li class=\"menu-item menu-item-type-post_type menu-item-object-page menu-item-3553\"><a href=\"https:\/\/onrnc.com\/vi\/management\/hse-policy\/\" class=\"elementor-item\" tabindex=\"-1\">Ch\u00ednh s\u00e1ch HSE<\/a><\/li>\n<li class=\"menu-item menu-item-type-post_type menu-item-object-page menu-item-3554\"><a href=\"https:\/\/onrnc.com\/vi\/management\/information-security\/\" class=\"elementor-item\" tabindex=\"-1\">B\u1ea3o m\u1eadt th\u00f4ng tin<\/a><\/li>\n<li class=\"menu-item menu-item-type-post_type menu-item-object-page menu-item-3555\"><a href=\"https:\/\/onrnc.com\/vi\/management\/eicc\/\" class=\"elementor-item\" tabindex=\"-1\">EICC<\/a><\/li>\n<\/ul>\t\t\t<\/nav>\n\t\t\t\t\t\t<\/div>\n\t\t\t\t<\/div>\n\t\t\t\t<\/div>\n\t\t<div class=\"elementor-element elementor-element-5405170 font e-flex e-con-boxed e-con e-parent\" data-id=\"5405170\" data-element_type=\"container\" data-settings=\"{&quot;jet_parallax_layout_list&quot;:[]}\">\n\t\t\t\t\t<div class=\"e-con-inner\">\n\t\t<div class=\"elementor-element elementor-element-9775996 e-con-full e-flex e-con e-child\" data-id=\"9775996\" data-element_type=\"container\" data-settings=\"{&quot;jet_parallax_layout_list&quot;:[]}\">\n\t\t\t\t<div class=\"elementor-element elementor-element-aae6621 elementor-widget__width-inherit elementor-widget elementor-widget-heading\" data-id=\"aae6621\" data-element_type=\"widget\" data-widget_type=\"heading.default\">\n\t\t\t\t<div class=\"elementor-widget-container\">\n\t\t\t\t\t<h3 class=\"elementor-heading-title elementor-size-default\">Ph\u01b0\u01a1ng ch\u00e2m qu\u1ea3n l\u00fd<\/h3>\t\t\t\t<\/div>\n\t\t\t\t<\/div>\n\t\t\t\t<div class=\"elementor-element elementor-element-73215f4 elementor-hidden-desktop elementor-hidden-tablet elementor-hidden-mobile elementor-invisible elementor-widget elementor-widget-text-editor\" data-id=\"73215f4\" data-element_type=\"widget\" data-settings=\"{&quot;_animation&quot;:&quot;fadeInUp&quot;}\" data-widget_type=\"text-editor.default\">\n\t\t\t\t<div class=\"elementor-widget-container\">\n\t\t\t\t\t\t\t\t\t<p>O.N VINA\ub294 O.N \uadf8\ub8f9\uc758 \uae00\ub85c\ubc8c \uc0dd\uc0b0 \uac70\uc810\uc73c\ub85c, <br class=\"br02\" \/>\ubca0\ud2b8\ub0a8 \ubc14\ub9ac\uc544-\ubd95\ub530\uc6b0(Ba Ria \u2013 Vung Tau) \uc9c0\uc5ed\uc5d0 \uc704\uce58\ud55c <strong>\uc815\ubc00 \uac00\uacf5 \ubc0f \ubaa8\ub4c8 \uc870\ub9bd \uc804\ubb38 \uacf5\uc7a5<\/strong>\uc785\ub2c8\ub2e4. <br class=\"brno\" \/>\uc774 \uacf5\uc7a5\uc740 \ubc18\ub3c4\uccb4, \ub514\uc2a4\ud50c\ub808\uc774, \uc758\ub8cc\uae30\uae30 \ub4f1 \ucca8\ub2e8 \uc0b0\uc5c5 \ubd84\uc57c\uc758 \ubd80\ud488 \ubc0f \uc7a5\ube44 \ubaa8\ub4c8\uc744 \uc0dd\uc0b0\ud558\uba70, <br class=\"br02\" \/>\uc815\ubc00 \ud310\uae08 \uac00\uacf5 \ubc0f \uc81c\uad00 \uad6c\uc870\ubb3c \uc6a9\uc811\uc758 \uc804\ubb38\uc131\uc744 \ubcf4\uc720\ud558\uc600\uace0, \uace0\uccad\uc815 \ud074\ub9b0\ub8f8 \ud658\uacbd\uc5d0\uc11c\uc758 \uc870\ub9bd \uc5ed\ub7c9\uc744 \uac16\ucd94\uace0 \uc788\uc2b5\ub2c8\ub2e4<\/p>\t\t\t\t\t\t\t\t<\/div>\n\t\t\t\t<\/div>\n\t\t\t\t<\/div>\n\t\t<div class=\"elementor-element elementor-element-2175039 e-con-full e-flex elementor-invisible e-con e-child\" data-id=\"2175039\" data-element_type=\"container\" data-settings=\"{&quot;jet_parallax_layout_list&quot;:[],&quot;animation&quot;:&quot;fadeIn&quot;}\">\n\t\t<div class=\"elementor-element elementor-element-5ee2164 e-con-full e-flex e-con e-child\" data-id=\"5ee2164\" data-element_type=\"container\" data-settings=\"{&quot;jet_parallax_layout_list&quot;:[]}\">\n\t\t\t\t<div class=\"elementor-element elementor-element-92a63fd elementor-widget elementor-widget-heading\" data-id=\"92a63fd\" data-element_type=\"widget\" data-widget_type=\"heading.default\">\n\t\t\t\t<div class=\"elementor-widget-container\">\n\t\t\t\t\t<h4 class=\"elementor-heading-title elementor-size-default\">Ph\u01b0\u01a1ng ch\u00e2m qu\u1ea3n l\u00fd<\/h4>\t\t\t\t<\/div>\n\t\t\t\t<\/div>\n\t\t\t\t<div class=\"elementor-element elementor-element-d2de823 elementor-align-center elementor-icon-list--layout-traditional elementor-list-item-link-full_width elementor-widget elementor-widget-icon-list\" data-id=\"d2de823\" data-element_type=\"widget\" data-widget_type=\"icon-list.default\">\n\t\t\t\t<div class=\"elementor-widget-container\">\n\t\t\t\t\t\t\t<ul class=\"elementor-icon-list-items\">\n\t\t\t\t\t\t\t<li class=\"elementor-icon-list-item\">\n\t\t\t\t\t\t\t\t\t\t\t<span class=\"elementor-icon-list-icon\">\n\t\t\t\t\t\t\t<svg aria-hidden=\"true\" class=\"e-font-icon-svg e-fas-circle\" viewBox=\"0 0 512 512\" xmlns=\"http:\/\/www.w3.org\/2000\/svg\"><path d=\"M256 8C119 8 8 119 8 256s111 248 248 248 248-111 248-248S393 8 256 8z\"><\/path><\/svg>\t\t\t\t\t\t<\/span>\n\t\t\t\t\t\t\t\t\t\t<span class=\"elementor-icon-list-text\">H\u00e0nh \u0111\u1ed9ng l\u1ea5y kh\u00e1ch h\u00e0ng l\u00e0m trung t\u00e2m<\/span>\n\t\t\t\t\t\t\t\t\t<\/li>\n\t\t\t\t\t\t\t\t<li class=\"elementor-icon-list-item\">\n\t\t\t\t\t\t\t\t\t\t\t<span class=\"elementor-icon-list-icon\">\n\t\t\t\t\t\t\t<svg aria-hidden=\"true\" class=\"e-font-icon-svg e-fas-circle\" viewBox=\"0 0 512 512\" xmlns=\"http:\/\/www.w3.org\/2000\/svg\"><path d=\"M256 8C119 8 8 119 8 256s111 248 248 248 248-111 248-248S393 8 256 8z\"><\/path><\/svg>\t\t\t\t\t\t<\/span>\n\t\t\t\t\t\t\t\t\t\t<span class=\"elementor-icon-list-text\">Kh\u00f4ng ng\u1eebng th\u1eed th\u00e1ch v\u00e0 \u0111\u1ed5i m\u1edbi<\/span>\n\t\t\t\t\t\t\t\t\t<\/li>\n\t\t\t\t\t\t\t\t<li class=\"elementor-icon-list-item\">\n\t\t\t\t\t\t\t\t\t\t\t<span class=\"elementor-icon-list-icon\">\n\t\t\t\t\t\t\t<svg aria-hidden=\"true\" class=\"e-font-icon-svg e-fas-circle\" viewBox=\"0 0 512 512\" xmlns=\"http:\/\/www.w3.org\/2000\/svg\"><path d=\"M256 8C119 8 8 119 8 256s111 248 248 248 248-111 248-248S393 8 256 8z\"><\/path><\/svg>\t\t\t\t\t\t<\/span>\n\t\t\t\t\t\t\t\t\t\t<span class=\"elementor-icon-list-text\">L\u1eadp k\u1ebf ho\u1ea1ch chi\u1ebfn l\u01b0\u1ee3c v\u00e0 th\u1ef1c thi hi\u1ec7u qu\u1ea3<\/span>\n\t\t\t\t\t\t\t\t\t<\/li>\n\t\t\t\t\t\t\t\t<li class=\"elementor-icon-list-item\">\n\t\t\t\t\t\t\t\t\t\t\t<span class=\"elementor-icon-list-icon\">\n\t\t\t\t\t\t\t<svg aria-hidden=\"true\" class=\"e-font-icon-svg e-fas-circle\" viewBox=\"0 0 512 512\" xmlns=\"http:\/\/www.w3.org\/2000\/svg\"><path d=\"M256 8C119 8 8 119 8 256s111 248 248 248 248-111 248-248S393 8 256 8z\"><\/path><\/svg>\t\t\t\t\t\t<\/span>\n\t\t\t\t\t\t\t\t\t\t<span class=\"elementor-icon-list-text\">M\u00f4i tr\u01b0\u1eddng l\u00e0m vi\u1ec7c h\u1ea1nh ph\u00fac, n\u01a1i gia \u0111\u00ecnh v\u00e0 c\u00f4ng ty g\u1eafn k\u1ebft th\u00e0nh m\u1ed9t<\/span>\n\t\t\t\t\t\t\t\t\t<\/li>\n\t\t\t\t\t\t<\/ul>\n\t\t\t\t\t\t<\/div>\n\t\t\t\t<\/div>\n\t\t\t\t<\/div>\n\t\t<div class=\"elementor-element elementor-element-5ef5ae3 e-con-full e-flex e-con e-child\" data-id=\"5ef5ae3\" data-element_type=\"container\" data-settings=\"{&quot;jet_parallax_layout_list&quot;:[]}\">\n\t\t\t\t<div class=\"elementor-element elementor-element-17c2613 elementor-widget elementor-widget-heading\" data-id=\"17c2613\" data-element_type=\"widget\" data-widget_type=\"heading.default\">\n\t\t\t\t<div class=\"elementor-widget-container\">\n\t\t\t\t\t<h4 class=\"elementor-heading-title elementor-size-default\">Ph\u01b0\u01a1ng ch\u00e2m kinh doanh<\/h4>\t\t\t\t<\/div>\n\t\t\t\t<\/div>\n\t\t\t\t<div class=\"elementor-element elementor-element-7a28ba6 elementor-align-center elementor-icon-list--layout-traditional elementor-list-item-link-full_width elementor-widget elementor-widget-icon-list\" data-id=\"7a28ba6\" data-element_type=\"widget\" data-widget_type=\"icon-list.default\">\n\t\t\t\t<div class=\"elementor-widget-container\">\n\t\t\t\t\t\t\t<ul class=\"elementor-icon-list-items\">\n\t\t\t\t\t\t\t<li class=\"elementor-icon-list-item\">\n\t\t\t\t\t\t\t\t\t\t\t<span class=\"elementor-icon-list-icon\">\n\t\t\t\t\t\t\t<svg aria-hidden=\"true\" class=\"e-font-icon-svg e-fas-circle\" viewBox=\"0 0 512 512\" xmlns=\"http:\/\/www.w3.org\/2000\/svg\"><path d=\"M256 8C119 8 8 119 8 256s111 248 248 248 248-111 248-248S393 8 256 8z\"><\/path><\/svg>\t\t\t\t\t\t<\/span>\n\t\t\t\t\t\t\t\t\t\t<span class=\"elementor-icon-list-text\">Lu\u00f4n \u0111\u1eb7t l\u1ee3i \u00edch v\u00e0 s\u1ef1 h\u00e0i l\u00f2ng c\u1ee7a kh\u00e1ch h\u00e0ng l\u00ean h\u00e0ng \u0111\u1ea7u<\/span>\n\t\t\t\t\t\t\t\t\t<\/li>\n\t\t\t\t\t\t\t\t<li class=\"elementor-icon-list-item\">\n\t\t\t\t\t\t\t\t\t\t\t<span class=\"elementor-icon-list-icon\">\n\t\t\t\t\t\t\t<svg aria-hidden=\"true\" class=\"e-font-icon-svg e-fas-circle\" viewBox=\"0 0 512 512\" xmlns=\"http:\/\/www.w3.org\/2000\/svg\"><path d=\"M256 8C119 8 8 119 8 256s111 248 248 248 248-111 248-248S393 8 256 8z\"><\/path><\/svg>\t\t\t\t\t\t<\/span>\n\t\t\t\t\t\t\t\t\t\t<span class=\"elementor-icon-list-text\">Ch\u1ec9 \u0111\u01b0a ra nh\u1eefng gi\u1ea3i ph\u00e1p kh\u1ea3 thi, kh\u00f4ng s\u1eed d\u1ee5ng th\u00f4ng tin sai l\u1ec7ch hay ph\u00f3ng \u0111\u1ea1i<\/span>\n\t\t\t\t\t\t\t\t\t<\/li>\n\t\t\t\t\t\t\t\t<li class=\"elementor-icon-list-item\">\n\t\t\t\t\t\t\t\t\t\t\t<span class=\"elementor-icon-list-icon\">\n\t\t\t\t\t\t\t<svg aria-hidden=\"true\" class=\"e-font-icon-svg e-fas-circle\" viewBox=\"0 0 512 512\" xmlns=\"http:\/\/www.w3.org\/2000\/svg\"><path d=\"M256 8C119 8 8 119 8 256s111 248 248 248 248-111 248-248S393 8 256 8z\"><\/path><\/svg>\t\t\t\t\t\t<\/span>\n\t\t\t\t\t\t\t\t\t\t<span class=\"elementor-icon-list-text\">B\u1ea3o m\u1eadt tuy\u1ec7t \u0111\u1ed1i b\u1ea3n v\u1ebd v\u00e0 th\u00f4ng tin k\u1ef9 thu\u1eadt c\u1ee7a kh\u00e1ch h\u00e0ng<\/span>\n\t\t\t\t\t\t\t\t\t<\/li>\n\t\t\t\t\t\t\t\t<li class=\"elementor-icon-list-item\">\n\t\t\t\t\t\t\t\t\t\t\t<span class=\"elementor-icon-list-icon\">\n\t\t\t\t\t\t\t<svg aria-hidden=\"true\" class=\"e-font-icon-svg e-fas-circle\" viewBox=\"0 0 512 512\" xmlns=\"http:\/\/www.w3.org\/2000\/svg\"><path d=\"M256 8C119 8 8 119 8 256s111 248 248 248 248-111 248-248S393 8 256 8z\"><\/path><\/svg>\t\t\t\t\t\t<\/span>\n\t\t\t\t\t\t\t\t\t\t<span class=\"elementor-icon-list-text\">Lu\u00f4n tu\u00e2n th\u1ee7 cam k\u1ebft v\u1ec1 ti\u1ebfn \u0111\u1ed9 v\u00e0 ch\u1ea5t l\u01b0\u1ee3ng<\/span>\n\t\t\t\t\t\t\t\t\t<\/li>\n\t\t\t\t\t\t\t\t<li class=\"elementor-icon-list-item\">\n\t\t\t\t\t\t\t\t\t\t\t<span class=\"elementor-icon-list-icon\">\n\t\t\t\t\t\t\t<svg aria-hidden=\"true\" class=\"e-font-icon-svg e-fas-circle\" viewBox=\"0 0 512 512\" xmlns=\"http:\/\/www.w3.org\/2000\/svg\"><path d=\"M256 8C119 8 8 119 8 256s111 248 248 248 248-111 248-248S393 8 256 8z\"><\/path><\/svg>\t\t\t\t\t\t<\/span>\n\t\t\t\t\t\t\t\t\t\t<span class=\"elementor-icon-list-text\">Th\u1ef1c hi\u1ec7n ho\u1ea1t \u0111\u1ed9ng kinh doanh c\u00f4ng b\u1eb1ng v\u00e0 \u0111\u1ea1o \u0111\u1ee9c<\/span>\n\t\t\t\t\t\t\t\t\t<\/li>\n\t\t\t\t\t\t<\/ul>\n\t\t\t\t\t\t<\/div>\n\t\t\t\t<\/div>\n\t\t\t\t<\/div>\n\t\t<div class=\"elementor-element elementor-element-acb8e5a e-con-full e-flex e-con e-child\" data-id=\"acb8e5a\" data-element_type=\"container\" data-settings=\"{&quot;jet_parallax_layout_list&quot;:[]}\">\n\t\t\t\t<div class=\"elementor-element elementor-element-c881ff0 elementor-widget elementor-widget-heading\" data-id=\"c881ff0\" data-element_type=\"widget\" data-widget_type=\"heading.default\">\n\t\t\t\t<div class=\"elementor-widget-container\">\n\t\t\t\t\t<h4 class=\"elementor-heading-title elementor-size-default\">Ph\u01b0\u01a1ng ch\u00e2m mua h\u00e0ng<\/h4>\t\t\t\t<\/div>\n\t\t\t\t<\/div>\n\t\t\t\t<div class=\"elementor-element elementor-element-d3ba0b6 elementor-align-center elementor-icon-list--layout-traditional elementor-list-item-link-full_width elementor-widget elementor-widget-icon-list\" data-id=\"d3ba0b6\" data-element_type=\"widget\" data-widget_type=\"icon-list.default\">\n\t\t\t\t<div class=\"elementor-widget-container\">\n\t\t\t\t\t\t\t<ul class=\"elementor-icon-list-items\">\n\t\t\t\t\t\t\t<li class=\"elementor-icon-list-item\">\n\t\t\t\t\t\t\t\t\t\t\t<span class=\"elementor-icon-list-icon\">\n\t\t\t\t\t\t\t<svg aria-hidden=\"true\" class=\"e-font-icon-svg e-fas-circle\" viewBox=\"0 0 512 512\" xmlns=\"http:\/\/www.w3.org\/2000\/svg\"><path d=\"M256 8C119 8 8 119 8 256s111 248 248 248 248-111 248-248S393 8 256 8z\"><\/path><\/svg>\t\t\t\t\t\t<\/span>\n\t\t\t\t\t\t\t\t\t\t<span class=\"elementor-icon-list-text\">Theo \u0111u\u1ed5i ch\u1ea5t l\u01b0\u1ee3ng t\u1ed1t nh\u1ea5t v\u00e0 m\u1ee9c gi\u00e1 c\u1ea1nh tranh<\/span>\n\t\t\t\t\t\t\t\t\t<\/li>\n\t\t\t\t\t\t\t\t<li class=\"elementor-icon-list-item\">\n\t\t\t\t\t\t\t\t\t\t\t<span class=\"elementor-icon-list-icon\">\n\t\t\t\t\t\t\t<svg aria-hidden=\"true\" class=\"e-font-icon-svg e-fas-circle\" viewBox=\"0 0 512 512\" xmlns=\"http:\/\/www.w3.org\/2000\/svg\"><path d=\"M256 8C119 8 8 119 8 256s111 248 248 248 248-111 248-248S393 8 256 8z\"><\/path><\/svg>\t\t\t\t\t\t<\/span>\n\t\t\t\t\t\t\t\t\t\t<span class=\"elementor-icon-list-text\">Duy tr\u00ec ngu\u1ed3n cung \u1ed5n \u0111\u1ecbnh th\u00f4ng qua qu\u1ea3n l\u00fd t\u1ed3n kho chi\u1ebfn l\u01b0\u1ee3c<\/span>\n\t\t\t\t\t\t\t\t\t<\/li>\n\t\t\t\t\t\t\t\t<li class=\"elementor-icon-list-item\">\n\t\t\t\t\t\t\t\t\t\t\t<span class=\"elementor-icon-list-icon\">\n\t\t\t\t\t\t\t<svg aria-hidden=\"true\" class=\"e-font-icon-svg e-fas-circle\" viewBox=\"0 0 512 512\" xmlns=\"http:\/\/www.w3.org\/2000\/svg\"><path d=\"M256 8C119 8 8 119 8 256s111 248 248 248 248-111 248-248S393 8 256 8z\"><\/path><\/svg>\t\t\t\t\t\t<\/span>\n\t\t\t\t\t\t\t\t\t\t<span class=\"elementor-icon-list-text\">Tu\u00e2n th\u1ee7 quy tr\u00ecnh mua h\u00e0ng minh b\u1ea1ch v\u00e0 c\u00f4ng b\u1eb1ng<\/span>\n\t\t\t\t\t\t\t\t\t<\/li>\n\t\t\t\t\t\t\t\t<li class=\"elementor-icon-list-item\">\n\t\t\t\t\t\t\t\t\t\t\t<span class=\"elementor-icon-list-icon\">\n\t\t\t\t\t\t\t<svg aria-hidden=\"true\" class=\"e-font-icon-svg e-fas-circle\" viewBox=\"0 0 512 512\" xmlns=\"http:\/\/www.w3.org\/2000\/svg\"><path d=\"M256 8C119 8 8 119 8 256s111 248 248 248 248-111 248-248S393 8 256 8z\"><\/path><\/svg>\t\t\t\t\t\t<\/span>\n\t\t\t\t\t\t\t\t\t\t<span class=\"elementor-icon-list-text\">Duy tr\u00ec quan h\u1ec7 \u0111\u1ed1i t\u00e1c v\u1edbi nhi\u1ec1u nh\u00e0 cung c\u1ea5p xu\u1ea5t s\u1eafc<\/span>\n\t\t\t\t\t\t\t\t\t<\/li>\n\t\t\t\t\t\t<\/ul>\n\t\t\t\t\t\t<\/div>\n\t\t\t\t<\/div>\n\t\t\t\t<\/div>\n\t\t<div class=\"elementor-element elementor-element-674244c e-con-full e-flex e-con e-child\" data-id=\"674244c\" data-element_type=\"container\" data-settings=\"{&quot;jet_parallax_layout_list&quot;:[]}\">\n\t\t\t\t<div class=\"elementor-element elementor-element-65a15b1 elementor-widget elementor-widget-heading\" data-id=\"65a15b1\" data-element_type=\"widget\" data-widget_type=\"heading.default\">\n\t\t\t\t<div class=\"elementor-widget-container\">\n\t\t\t\t\t<h4 class=\"elementor-heading-title elementor-size-default\">Ch\u00ednh s\u00e1ch ch\u1ea5t l\u01b0\u1ee3ng<\/h4>\t\t\t\t<\/div>\n\t\t\t\t<\/div>\n\t\t\t\t<div class=\"elementor-element elementor-element-5bbe40b elementor-align-center elementor-icon-list--layout-traditional elementor-list-item-link-full_width elementor-widget elementor-widget-icon-list\" data-id=\"5bbe40b\" data-element_type=\"widget\" data-widget_type=\"icon-list.default\">\n\t\t\t\t<div class=\"elementor-widget-container\">\n\t\t\t\t\t\t\t<ul class=\"elementor-icon-list-items\">\n\t\t\t\t\t\t\t<li class=\"elementor-icon-list-item\">\n\t\t\t\t\t\t\t\t\t\t\t<span class=\"elementor-icon-list-icon\">\n\t\t\t\t\t\t\t<svg aria-hidden=\"true\" class=\"e-font-icon-svg e-fas-circle\" viewBox=\"0 0 512 512\" xmlns=\"http:\/\/www.w3.org\/2000\/svg\"><path d=\"M256 8C119 8 8 119 8 256s111 248 248 248 248-111 248-248S393 8 256 8z\"><\/path><\/svg>\t\t\t\t\t\t<\/span>\n\t\t\t\t\t\t\t\t\t\t<span class=\"elementor-icon-list-text\">Ch\u1ea5t l\u01b0\u1ee3ng l\u00e0 \u01b0u ti\u00ean h\u00e0ng \u0111\u1ea7u, \u0111\u1ea3m b\u1ea3o s\u1ea3n ph\u1ea9m \u0111\u1ea1t ti\u00eau chu\u1ea9n \u1edf m\u1ecdi giai \u0111o\u1ea1n. Ch\u00fang t\u00f4i qu\u1ea3n l\u00fd quy tr\u00ecnh m\u1ed9t c\u00e1ch h\u1ec7 th\u1ed1ng, chu\u1ea9n h\u00f3a v\u00e0 t\u1ed5 ch\u1ee9c t\u1ea5t c\u1ea3 c\u00e1c b\u01b0\u1edbc c\u00f4ng vi\u1ec7c. Ph\u1ea3n h\u1ed3i c\u1ee7a kh\u00e1ch h\u00e0ng \u0111\u01b0\u1ee3c coi tr\u1ecdng t\u1ed1i \u0111a nh\u1eb1m \u0111\u1ea1t m\u1ee5c ti\u00eau kh\u00f4ng khi\u1ebfu n\u1ea1i. \u0110\u1ed3ng th\u1eddi, ch\u00fang t\u00f4i tri\u1ec3n khai m\u1ed9t h\u1ec7 th\u1ed1ng qu\u1ea3n l\u00fd ch\u1ea5t l\u01b0\u1ee3ng tinh g\u1ecdn v\u00e0 hi\u1ec7u qu\u1ea3, \u0111\u1ea3m b\u1ea3o m\u1ecdi s\u1ea3n ph\u1ea9m \u0111\u1ec1u \u0111\u1ea1t ch\u1ea5t l\u01b0\u1ee3ng cao nh\u1ea5t.<\/span>\n\t\t\t\t\t\t\t\t\t<\/li>\n\t\t\t\t\t\t<\/ul>\n\t\t\t\t\t\t<\/div>\n\t\t\t\t<\/div>\n\t\t\t\t<\/div>\n\t\t\t\t<\/div>\n\t\t\t\t\t<\/div>\n\t\t\t\t<\/div>\n\t\t\t\t<\/div>\n\t\t","protected":false},"excerpt":{"rendered":"<p>MANAGEMENT Ph\u01b0\u01a1ng ch\u00e2m qu\u1ea3n l\u00fd O.N VINA\ub294 O.N \uadf8\ub8f9\uc758 \uae00\ub85c\ubc8c \uc0dd\uc0b0 \uac70\uc810\uc73c\ub85c, \ubca0\ud2b8\ub0a8 \ubc14\ub9ac\uc544-\ubd95\ub530\uc6b0(Ba Ria \u2013 Vung Tau) \uc9c0\uc5ed\uc5d0 \uc704\uce58\ud55c \uc815\ubc00 \uac00\uacf5 \ubc0f \ubaa8\ub4c8 \uc870\ub9bd \uc804\ubb38 \uacf5\uc7a5\uc785\ub2c8\ub2e4. \uc774 \uacf5\uc7a5\uc740 \ubc18\ub3c4\uccb4, \ub514\uc2a4\ud50c\ub808\uc774, \uc758\ub8cc\uae30\uae30 \ub4f1 \ucca8\ub2e8 \uc0b0\uc5c5 \ubd84\uc57c\uc758 \ubd80\ud488 \ubc0f \uc7a5\ube44 \ubaa8\ub4c8\uc744 \uc0dd\uc0b0\ud558\uba70, \uc815\ubc00 \ud310\uae08 \uac00\uacf5 \ubc0f \uc81c\uad00 \uad6c\uc870\ubb3c \uc6a9\uc811\uc758 \uc804\ubb38\uc131\uc744 \ubcf4\uc720\ud558\uc600\uace0, \uace0\uccad\uc815 \ud074\ub9b0\ub8f8 \ud658\uacbd\uc5d0\uc11c\uc758 \uc870\ub9bd \uc5ed\ub7c9\uc744 [&hellip;]<\/p>\n","protected":false},"author":1,"featured_media":0,"parent":3504,"menu_order":1,"comment_status":"closed","ping_status":"closed","template":"","meta":{"_acf_changed":false,"footnotes":""},"class_list":["post-3505","page","type-page","status-publish","hentry"],"acf":[],"_links":{"self":[{"href":"https:\/\/onrnc.com\/vi\/wp-json\/wp\/v2\/pages\/3505","targetHints":{"allow":["GET"]}}],"collection":[{"href":"https:\/\/onrnc.com\/vi\/wp-json\/wp\/v2\/pages"}],"about":[{"href":"https:\/\/onrnc.com\/vi\/wp-json\/wp\/v2\/types\/page"}],"author":[{"embeddable":true,"href":"https:\/\/onrnc.com\/vi\/wp-json\/wp\/v2\/users\/1"}],"replies":[{"embeddable":true,"href":"https:\/\/onrnc.com\/vi\/wp-json\/wp\/v2\/comments?post=3505"}],"version-history":[{"count":7,"href":"https:\/\/onrnc.com\/vi\/wp-json\/wp\/v2\/pages\/3505\/revisions"}],"predecessor-version":[{"id":4155,"href":"https:\/\/onrnc.com\/vi\/wp-json\/wp\/v2\/pages\/3505\/revisions\/4155"}],"up":[{"embeddable":true,"href":"https:\/\/onrnc.com\/vi\/wp-json\/wp\/v2\/pages\/3504"}],"wp:attachment":[{"href":"https:\/\/onrnc.com\/vi\/wp-json\/wp\/v2\/media?parent=3505"}],"curies":[{"name":"wp","href":"https:\/\/api.w.org\/{rel}","templated":true}]}}