{"id":3507,"date":"2025-06-20T06:17:14","date_gmt":"2025-06-19T21:17:14","guid":{"rendered":"https:\/\/onrnc.com\/management\/code-of-ethics\/"},"modified":"2026-01-08T14:17:53","modified_gmt":"2026-01-08T05:17:53","slug":"code-of-ethics","status":"publish","type":"page","link":"https:\/\/onrnc.com\/vi\/management\/code-of-ethics\/","title":{"rendered":"Quy t\u1eafc \u0111\u1ea1o \u0111\u1ee9c"},"content":{"rendered":"\t\t<div data-elementor-type=\"wp-page\" data-elementor-id=\"3507\" class=\"elementor elementor-3507 elementor-861\" data-elementor-post-type=\"page\">\n\t\t\t\t<div class=\"elementor-element elementor-element-6b33dcb e-con-full font e-flex e-con e-parent\" data-id=\"6b33dcb\" data-element_type=\"container\" data-settings=\"{&quot;background_background&quot;:&quot;classic&quot;,&quot;jet_parallax_layout_list&quot;:[]}\">\n\t\t\t\t<div class=\"elementor-element elementor-element-4abe12c elementor-widget elementor-widget-heading\" data-id=\"4abe12c\" data-element_type=\"widget\" data-widget_type=\"heading.default\">\n\t\t\t\t<div class=\"elementor-widget-container\">\n\t\t\t\t\t<h2 class=\"elementor-heading-title elementor-size-default\">MANAGEMENT<\/h2>\t\t\t\t<\/div>\n\t\t\t\t<\/div>\n\t\t\t\t<div class=\"elementor-element elementor-element-868fded elementor-nav-menu--dropdown-none elementor-absolute sub-menu elementor-hidden-mobile elementor-widget elementor-widget-nav-menu\" data-id=\"868fded\" data-element_type=\"widget\" data-settings=\"{&quot;submenu_icon&quot;:{&quot;value&quot;:&quot;&lt;i class=\\&quot;\\&quot;&gt;&lt;\\\/i&gt;&quot;,&quot;library&quot;:&quot;&quot;},&quot;_position&quot;:&quot;absolute&quot;,&quot;layout&quot;:&quot;horizontal&quot;}\" data-widget_type=\"nav-menu.default\">\n\t\t\t\t<div class=\"elementor-widget-container\">\n\t\t\t\t\t\t\t\t<nav aria-label=\"Menu\" class=\"elementor-nav-menu--main elementor-nav-menu__container elementor-nav-menu--layout-horizontal e--pointer-none\">\n\t\t\t\t<ul id=\"menu-1-868fded\" class=\"elementor-nav-menu\"><li class=\"menu-item menu-item-type-post_type menu-item-object-page menu-item-3550\"><a href=\"https:\/\/onrnc.com\/vi\/management\/management-policy\/\" class=\"elementor-item\">Ph\u01b0\u01a1ng ch\u00e2m qu\u1ea3n l\u00fd<\/a><\/li>\n<li class=\"menu-item menu-item-type-post_type menu-item-object-page menu-item-3551\"><a href=\"https:\/\/onrnc.com\/vi\/management\/code-of-ethics\/\" class=\"elementor-item\">Quy t\u1eafc \u0111\u1ea1o \u0111\u1ee9c<\/a><\/li>\n<li class=\"menu-item menu-item-type-post_type menu-item-object-page menu-item-3552\"><a href=\"https:\/\/onrnc.com\/vi\/management\/quality-management\/\" class=\"elementor-item\">Qu\u1ea3n l\u00fd ch\u1ea5t l\u01b0\u1ee3ng<\/a><\/li>\n<li class=\"menu-item menu-item-type-post_type menu-item-object-page menu-item-3553\"><a href=\"https:\/\/onrnc.com\/vi\/management\/hse-policy\/\" class=\"elementor-item\">Ch\u00ednh s\u00e1ch HSE<\/a><\/li>\n<li class=\"menu-item menu-item-type-post_type menu-item-object-page menu-item-3554\"><a href=\"https:\/\/onrnc.com\/vi\/management\/information-security\/\" class=\"elementor-item\">B\u1ea3o m\u1eadt th\u00f4ng tin<\/a><\/li>\n<li class=\"menu-item menu-item-type-post_type menu-item-object-page menu-item-3555\"><a href=\"https:\/\/onrnc.com\/vi\/management\/eicc\/\" class=\"elementor-item\">EICC<\/a><\/li>\n<\/ul>\t\t\t<\/nav>\n\t\t\t\t\t\t<nav class=\"elementor-nav-menu--dropdown elementor-nav-menu__container\" aria-hidden=\"true\">\n\t\t\t\t<ul id=\"menu-2-868fded\" class=\"elementor-nav-menu\"><li class=\"menu-item menu-item-type-post_type menu-item-object-page menu-item-3550\"><a href=\"https:\/\/onrnc.com\/vi\/management\/management-policy\/\" class=\"elementor-item\" tabindex=\"-1\">Ph\u01b0\u01a1ng ch\u00e2m qu\u1ea3n l\u00fd<\/a><\/li>\n<li class=\"menu-item menu-item-type-post_type menu-item-object-page menu-item-3551\"><a href=\"https:\/\/onrnc.com\/vi\/management\/code-of-ethics\/\" class=\"elementor-item\" tabindex=\"-1\">Quy t\u1eafc \u0111\u1ea1o \u0111\u1ee9c<\/a><\/li>\n<li class=\"menu-item menu-item-type-post_type menu-item-object-page menu-item-3552\"><a href=\"https:\/\/onrnc.com\/vi\/management\/quality-management\/\" class=\"elementor-item\" tabindex=\"-1\">Qu\u1ea3n l\u00fd ch\u1ea5t l\u01b0\u1ee3ng<\/a><\/li>\n<li class=\"menu-item menu-item-type-post_type menu-item-object-page menu-item-3553\"><a href=\"https:\/\/onrnc.com\/vi\/management\/hse-policy\/\" class=\"elementor-item\" tabindex=\"-1\">Ch\u00ednh s\u00e1ch HSE<\/a><\/li>\n<li class=\"menu-item menu-item-type-post_type menu-item-object-page menu-item-3554\"><a href=\"https:\/\/onrnc.com\/vi\/management\/information-security\/\" class=\"elementor-item\" tabindex=\"-1\">B\u1ea3o m\u1eadt th\u00f4ng tin<\/a><\/li>\n<li class=\"menu-item menu-item-type-post_type menu-item-object-page menu-item-3555\"><a href=\"https:\/\/onrnc.com\/vi\/management\/eicc\/\" class=\"elementor-item\" tabindex=\"-1\">EICC<\/a><\/li>\n<\/ul>\t\t\t<\/nav>\n\t\t\t\t\t\t<\/div>\n\t\t\t\t<\/div>\n\t\t\t\t<\/div>\n\t\t<div class=\"elementor-element elementor-element-5405170 font e-flex e-con-boxed e-con e-parent\" data-id=\"5405170\" data-element_type=\"container\" data-settings=\"{&quot;jet_parallax_layout_list&quot;:[]}\">\n\t\t\t\t\t<div class=\"e-con-inner\">\n\t\t<div class=\"elementor-element elementor-element-9775996 e-con-full e-flex e-con e-child\" data-id=\"9775996\" data-element_type=\"container\" data-settings=\"{&quot;jet_parallax_layout_list&quot;:[]}\">\n\t\t\t\t<div class=\"elementor-element elementor-element-aae6621 elementor-widget__width-inherit elementor-widget elementor-widget-heading\" data-id=\"aae6621\" data-element_type=\"widget\" data-widget_type=\"heading.default\">\n\t\t\t\t<div class=\"elementor-widget-container\">\n\t\t\t\t\t<h3 class=\"elementor-heading-title elementor-size-default\">Qu\u1ea3n l\u00fd ch\u1ea5t l\u01b0\u1ee3ng<\/h3>\t\t\t\t<\/div>\n\t\t\t\t<\/div>\n\t\t\t\t<div class=\"elementor-element elementor-element-73215f4 elementor-invisible elementor-widget elementor-widget-text-editor\" data-id=\"73215f4\" data-element_type=\"widget\" data-settings=\"{&quot;_animation&quot;:&quot;fadeInUp&quot;}\" data-widget_type=\"text-editor.default\">\n\t\t\t\t<div class=\"elementor-widget-container\">\n\t\t\t\t\t\t\t\t\tTo\u00e0n th\u1ec3 c\u00e1n b\u1ed9 nh\u00e2n vi\u00ean c\u1ee7a c\u00f4ng ty \u0111\u1ec1u nh\u1eadn th\u1ee9c s\u00e2u s\u1eafc t\u1ea7m quan tr\u1ecdng c\u1ee7a qu\u1ea3n l\u00fd ch\u1ea5t l\u01b0\u1ee3ng <br class=\"br02\" \/>v\u00e0 cam k\u1ebft tu\u00e2n th\u1ee7 nh\u1eefng nguy\u00ean t\u1eafc sau \u0111\u1ec3 \u0111\u00e1p \u1ee9ng \u0111\u1ea7y \u0111\u1ee7 y\u00eau c\u1ea7u c\u1ee7a kh\u00e1ch h\u00e0ng:\t\t\t\t\t\t\t\t<\/div>\n\t\t\t\t<\/div>\n\t\t\t\t<\/div>\n\t\t<div class=\"elementor-element elementor-element-2175039 e-con-full e-flex elementor-invisible e-con e-child\" data-id=\"2175039\" data-element_type=\"container\" data-settings=\"{&quot;jet_parallax_layout_list&quot;:[],&quot;animation&quot;:&quot;fadeIn&quot;}\">\n\t\t\t\t<div class=\"elementor-element elementor-element-739cdb6 elementor-icon-list--layout-inline code-of-ethics-list elementor-list-item-link-full_width elementor-invisible elementor-widget elementor-widget-icon-list\" data-id=\"739cdb6\" data-element_type=\"widget\" data-settings=\"{&quot;_animation&quot;:&quot;fadeIn&quot;}\" data-widget_type=\"icon-list.default\">\n\t\t\t\t<div class=\"elementor-widget-container\">\n\t\t\t\t\t\t\t<ul class=\"elementor-icon-list-items elementor-inline-items\">\n\t\t\t\t\t\t\t<li class=\"elementor-icon-list-item elementor-inline-item\">\n\t\t\t\t\t\t\t\t\t\t<span class=\"elementor-icon-list-text\">1st,<\/span>\n\t\t\t\t\t\t\t\t\t<\/li>\n\t\t\t\t\t\t\t\t<li class=\"elementor-icon-list-item elementor-inline-item\">\n\t\t\t\t\t\t\t\t\t\t<span class=\"elementor-icon-list-text\">Th\u1ee9 nh\u1ea5t, ch\u00fang t\u00f4i l\u1ea5y s\u1ef1 trung th\u1ef1c v\u00e0 li\u00eam ch\u00ednh l\u00e0m n\u1ec1n t\u1ea3ng, v\u1edbi t\u00e1c phong s\u1ed1ng l\u00e0nh m\u1ea1nh \u0111\u1ec3 ti\u00ean phong x\u00e2y d\u1ef1ng  m\u00f4i tr\u01b0\u1eddng l\u00e0m vi\u1ec7c trong s\u1ea1ch, c\u00f4ng b\u1eb1ng, minh b\u1ea1ch v\u00e0 kh\u00f4ng c\u00f3 gian l\u1eadn.<\/span>\n\t\t\t\t\t\t\t\t\t<\/li>\n\t\t\t\t\t\t<\/ul>\n\t\t\t\t\t\t<\/div>\n\t\t\t\t<\/div>\n\t\t\t\t<div class=\"elementor-element elementor-element-d3fb208 elementor-icon-list--layout-inline code-of-ethics-list elementor-list-item-link-full_width elementor-invisible elementor-widget elementor-widget-icon-list\" data-id=\"d3fb208\" data-element_type=\"widget\" data-settings=\"{&quot;_animation&quot;:&quot;fadeIn&quot;}\" data-widget_type=\"icon-list.default\">\n\t\t\t\t<div class=\"elementor-widget-container\">\n\t\t\t\t\t\t\t<ul class=\"elementor-icon-list-items elementor-inline-items\">\n\t\t\t\t\t\t\t<li class=\"elementor-icon-list-item elementor-inline-item\">\n\t\t\t\t\t\t\t\t\t\t<span class=\"elementor-icon-list-text\">2nd,<\/span>\n\t\t\t\t\t\t\t\t\t<\/li>\n\t\t\t\t\t\t\t\t<li class=\"elementor-icon-list-item elementor-inline-item\">\n\t\t\t\t\t\t\t\t\t\t<span class=\"elementor-icon-list-text\">Th\u1ee9  hai, v\u1edbi t\u01b0 c\u00e1ch l\u00e0 ng\u01b0\u1eddi \u0111\u1ea1i di\u1ec7n cho O.N, ch\u00fang t\u00f4i lu\u00f4n gi\u1eef g\u00ecn ph\u1ea9m c\u00e1ch trong c\u1ea3 c\u00f4ng vi\u1ec7c v\u00e0 \u0111\u1eddi s\u1ed1ng c\u00e1 nh\u00e2n,  \u0111\u1ed3ng th\u1eddi kh\u00f4ng ng\u1eebng n\u1ed7 l\u1ef1c ph\u00e1t tri\u1ec3n n\u0103ng l\u1ef1c b\u1eb1ng tinh th\u1ea7n s\u00e1ng t\u1ea1o v\u00e0 \u0111\u1ed5i m\u1edbi trong c\u00f4ng vi\u1ec7c c\u1ee7a m\u00ecnh.<\/span>\n\t\t\t\t\t\t\t\t\t<\/li>\n\t\t\t\t\t\t<\/ul>\n\t\t\t\t\t\t<\/div>\n\t\t\t\t<\/div>\n\t\t\t\t<div class=\"elementor-element elementor-element-ca921ee elementor-icon-list--layout-inline code-of-ethics-list elementor-list-item-link-full_width elementor-invisible elementor-widget elementor-widget-icon-list\" data-id=\"ca921ee\" data-element_type=\"widget\" data-settings=\"{&quot;_animation&quot;:&quot;fadeIn&quot;}\" data-widget_type=\"icon-list.default\">\n\t\t\t\t<div class=\"elementor-widget-container\">\n\t\t\t\t\t\t\t<ul class=\"elementor-icon-list-items elementor-inline-items\">\n\t\t\t\t\t\t\t<li class=\"elementor-icon-list-item elementor-inline-item\">\n\t\t\t\t\t\t\t\t\t\t<span class=\"elementor-icon-list-text\">3rd,<\/span>\n\t\t\t\t\t\t\t\t\t<\/li>\n\t\t\t\t\t\t\t\t<li class=\"elementor-icon-list-item elementor-inline-item\">\n\t\t\t\t\t\t\t\t\t\t<span class=\"elementor-icon-list-text\">Th\u1ee9 ba, ch\u00fang t\u00f4i d\u1ef1a tr\u00ean \u00fd th\u1ee9c \u0111\u1ea1o \u0111\u1ee9c cao, th\u1ef1c hi\u1ec7n c\u00f4ng vi\u1ec7c m\u1ed9t c\u00e1ch trung th\u1ef1c v\u00e0 c\u00f4ng b\u1eb1ng.<\/span>\n\t\t\t\t\t\t\t\t\t<\/li>\n\t\t\t\t\t\t<\/ul>\n\t\t\t\t\t\t<\/div>\n\t\t\t\t<\/div>\n\t\t\t\t<div class=\"elementor-element elementor-element-af3a61c elementor-icon-list--layout-inline code-of-ethics-list elementor-list-item-link-full_width elementor-invisible elementor-widget elementor-widget-icon-list\" data-id=\"af3a61c\" data-element_type=\"widget\" data-settings=\"{&quot;_animation&quot;:&quot;fadeIn&quot;}\" data-widget_type=\"icon-list.default\">\n\t\t\t\t<div class=\"elementor-widget-container\">\n\t\t\t\t\t\t\t<ul class=\"elementor-icon-list-items elementor-inline-items\">\n\t\t\t\t\t\t\t<li class=\"elementor-icon-list-item elementor-inline-item\">\n\t\t\t\t\t\t\t\t\t\t<span class=\"elementor-icon-list-text\">4th,<\/span>\n\t\t\t\t\t\t\t\t\t<\/li>\n\t\t\t\t\t\t\t\t<li class=\"elementor-icon-list-item elementor-inline-item\">\n\t\t\t\t\t\t\t\t\t\t<span class=\"elementor-icon-list-text\">Th\u1ee9 t\u01b0, ch\u00fang t\u00f4i coi vi\u1ec7c b\u1ea3o \u0111\u1ea3m ch\u1ea5t l\u01b0\u1ee3ng v\u00e0 tu\u00e2n th\u1ee7 ti\u1ebfn \u0111\u1ed9 l\u00e0 m\u1ee5c ti\u00eau h\u00e0ng \u0111\u1ea7u, nh\u1eb1m b\u1ea3o v\u1ec7 gi\u00e1 tr\u1ecb qu\u00fd b\u00e1u c\u1ee7a kh\u00e1ch h\u00e0ng v\u00e0 t\u1ea1o ra nh\u1eefng s\u1ea3n ph\u1ea9m, d\u1ecbch v\u1ee5 t\u1ed1t nh\u1ea5t.<\/span>\n\t\t\t\t\t\t\t\t\t<\/li>\n\t\t\t\t\t\t<\/ul>\n\t\t\t\t\t\t<\/div>\n\t\t\t\t<\/div>\n\t\t\t\t<div class=\"elementor-element elementor-element-4f24aea elementor-icon-list--layout-inline code-of-ethics-list elementor-list-item-link-full_width elementor-invisible elementor-widget elementor-widget-icon-list\" data-id=\"4f24aea\" data-element_type=\"widget\" data-settings=\"{&quot;_animation&quot;:&quot;fadeIn&quot;}\" data-widget_type=\"icon-list.default\">\n\t\t\t\t<div class=\"elementor-widget-container\">\n\t\t\t\t\t\t\t<ul class=\"elementor-icon-list-items elementor-inline-items\">\n\t\t\t\t\t\t\t<li class=\"elementor-icon-list-item elementor-inline-item\">\n\t\t\t\t\t\t\t\t\t\t<span class=\"elementor-icon-list-text\">5th,<\/span>\n\t\t\t\t\t\t\t\t\t<\/li>\n\t\t\t\t\t\t\t\t<li class=\"elementor-icon-list-item elementor-inline-item\">\n\t\t\t\t\t\t\t\t\t\t<span class=\"elementor-icon-list-text\">Th\u1ee9 n\u0103m, ch\u00fang t\u00f4i lu\u00f4n n\u1ed7 l\u1ef1c h\u1ee3p t\u00e1c c\u00f9ng ph\u00e1t tri\u1ec3n v\u1edbi \u0111\u1ed1i t\u00e1c tr\u00ean nguy\u00ean t\u1eafc c\u00f9ng c\u00f3 l\u1ee3i, \u0111\u1ed3ng th\u1eddi duy tr\u00ec s\u1ef1 minh b\u1ea1ch v\u00e0 c\u00f4ng b\u1eb1ng trong m\u1ecdi giao d\u1ecbch.<\/span>\n\t\t\t\t\t\t\t\t\t<\/li>\n\t\t\t\t\t\t<\/ul>\n\t\t\t\t\t\t<\/div>\n\t\t\t\t<\/div>\n\t\t\t\t<div class=\"elementor-element elementor-element-f78af07 elementor-icon-list--layout-inline code-of-ethics-list elementor-list-item-link-full_width elementor-invisible elementor-widget elementor-widget-icon-list\" data-id=\"f78af07\" data-element_type=\"widget\" data-settings=\"{&quot;_animation&quot;:&quot;fadeIn&quot;}\" data-widget_type=\"icon-list.default\">\n\t\t\t\t<div class=\"elementor-widget-container\">\n\t\t\t\t\t\t\t<ul class=\"elementor-icon-list-items elementor-inline-items\">\n\t\t\t\t\t\t\t<li class=\"elementor-icon-list-item elementor-inline-item\">\n\t\t\t\t\t\t\t\t\t\t<span class=\"elementor-icon-list-text\">6th,<\/span>\n\t\t\t\t\t\t\t\t\t<\/li>\n\t\t\t\t\t\t\t\t<li class=\"elementor-icon-list-item elementor-inline-item\">\n\t\t\t\t\t\t\t\t\t\t<span class=\"elementor-icon-list-text\">Th\u1ee9 s\u00e1u, ch\u00fang t\u00f4i tu\u00e2n th\u1ee7 c\u00e1c quy \u0111\u1ecbnh ph\u00e1p lu\u1eadt, \u0111\u1ed3ng th\u1eddi t\u00edch c\u1ef1c tham gia c\u00e1c ho\u1ea1t \u0111\u1ed9ng \u0111\u00f3ng g\u00f3p x\u00e3 h\u1ed9i v\u00e0 ph\u00e1t tri\u1ec3n c\u1ed9ng \u0111\u1ed3ng \u0111\u1ecba ph\u01b0\u01a1ng v\u1edbi t\u01b0 c\u00e1ch l\u00e0 m\u1ed9t th\u00e0nh vi\u00ean c\u00f3 tr\u00e1ch nhi\u1ec7m c\u1ee7a x\u00e3 h\u1ed9i.<\/span>\n\t\t\t\t\t\t\t\t\t<\/li>\n\t\t\t\t\t\t<\/ul>\n\t\t\t\t\t\t<\/div>\n\t\t\t\t<\/div>\n\t\t\t\t<div class=\"elementor-element elementor-element-2af236f elementor-icon-list--layout-inline code-of-ethics-list elementor-list-item-link-full_width elementor-invisible elementor-widget elementor-widget-icon-list\" data-id=\"2af236f\" data-element_type=\"widget\" data-settings=\"{&quot;_animation&quot;:&quot;fadeIn&quot;}\" data-widget_type=\"icon-list.default\">\n\t\t\t\t<div class=\"elementor-widget-container\">\n\t\t\t\t\t\t\t<ul class=\"elementor-icon-list-items elementor-inline-items\">\n\t\t\t\t\t\t\t<li class=\"elementor-icon-list-item elementor-inline-item\">\n\t\t\t\t\t\t\t\t\t\t<span class=\"elementor-icon-list-text\">7th,<\/span>\n\t\t\t\t\t\t\t\t\t<\/li>\n\t\t\t\t\t\t\t\t<li class=\"elementor-icon-list-item elementor-inline-item\">\n\t\t\t\t\t\t\t\t\t\t<span class=\"elementor-icon-list-text\">Th\u1ee9 b\u1ea3y, ch\u00fang t\u00f4i gi\u1eef g\u00ecn danh d\u1ef1 v\u00e0 ph\u1ea9m c\u00e1ch, tuy\u1ec7t \u0111\u1ed1i kh\u00f4ng th\u1ef1c hi\u1ec7n b\u1ea5t k\u1ef3 h\u00e0nh vi sai tr\u00e1i n\u00e0o, v\u00e0 trong qu\u00e1 tr\u00ecnh th\u1ef1c hi\u1ec7n c\u00f4ng vi\u1ec7c lu\u00f4n \u0111\u1eb7t l\u1ee3i \u00edch c\u1ee7a c\u00f4ng ty l\u00ean h\u00e0ng \u0111\u1ea7u.<\/span>\n\t\t\t\t\t\t\t\t\t<\/li>\n\t\t\t\t\t\t<\/ul>\n\t\t\t\t\t\t<\/div>\n\t\t\t\t<\/div>\n\t\t\t\t<\/div>\n\t\t\t\t\t<\/div>\n\t\t\t\t<\/div>\n\t\t\t\t<\/div>\n\t\t","protected":false},"excerpt":{"rendered":"<p>MANAGEMENT Qu\u1ea3n l\u00fd ch\u1ea5t l\u01b0\u1ee3ng To\u00e0n th\u1ec3 c\u00e1n b\u1ed9 nh\u00e2n vi\u00ean c\u1ee7a c\u00f4ng ty \u0111\u1ec1u nh\u1eadn th\u1ee9c s\u00e2u s\u1eafc t\u1ea7m quan tr\u1ecdng c\u1ee7a qu\u1ea3n l\u00fd ch\u1ea5t l\u01b0\u1ee3ng v\u00e0 cam k\u1ebft tu\u00e2n th\u1ee7 nh\u1eefng nguy\u00ean t\u1eafc sau \u0111\u1ec3 \u0111\u00e1p \u1ee9ng \u0111\u1ea7y \u0111\u1ee7 y\u00eau c\u1ea7u c\u1ee7a kh\u00e1ch h\u00e0ng: 1st, Th\u1ee9 nh\u1ea5t, ch\u00fang t\u00f4i l\u1ea5y s\u1ef1 trung th\u1ef1c [&hellip;]<\/p>\n","protected":false},"author":1,"featured_media":0,"parent":3504,"menu_order":2,"comment_status":"closed","ping_status":"closed","template":"","meta":{"_acf_changed":false,"footnotes":""},"class_list":["post-3507","page","type-page","status-publish","hentry"],"acf":[],"_links":{"self":[{"href":"https:\/\/onrnc.com\/vi\/wp-json\/wp\/v2\/pages\/3507","targetHints":{"allow":["GET"]}}],"collection":[{"href":"https:\/\/onrnc.com\/vi\/wp-json\/wp\/v2\/pages"}],"about":[{"href":"https:\/\/onrnc.com\/vi\/wp-json\/wp\/v2\/types\/page"}],"author":[{"embeddable":true,"href":"https:\/\/onrnc.com\/vi\/wp-json\/wp\/v2\/users\/1"}],"replies":[{"embeddable":true,"href":"https:\/\/onrnc.com\/vi\/wp-json\/wp\/v2\/comments?post=3507"}],"version-history":[{"count":7,"href":"https:\/\/onrnc.com\/vi\/wp-json\/wp\/v2\/pages\/3507\/revisions"}],"predecessor-version":[{"id":4164,"href":"https:\/\/onrnc.com\/vi\/wp-json\/wp\/v2\/pages\/3507\/revisions\/4164"}],"up":[{"embeddable":true,"href":"https:\/\/onrnc.com\/vi\/wp-json\/wp\/v2\/pages\/3504"}],"wp:attachment":[{"href":"https:\/\/onrnc.com\/vi\/wp-json\/wp\/v2\/media?parent=3507"}],"curies":[{"name":"wp","href":"https:\/\/api.w.org\/{rel}","templated":true}]}}