{"id":3508,"date":"2025-06-20T06:34:01","date_gmt":"2025-06-19T21:34:01","guid":{"rendered":"https:\/\/onrnc.com\/management\/quality-management\/"},"modified":"2026-01-08T14:23:14","modified_gmt":"2026-01-08T05:23:14","slug":"quality-management","status":"publish","type":"page","link":"https:\/\/onrnc.com\/vi\/management\/quality-management\/","title":{"rendered":"Qu\u1ea3n l\u00fd ch\u1ea5t l\u01b0\u1ee3ng"},"content":{"rendered":"\t\t<div data-elementor-type=\"wp-page\" data-elementor-id=\"3508\" class=\"elementor elementor-3508 elementor-879\" data-elementor-post-type=\"page\">\n\t\t\t\t<div class=\"elementor-element elementor-element-6b33dcb e-con-full font e-flex e-con e-parent\" data-id=\"6b33dcb\" data-element_type=\"container\" data-settings=\"{&quot;background_background&quot;:&quot;classic&quot;,&quot;jet_parallax_layout_list&quot;:[]}\">\n\t\t\t\t<div class=\"elementor-element elementor-element-4abe12c elementor-widget elementor-widget-heading\" data-id=\"4abe12c\" data-element_type=\"widget\" data-widget_type=\"heading.default\">\n\t\t\t\t<div class=\"elementor-widget-container\">\n\t\t\t\t\t<h2 class=\"elementor-heading-title elementor-size-default\">MANAGEMENT<\/h2>\t\t\t\t<\/div>\n\t\t\t\t<\/div>\n\t\t\t\t<div class=\"elementor-element elementor-element-868fded elementor-nav-menu--dropdown-none elementor-absolute sub-menu elementor-hidden-mobile elementor-widget elementor-widget-nav-menu\" data-id=\"868fded\" data-element_type=\"widget\" data-settings=\"{&quot;submenu_icon&quot;:{&quot;value&quot;:&quot;&lt;i class=\\&quot;\\&quot;&gt;&lt;\\\/i&gt;&quot;,&quot;library&quot;:&quot;&quot;},&quot;_position&quot;:&quot;absolute&quot;,&quot;layout&quot;:&quot;horizontal&quot;}\" data-widget_type=\"nav-menu.default\">\n\t\t\t\t<div class=\"elementor-widget-container\">\n\t\t\t\t\t\t\t\t<nav aria-label=\"Menu\" class=\"elementor-nav-menu--main elementor-nav-menu__container elementor-nav-menu--layout-horizontal e--pointer-none\">\n\t\t\t\t<ul id=\"menu-1-868fded\" class=\"elementor-nav-menu\"><li class=\"menu-item menu-item-type-post_type menu-item-object-page menu-item-3550\"><a href=\"https:\/\/onrnc.com\/vi\/management\/management-policy\/\" class=\"elementor-item\">Ph\u01b0\u01a1ng ch\u00e2m qu\u1ea3n l\u00fd<\/a><\/li>\n<li class=\"menu-item menu-item-type-post_type menu-item-object-page menu-item-3551\"><a href=\"https:\/\/onrnc.com\/vi\/management\/code-of-ethics\/\" class=\"elementor-item\">Quy t\u1eafc \u0111\u1ea1o \u0111\u1ee9c<\/a><\/li>\n<li class=\"menu-item menu-item-type-post_type menu-item-object-page menu-item-3552\"><a href=\"https:\/\/onrnc.com\/vi\/management\/quality-management\/\" class=\"elementor-item\">Qu\u1ea3n l\u00fd ch\u1ea5t l\u01b0\u1ee3ng<\/a><\/li>\n<li class=\"menu-item menu-item-type-post_type menu-item-object-page menu-item-3553\"><a href=\"https:\/\/onrnc.com\/vi\/management\/hse-policy\/\" class=\"elementor-item\">Ch\u00ednh s\u00e1ch HSE<\/a><\/li>\n<li class=\"menu-item menu-item-type-post_type menu-item-object-page menu-item-3554\"><a href=\"https:\/\/onrnc.com\/vi\/management\/information-security\/\" class=\"elementor-item\">B\u1ea3o m\u1eadt th\u00f4ng tin<\/a><\/li>\n<li class=\"menu-item menu-item-type-post_type menu-item-object-page menu-item-3555\"><a href=\"https:\/\/onrnc.com\/vi\/management\/eicc\/\" class=\"elementor-item\">EICC<\/a><\/li>\n<\/ul>\t\t\t<\/nav>\n\t\t\t\t\t\t<nav class=\"elementor-nav-menu--dropdown elementor-nav-menu__container\" aria-hidden=\"true\">\n\t\t\t\t<ul id=\"menu-2-868fded\" class=\"elementor-nav-menu\"><li class=\"menu-item menu-item-type-post_type menu-item-object-page menu-item-3550\"><a href=\"https:\/\/onrnc.com\/vi\/management\/management-policy\/\" class=\"elementor-item\" tabindex=\"-1\">Ph\u01b0\u01a1ng ch\u00e2m qu\u1ea3n l\u00fd<\/a><\/li>\n<li class=\"menu-item menu-item-type-post_type menu-item-object-page menu-item-3551\"><a href=\"https:\/\/onrnc.com\/vi\/management\/code-of-ethics\/\" class=\"elementor-item\" tabindex=\"-1\">Quy t\u1eafc \u0111\u1ea1o \u0111\u1ee9c<\/a><\/li>\n<li class=\"menu-item menu-item-type-post_type menu-item-object-page menu-item-3552\"><a href=\"https:\/\/onrnc.com\/vi\/management\/quality-management\/\" class=\"elementor-item\" tabindex=\"-1\">Qu\u1ea3n l\u00fd ch\u1ea5t l\u01b0\u1ee3ng<\/a><\/li>\n<li class=\"menu-item menu-item-type-post_type menu-item-object-page menu-item-3553\"><a href=\"https:\/\/onrnc.com\/vi\/management\/hse-policy\/\" class=\"elementor-item\" tabindex=\"-1\">Ch\u00ednh s\u00e1ch HSE<\/a><\/li>\n<li class=\"menu-item menu-item-type-post_type menu-item-object-page menu-item-3554\"><a href=\"https:\/\/onrnc.com\/vi\/management\/information-security\/\" class=\"elementor-item\" tabindex=\"-1\">B\u1ea3o m\u1eadt th\u00f4ng tin<\/a><\/li>\n<li class=\"menu-item menu-item-type-post_type menu-item-object-page menu-item-3555\"><a href=\"https:\/\/onrnc.com\/vi\/management\/eicc\/\" class=\"elementor-item\" tabindex=\"-1\">EICC<\/a><\/li>\n<\/ul>\t\t\t<\/nav>\n\t\t\t\t\t\t<\/div>\n\t\t\t\t<\/div>\n\t\t\t\t<\/div>\n\t\t<div class=\"elementor-element elementor-element-5405170 font e-flex e-con-boxed e-con e-parent\" data-id=\"5405170\" data-element_type=\"container\" data-settings=\"{&quot;jet_parallax_layout_list&quot;:[]}\">\n\t\t\t\t\t<div class=\"e-con-inner\">\n\t\t<div class=\"elementor-element elementor-element-9775996 e-con-full e-flex e-con e-child\" data-id=\"9775996\" data-element_type=\"container\" data-settings=\"{&quot;jet_parallax_layout_list&quot;:[]}\">\n\t\t\t\t<div class=\"elementor-element elementor-element-aae6621 elementor-widget__width-inherit elementor-widget elementor-widget-heading\" data-id=\"aae6621\" data-element_type=\"widget\" data-widget_type=\"heading.default\">\n\t\t\t\t<div class=\"elementor-widget-container\">\n\t\t\t\t\t<h3 class=\"elementor-heading-title elementor-size-default\">Qu\u1ea3n l\u00fd ch\u1ea5t l\u01b0\u1ee3ng<\/h3>\t\t\t\t<\/div>\n\t\t\t\t<\/div>\n\t\t\t\t<div class=\"elementor-element elementor-element-73215f4 elementor-invisible elementor-widget elementor-widget-text-editor\" data-id=\"73215f4\" data-element_type=\"widget\" data-settings=\"{&quot;_animation&quot;:&quot;fadeInUp&quot;}\" data-widget_type=\"text-editor.default\">\n\t\t\t\t<div class=\"elementor-widget-container\">\n\t\t\t\t\t\t\t\t\tTo\u00e0n th\u1ec3 c\u00e1n b\u1ed9 nh\u00e2n vi\u00ean c\u1ee7a c\u00f4ng ty \u0111\u1ec1u nh\u1eadn th\u1ee9c s\u00e2u s\u1eafc t\u1ea7m quan tr\u1ecdng c\u1ee7a qu\u1ea3n l\u00fd ch\u1ea5t l\u01b0\u1ee3ng  \n<br class=\"br02\" \/>v\u00e0 cam k\u1ebft tu\u00e2n th\u1ee7 nh\u1eefng nguy\u00ean t\u1eafc sau \u0111\u1ec3 \u0111\u00e1p \u1ee9ng \u0111\u1ea7y \u0111\u1ee7 y\u00eau c\u1ea7u c\u1ee7a kh\u00e1ch h\u00e0ng:\t\t\t\t\t\t\t\t<\/div>\n\t\t\t\t<\/div>\n\t\t\t\t<\/div>\n\t\t<div class=\"elementor-element elementor-element-2175039 e-con-full e-flex elementor-invisible e-con e-child\" data-id=\"2175039\" data-element_type=\"container\" data-settings=\"{&quot;jet_parallax_layout_list&quot;:[],&quot;animation&quot;:&quot;fadeIn&quot;}\">\n\t\t\t\t<div class=\"elementor-element elementor-element-739cdb6 elementor-icon-list--layout-inline code-of-ethics-list Quality-Management elementor-list-item-link-full_width elementor-invisible elementor-widget elementor-widget-icon-list\" data-id=\"739cdb6\" data-element_type=\"widget\" data-settings=\"{&quot;_animation&quot;:&quot;fadeIn&quot;}\" data-widget_type=\"icon-list.default\">\n\t\t\t\t<div class=\"elementor-widget-container\">\n\t\t\t\t\t\t\t<ul class=\"elementor-icon-list-items elementor-inline-items\">\n\t\t\t\t\t\t\t<li class=\"elementor-icon-list-item elementor-inline-item\">\n\t\t\t\t\t\t\t\t\t\t<span class=\"elementor-icon-list-text\">01<\/span>\n\t\t\t\t\t\t\t\t\t<\/li>\n\t\t\t\t\t\t\t\t<li class=\"elementor-icon-list-item elementor-inline-item\">\n\t\t\t\t\t\t\t\t\t\t<span class=\"elementor-icon-list-text\">X\u00e2y d\u1ef1ng h\u1ec7 th\u1ed1ng qu\u1ea3n l\u00fd ch\u1ea5t l\u01b0\u1ee3ng l\u1ea5y kh\u00e1ch h\u00e0ng l\u00e0m trung t\u00e2m, ch\u1ee7 \u0111\u1ed9ng ph\u1ea3n \u00e1nh m\u1ecdi y\u00eau c\u1ea7u c\u1ee7a kh\u00e1ch h\u00e0ng \u0111\u1ec3 \u0111\u1ea1t ch\u1ea5t l\u01b0\u1ee3ng t\u1ed1t nh\u1ea5t.<\/span>\n\t\t\t\t\t\t\t\t\t<\/li>\n\t\t\t\t\t\t<\/ul>\n\t\t\t\t\t\t<\/div>\n\t\t\t\t<\/div>\n\t\t\t\t<div class=\"elementor-element elementor-element-d3fb208 elementor-icon-list--layout-inline code-of-ethics-list Quality-Management elementor-list-item-link-full_width elementor-invisible elementor-widget elementor-widget-icon-list\" data-id=\"d3fb208\" data-element_type=\"widget\" data-settings=\"{&quot;_animation&quot;:&quot;fadeIn&quot;}\" data-widget_type=\"icon-list.default\">\n\t\t\t\t<div class=\"elementor-widget-container\">\n\t\t\t\t\t\t\t<ul class=\"elementor-icon-list-items elementor-inline-items\">\n\t\t\t\t\t\t\t<li class=\"elementor-icon-list-item elementor-inline-item\">\n\t\t\t\t\t\t\t\t\t\t<span class=\"elementor-icon-list-text\">02<\/span>\n\t\t\t\t\t\t\t\t\t<\/li>\n\t\t\t\t\t\t\t\t<li class=\"elementor-icon-list-item elementor-inline-item\">\n\t\t\t\t\t\t\t\t\t\t<span class=\"elementor-icon-list-text\">Th\u00f4ng qua vi\u1ec7c \u00e1p d\u1ee5ng c\u00f4ng ngh\u1ec7 s\u1ea3n xu\u1ea5t ti\u00ean ti\u1ebfn v\u00e0 \u1ed5n \u0111\u1ecbnh h\u00f3a quy tr\u00ecnh, \u0111\u1ea3m b\u1ea3o t\u00ednh nh\u1ea5t qu\u00e1n v\u00e0 \u0111\u1ed9 tin c\u1eady c\u1ee7a ch\u1ea5t l\u01b0\u1ee3ng.<\/span>\n\t\t\t\t\t\t\t\t\t<\/li>\n\t\t\t\t\t\t<\/ul>\n\t\t\t\t\t\t<\/div>\n\t\t\t\t<\/div>\n\t\t\t\t<div class=\"elementor-element elementor-element-ca921ee elementor-icon-list--layout-inline code-of-ethics-list Quality-Management elementor-list-item-link-full_width elementor-invisible elementor-widget elementor-widget-icon-list\" data-id=\"ca921ee\" data-element_type=\"widget\" data-settings=\"{&quot;_animation&quot;:&quot;fadeIn&quot;}\" data-widget_type=\"icon-list.default\">\n\t\t\t\t<div class=\"elementor-widget-container\">\n\t\t\t\t\t\t\t<ul class=\"elementor-icon-list-items elementor-inline-items\">\n\t\t\t\t\t\t\t<li class=\"elementor-icon-list-item elementor-inline-item\">\n\t\t\t\t\t\t\t\t\t\t<span class=\"elementor-icon-list-text\">03<\/span>\n\t\t\t\t\t\t\t\t\t<\/li>\n\t\t\t\t\t\t\t\t<li class=\"elementor-icon-list-item elementor-inline-item\">\n\t\t\t\t\t\t\t\t\t\t<span class=\"elementor-icon-list-text\">N\u00e2ng cao \u00fd th\u1ee9c tr\u00e1ch nhi\u1ec7m v\u1ec1 ch\u1ea5t l\u01b0\u1ee3ng c\u1ee7a to\u00e0n th\u1ec3 c\u00e1n b\u1ed9 nh\u00e2n vi\u00ean v\u00e0 x\u00e2y d\u1ef1ng v\u0103n h\u00f3a ch\u1ea5t l\u01b0\u1ee3ng \u201cZero Defect \u2013 Kh\u00f4ng sai s\u00f3t\".<\/span>\n\t\t\t\t\t\t\t\t\t<\/li>\n\t\t\t\t\t\t<\/ul>\n\t\t\t\t\t\t<\/div>\n\t\t\t\t<\/div>\n\t\t\t\t<div class=\"elementor-element elementor-element-af3a61c elementor-icon-list--layout-inline code-of-ethics-list Quality-Management elementor-list-item-link-full_width elementor-invisible elementor-widget elementor-widget-icon-list\" data-id=\"af3a61c\" data-element_type=\"widget\" data-settings=\"{&quot;_animation&quot;:&quot;fadeIn&quot;}\" data-widget_type=\"icon-list.default\">\n\t\t\t\t<div class=\"elementor-widget-container\">\n\t\t\t\t\t\t\t<ul class=\"elementor-icon-list-items elementor-inline-items\">\n\t\t\t\t\t\t\t<li class=\"elementor-icon-list-item elementor-inline-item\">\n\t\t\t\t\t\t\t\t\t\t<span class=\"elementor-icon-list-text\">04<\/span>\n\t\t\t\t\t\t\t\t\t<\/li>\n\t\t\t\t\t\t\t\t<li class=\"elementor-icon-list-item elementor-inline-item\">\n\t\t\t\t\t\t\t\t\t\t<span class=\"elementor-icon-list-text\">T\u0103ng c\u01b0\u1eddng n\u0103ng l\u1ef1c c\u1ea1nh tranh v\u1ec1 ch\u1ea5t l\u01b0\u1ee3ng v\u00e0 c\u1ee7ng c\u1ed1 ni\u1ec1m tin c\u1ee7a kh\u00e1ch h\u00e0ng th\u00f4ng qua c\u1ea3i ti\u1ebfn li\u00ean t\u1ee5c.<\/span>\n\t\t\t\t\t\t\t\t\t<\/li>\n\t\t\t\t\t\t<\/ul>\n\t\t\t\t\t\t<\/div>\n\t\t\t\t<\/div>\n\t\t\t\t<div class=\"elementor-element elementor-element-4f24aea elementor-icon-list--layout-inline code-of-ethics-list Quality-Management elementor-list-item-link-full_width elementor-invisible elementor-widget elementor-widget-icon-list\" data-id=\"4f24aea\" data-element_type=\"widget\" data-settings=\"{&quot;_animation&quot;:&quot;fadeIn&quot;}\" data-widget_type=\"icon-list.default\">\n\t\t\t\t<div class=\"elementor-widget-container\">\n\t\t\t\t\t\t\t<ul class=\"elementor-icon-list-items elementor-inline-items\">\n\t\t\t\t\t\t\t<li class=\"elementor-icon-list-item elementor-inline-item\">\n\t\t\t\t\t\t\t\t\t\t<span class=\"elementor-icon-list-text\">05<\/span>\n\t\t\t\t\t\t\t\t\t<\/li>\n\t\t\t\t\t\t\t\t<li class=\"elementor-icon-list-item elementor-inline-item\">\n\t\t\t\t\t\t\t\t\t\t<span class=\"elementor-icon-list-text\">Tu\u00e2n th\u1ee7 ch\u1eb7t ch\u1ebd c\u00e1c y\u00eau c\u1ea7u k\u1ef9 thu\u1eadt c\u1ee7a kh\u00e1ch h\u00e0ng, ti\u00eau chu\u1ea9n ng\u00e0nh v\u00e0 c\u00e1c quy \u0111\u1ecbnh ph\u00e1p lu\u1eadt li\u00ean quan.<\/span>\n\t\t\t\t\t\t\t\t\t<\/li>\n\t\t\t\t\t\t<\/ul>\n\t\t\t\t\t\t<\/div>\n\t\t\t\t<\/div>\n\t\t\t\t<\/div>\n\t\t\t\t\t<\/div>\n\t\t\t\t<\/div>\n\t\t<div class=\"elementor-element elementor-element-aeab30c font e-flex e-con-boxed e-con e-parent\" data-id=\"aeab30c\" data-element_type=\"container\" data-settings=\"{&quot;jet_parallax_layout_list&quot;:[]}\">\n\t\t\t\t\t<div class=\"e-con-inner\">\n\t\t<div class=\"elementor-element elementor-element-0d46ad4 e-flex e-con-boxed e-con e-child\" data-id=\"0d46ad4\" data-element_type=\"container\" data-settings=\"{&quot;background_background&quot;:&quot;classic&quot;,&quot;jet_parallax_layout_list&quot;:[]}\">\n\t\t\t\t\t<div class=\"e-con-inner\">\n\t\t<div class=\"elementor-element elementor-element-9376706 e-con-full e-flex e-con e-child\" data-id=\"9376706\" data-element_type=\"container\" data-settings=\"{&quot;jet_parallax_layout_list&quot;:[]}\">\n\t\t\t\t<div class=\"elementor-element elementor-element-a723ff2 elementor-invisible elementor-widget elementor-widget-text-editor\" data-id=\"a723ff2\" data-element_type=\"widget\" data-settings=\"{&quot;_animation&quot;:&quot;fadeInUp&quot;}\" data-widget_type=\"text-editor.default\">\n\t\t\t\t<div class=\"elementor-widget-container\">\n\t\t\t\t\t\t\t\t\t<p>Customer trust is built on the foundation of superior quality<\/p>\t\t\t\t\t\t\t\t<\/div>\n\t\t\t\t<\/div>\n\t\t\t\t<div class=\"elementor-element elementor-element-fadc6cc elementor-invisible elementor-widget elementor-widget-heading\" data-id=\"fadc6cc\" data-element_type=\"widget\" data-settings=\"{&quot;_animation&quot;:&quot;fadeIn&quot;}\" data-widget_type=\"heading.default\">\n\t\t\t\t<div class=\"elementor-widget-container\">\n\t\t\t\t\t<h4 class=\"elementor-heading-title elementor-size-default\">Ni\u1ec1m tin c\u1ee7a kh\u00e1ch h\u00e0ng b\u1eaft \u0111\u1ea7u t\u1eeb ch\u1ea5t l\u01b0\u1ee3ng t\u1ed1t nh\u1ea5t.<\/h4>\t\t\t\t<\/div>\n\t\t\t\t<\/div>\n\t\t\t\t<\/div>\n\t\t<div class=\"elementor-element elementor-element-3884c02 e-con-full e-flex e-con e-child\" data-id=\"3884c02\" data-element_type=\"container\" data-settings=\"{&quot;jet_parallax_layout_list&quot;:[]}\">\n\t\t<div class=\"elementor-element elementor-element-c82e88b e-con-full e-flex e-con e-child\" data-id=\"c82e88b\" data-element_type=\"container\" data-settings=\"{&quot;jet_parallax_layout_list&quot;:[]}\">\n\t\t<div class=\"elementor-element elementor-element-26ae650 e-con-full e-flex e-con e-child\" data-id=\"26ae650\" data-element_type=\"container\" data-settings=\"{&quot;background_background&quot;:&quot;classic&quot;,&quot;jet_parallax_layout_list&quot;:[]}\">\n\t\t\t\t<div class=\"elementor-element elementor-element-73da673 elementor-widget elementor-widget-jet-headline\" data-id=\"73da673\" data-element_type=\"widget\" data-widget_type=\"jet-headline.default\">\n\t\t\t\t<div class=\"elementor-widget-container\">\n\t\t\t\t\t<div class=\"jet-headline jet-headline--direction-vertical\"><span class=\"jet-headline__part jet-headline__first\"><span class=\"jet-headline__label\">Ch\u1ea5t l\u01b0\u1ee3ng l\u00e0 s\u1ef1 s\u1ed1ng, ph\u1ea9m c\u00e1ch l\u00e0 s\u1ee9 m\u1ec7nh.<\/span><\/span><span class=\"jet-headline__part jet-headline__second\"><span class=\"jet-headline__label\">Ch\u1ea5t l\u01b0\u1ee3ng s\u1ea3n ph\u1ea9m l\u00e0  gi\u00e1 tr\u1ecb c\u1ed1t l\u00f5i c\u1ee7a doanh nghi\u1ec7p.<\/span><\/span><\/div>\t\t\t\t<\/div>\n\t\t\t\t<\/div>\n\t\t\t\t<\/div>\n\t\t<div class=\"elementor-element elementor-element-1453081 e-con-full e-flex e-con e-child\" data-id=\"1453081\" data-element_type=\"container\" data-settings=\"{&quot;background_background&quot;:&quot;classic&quot;,&quot;jet_parallax_layout_list&quot;:[]}\">\n\t\t\t\t<div class=\"elementor-element elementor-element-befc72e elementor-widget elementor-widget-jet-headline\" data-id=\"befc72e\" data-element_type=\"widget\" data-widget_type=\"jet-headline.default\">\n\t\t\t\t<div class=\"elementor-widget-container\">\n\t\t\t\t\t<div class=\"jet-headline jet-headline--direction-vertical\"><span class=\"jet-headline__part jet-headline__first\"><span class=\"jet-headline__label\">Tu\u00e2n th\u1ee7 quy c\u00e1ch v\u00e0 ph\u00e1p lu\u1eadt<\/span><\/span><span class=\"jet-headline__part jet-headline__second\"><span class=\"jet-headline__label\">Th\u1ef1c hi\u1ec7n ho\u1ea1t \u0111\u1ed9ng s\u1ea3n xu\u1ea5t c\u00f3 tr\u00e1ch nhi\u1ec7m b\u1eb1ng c\u00e1ch tu\u00e2n th\u1ee7 m\u1ecdi quy \u0111\u1ecbnh v\u00e0 ti\u00eau chu\u1ea9n trong v\u00e0 ngo\u00e0i n\u01b0\u1edbc.<\/span><\/span><\/div>\t\t\t\t<\/div>\n\t\t\t\t<\/div>\n\t\t\t\t<\/div>\n\t\t\t\t<\/div>\n\t\t<div class=\"elementor-element elementor-element-ed74e12 e-con-full e-flex e-con e-child\" data-id=\"ed74e12\" data-element_type=\"container\" data-settings=\"{&quot;jet_parallax_layout_list&quot;:[]}\">\n\t\t\t\t<div class=\"elementor-element elementor-element-35279e5 elementor-widget elementor-widget-image\" data-id=\"35279e5\" data-element_type=\"widget\" data-widget_type=\"image.default\">\n\t\t\t\t<div class=\"elementor-widget-container\">\n\t\t\t\t\t\t\t\t\t\t\t\t\t\t\t<img fetchpriority=\"high\" decoding=\"async\" width=\"497\" height=\"497\" src=\"https:\/\/onrnc.com\/wp-content\/uploads\/2025\/06\/Quality-Management01-01.png\" class=\"attachment-full size-full wp-image-3861\" alt=\"\" srcset=\"https:\/\/onrnc.com\/wp-content\/uploads\/2025\/06\/Quality-Management01-01.png 497w, https:\/\/onrnc.com\/wp-content\/uploads\/2025\/06\/Quality-Management01-01-300x300.png 300w\" sizes=\"(max-width: 497px) 100vw, 497px\" \/>\t\t\t\t\t\t\t\t\t\t\t\t\t\t\t<\/div>\n\t\t\t\t<\/div>\n\t\t<div class=\"elementor-element elementor-element-efca65d e-con-full e-flex e-con e-child\" data-id=\"efca65d\" data-element_type=\"container\" data-settings=\"{&quot;background_background&quot;:&quot;classic&quot;,&quot;jet_parallax_layout_list&quot;:[]}\">\n\t\t\t\t<div class=\"elementor-element elementor-element-1612e8d elementor-widget elementor-widget-jet-headline\" data-id=\"1612e8d\" data-element_type=\"widget\" data-widget_type=\"jet-headline.default\">\n\t\t\t\t<div class=\"elementor-widget-container\">\n\t\t\t\t\t<div class=\"jet-headline jet-headline--direction-vertical\"><span class=\"jet-headline__part jet-headline__first\"><span class=\"jet-headline__label\">C\u1ea3i ti\u1ebfn \u0111\u1ec3 n\u00e2ng cao ch\u1ea5t l\u01b0\u1ee3ng, t\u1eeb ch\u1ea5t l\u01b0\u1ee3ng t\u1ea1o d\u1ef1ng ni\u1ec1m tin<\/span><\/span><span class=\"jet-headline__part jet-headline__second\"><span class=\"jet-headline__label\">C\u1ea3i ti\u1ebfn ch\u1ea5t l\u01b0\u1ee3ng ch\u00ednh l\u00e0 kh\u1edfi \u0111\u1ea7u c\u1ee7a ni\u1ec1m tin kh\u00e1ch h\u00e0ng.<\/span><\/span><\/div>\t\t\t\t<\/div>\n\t\t\t\t<\/div>\n\t\t\t\t<\/div>\n\t\t\t\t<\/div>\n\t\t<div class=\"elementor-element elementor-element-da58107 e-con-full e-flex e-con e-child\" data-id=\"da58107\" data-element_type=\"container\" data-settings=\"{&quot;jet_parallax_layout_list&quot;:[]}\">\n\t\t<div class=\"elementor-element elementor-element-f81daef e-con-full e-flex e-con e-child\" data-id=\"f81daef\" data-element_type=\"container\" data-settings=\"{&quot;background_background&quot;:&quot;classic&quot;,&quot;jet_parallax_layout_list&quot;:[]}\">\n\t\t\t\t<div class=\"elementor-element elementor-element-972e95f elementor-widget elementor-widget-jet-headline\" data-id=\"972e95f\" data-element_type=\"widget\" data-widget_type=\"jet-headline.default\">\n\t\t\t\t<div class=\"elementor-widget-container\">\n\t\t\t\t\t<div class=\"jet-headline jet-headline--direction-vertical\"><span class=\"jet-headline__part jet-headline__first\"><span class=\"jet-headline__label\">Hi\u1ec7n th\u1ef1c h\u00f3a m\u1ee5c ti\u00eau kh\u00f4ng c\u00f3 khi\u1ebfu n\u1ea1i c\u1ee7a kh\u00e1ch h\u00e0ng<\/span><\/span><span class=\"jet-headline__part jet-headline__second\"><span class=\"jet-headline__label\">Lu\u00f4n \u0111\u1eb7t ti\u1ebfng n\u00f3i c\u1ee7a kh\u00e1ch h\u00e0ng l\u00ean h\u00e0ng \u0111\u1ea7u \u0111\u1ec3 \u0111\u1ea1t \u0111\u01b0\u1ee3c 0% ph\u00e0n n\u00e0n.<\/span><\/span><\/div>\t\t\t\t<\/div>\n\t\t\t\t<\/div>\n\t\t\t\t<\/div>\n\t\t<div class=\"elementor-element elementor-element-b79f412 e-con-full e-flex e-con e-child\" data-id=\"b79f412\" data-element_type=\"container\" data-settings=\"{&quot;background_background&quot;:&quot;classic&quot;,&quot;jet_parallax_layout_list&quot;:[]}\">\n\t\t\t\t<div class=\"elementor-element elementor-element-35c58a6 elementor-widget elementor-widget-jet-headline\" data-id=\"35c58a6\" data-element_type=\"widget\" data-widget_type=\"jet-headline.default\">\n\t\t\t\t<div class=\"elementor-widget-container\">\n\t\t\t\t\t<div class=\"jet-headline jet-headline--direction-vertical\"><span class=\"jet-headline__part jet-headline__first\"><span class=\"jet-headline__label\">H\u1ec7 th\u1ed1ng h\u00f3a qu\u1ea3n l\u00fd quy tr\u00ecnh<\/span><\/span><span class=\"jet-headline__part jet-headline__second\"><span class=\"jet-headline__label\">Chu\u1ea9n h\u00f3a v\u00e0 qu\u1ea3n l\u00fd c\u00f3 h\u1ec7 th\u1ed1ng m\u1ecdi quy tr\u00ecnh d\u1ef1a tr\u00ean d\u1eef li\u1ec7u.<\/span><\/span><\/div>\t\t\t\t<\/div>\n\t\t\t\t<\/div>\n\t\t\t\t<\/div>\n\t\t\t\t<\/div>\n\t\t\t\t<\/div>\n\t\t\t\t\t<\/div>\n\t\t\t\t<\/div>\n\t\t\t\t\t<\/div>\n\t\t\t\t<\/div>\n\t\t\t\t<\/div>\n\t\t","protected":false},"excerpt":{"rendered":"<p>MANAGEMENT Qu\u1ea3n l\u00fd ch\u1ea5t l\u01b0\u1ee3ng To\u00e0n th\u1ec3 c\u00e1n b\u1ed9 nh\u00e2n vi\u00ean c\u1ee7a c\u00f4ng ty \u0111\u1ec1u nh\u1eadn th\u1ee9c s\u00e2u s\u1eafc t\u1ea7m quan tr\u1ecdng c\u1ee7a qu\u1ea3n l\u00fd ch\u1ea5t l\u01b0\u1ee3ng v\u00e0 cam k\u1ebft tu\u00e2n th\u1ee7 nh\u1eefng nguy\u00ean t\u1eafc sau \u0111\u1ec3 \u0111\u00e1p \u1ee9ng \u0111\u1ea7y \u0111\u1ee7 y\u00eau c\u1ea7u c\u1ee7a kh\u00e1ch h\u00e0ng: 01 X\u00e2y d\u1ef1ng h\u1ec7 th\u1ed1ng qu\u1ea3n l\u00fd ch\u1ea5t l\u01b0\u1ee3ng [&hellip;]<\/p>\n","protected":false},"author":1,"featured_media":0,"parent":3504,"menu_order":3,"comment_status":"closed","ping_status":"closed","template":"","meta":{"_acf_changed":false,"footnotes":""},"class_list":["post-3508","page","type-page","status-publish","hentry"],"acf":[],"_links":{"self":[{"href":"https:\/\/onrnc.com\/vi\/wp-json\/wp\/v2\/pages\/3508","targetHints":{"allow":["GET"]}}],"collection":[{"href":"https:\/\/onrnc.com\/vi\/wp-json\/wp\/v2\/pages"}],"about":[{"href":"https:\/\/onrnc.com\/vi\/wp-json\/wp\/v2\/types\/page"}],"author":[{"embeddable":true,"href":"https:\/\/onrnc.com\/vi\/wp-json\/wp\/v2\/users\/1"}],"replies":[{"embeddable":true,"href":"https:\/\/onrnc.com\/vi\/wp-json\/wp\/v2\/comments?post=3508"}],"version-history":[{"count":4,"href":"https:\/\/onrnc.com\/vi\/wp-json\/wp\/v2\/pages\/3508\/revisions"}],"predecessor-version":[{"id":4168,"href":"https:\/\/onrnc.com\/vi\/wp-json\/wp\/v2\/pages\/3508\/revisions\/4168"}],"up":[{"embeddable":true,"href":"https:\/\/onrnc.com\/vi\/wp-json\/wp\/v2\/pages\/3504"}],"wp:attachment":[{"href":"https:\/\/onrnc.com\/vi\/wp-json\/wp\/v2\/media?parent=3508"}],"curies":[{"name":"wp","href":"https:\/\/api.w.org\/{rel}","templated":true}]}}