{"id":3510,"date":"2025-06-20T08:39:59","date_gmt":"2025-06-19T23:39:59","guid":{"rendered":"https:\/\/onrnc.com\/management\/hse-policy\/"},"modified":"2026-01-08T14:27:12","modified_gmt":"2026-01-08T05:27:12","slug":"hse-policy","status":"publish","type":"page","link":"https:\/\/onrnc.com\/vi\/management\/hse-policy\/","title":{"rendered":"Ch\u00ednh s\u00e1ch HSE"},"content":{"rendered":"\t\t<div data-elementor-type=\"wp-page\" data-elementor-id=\"3510\" class=\"elementor elementor-3510 elementor-963\" data-elementor-post-type=\"page\">\n\t\t\t\t<div class=\"elementor-element elementor-element-6b33dcb e-con-full font e-flex e-con e-parent\" data-id=\"6b33dcb\" data-element_type=\"container\" data-settings=\"{&quot;background_background&quot;:&quot;classic&quot;,&quot;jet_parallax_layout_list&quot;:[]}\">\n\t\t\t\t<div class=\"elementor-element elementor-element-4abe12c elementor-widget elementor-widget-heading\" data-id=\"4abe12c\" data-element_type=\"widget\" data-widget_type=\"heading.default\">\n\t\t\t\t<div class=\"elementor-widget-container\">\n\t\t\t\t\t<h2 class=\"elementor-heading-title elementor-size-default\">MANAGEMENT<\/h2>\t\t\t\t<\/div>\n\t\t\t\t<\/div>\n\t\t\t\t<div class=\"elementor-element elementor-element-868fded elementor-nav-menu--dropdown-none elementor-absolute sub-menu elementor-hidden-mobile elementor-widget elementor-widget-nav-menu\" data-id=\"868fded\" data-element_type=\"widget\" data-settings=\"{&quot;submenu_icon&quot;:{&quot;value&quot;:&quot;&lt;i class=\\&quot;\\&quot;&gt;&lt;\\\/i&gt;&quot;,&quot;library&quot;:&quot;&quot;},&quot;_position&quot;:&quot;absolute&quot;,&quot;layout&quot;:&quot;horizontal&quot;}\" data-widget_type=\"nav-menu.default\">\n\t\t\t\t<div class=\"elementor-widget-container\">\n\t\t\t\t\t\t\t\t<nav aria-label=\"Menu\" class=\"elementor-nav-menu--main elementor-nav-menu__container elementor-nav-menu--layout-horizontal e--pointer-none\">\n\t\t\t\t<ul id=\"menu-1-868fded\" class=\"elementor-nav-menu\"><li class=\"menu-item menu-item-type-post_type menu-item-object-page menu-item-3550\"><a href=\"https:\/\/onrnc.com\/vi\/management\/management-policy\/\" class=\"elementor-item\">Ph\u01b0\u01a1ng ch\u00e2m qu\u1ea3n l\u00fd<\/a><\/li>\n<li class=\"menu-item menu-item-type-post_type menu-item-object-page menu-item-3551\"><a href=\"https:\/\/onrnc.com\/vi\/management\/code-of-ethics\/\" class=\"elementor-item\">Quy t\u1eafc \u0111\u1ea1o \u0111\u1ee9c<\/a><\/li>\n<li class=\"menu-item menu-item-type-post_type menu-item-object-page menu-item-3552\"><a href=\"https:\/\/onrnc.com\/vi\/management\/quality-management\/\" class=\"elementor-item\">Qu\u1ea3n l\u00fd ch\u1ea5t l\u01b0\u1ee3ng<\/a><\/li>\n<li class=\"menu-item menu-item-type-post_type menu-item-object-page menu-item-3553\"><a href=\"https:\/\/onrnc.com\/vi\/management\/hse-policy\/\" class=\"elementor-item\">Ch\u00ednh s\u00e1ch HSE<\/a><\/li>\n<li class=\"menu-item menu-item-type-post_type menu-item-object-page menu-item-3554\"><a href=\"https:\/\/onrnc.com\/vi\/management\/information-security\/\" class=\"elementor-item\">B\u1ea3o m\u1eadt th\u00f4ng tin<\/a><\/li>\n<li class=\"menu-item menu-item-type-post_type menu-item-object-page menu-item-3555\"><a href=\"https:\/\/onrnc.com\/vi\/management\/eicc\/\" class=\"elementor-item\">EICC<\/a><\/li>\n<\/ul>\t\t\t<\/nav>\n\t\t\t\t\t\t<nav class=\"elementor-nav-menu--dropdown elementor-nav-menu__container\" aria-hidden=\"true\">\n\t\t\t\t<ul id=\"menu-2-868fded\" class=\"elementor-nav-menu\"><li class=\"menu-item menu-item-type-post_type menu-item-object-page menu-item-3550\"><a href=\"https:\/\/onrnc.com\/vi\/management\/management-policy\/\" class=\"elementor-item\" tabindex=\"-1\">Ph\u01b0\u01a1ng ch\u00e2m qu\u1ea3n l\u00fd<\/a><\/li>\n<li class=\"menu-item menu-item-type-post_type menu-item-object-page menu-item-3551\"><a href=\"https:\/\/onrnc.com\/vi\/management\/code-of-ethics\/\" class=\"elementor-item\" tabindex=\"-1\">Quy t\u1eafc \u0111\u1ea1o \u0111\u1ee9c<\/a><\/li>\n<li class=\"menu-item menu-item-type-post_type menu-item-object-page menu-item-3552\"><a href=\"https:\/\/onrnc.com\/vi\/management\/quality-management\/\" class=\"elementor-item\" tabindex=\"-1\">Qu\u1ea3n l\u00fd ch\u1ea5t l\u01b0\u1ee3ng<\/a><\/li>\n<li class=\"menu-item menu-item-type-post_type menu-item-object-page menu-item-3553\"><a href=\"https:\/\/onrnc.com\/vi\/management\/hse-policy\/\" class=\"elementor-item\" tabindex=\"-1\">Ch\u00ednh s\u00e1ch HSE<\/a><\/li>\n<li class=\"menu-item menu-item-type-post_type menu-item-object-page menu-item-3554\"><a href=\"https:\/\/onrnc.com\/vi\/management\/information-security\/\" class=\"elementor-item\" tabindex=\"-1\">B\u1ea3o m\u1eadt th\u00f4ng tin<\/a><\/li>\n<li class=\"menu-item menu-item-type-post_type menu-item-object-page menu-item-3555\"><a href=\"https:\/\/onrnc.com\/vi\/management\/eicc\/\" class=\"elementor-item\" tabindex=\"-1\">EICC<\/a><\/li>\n<\/ul>\t\t\t<\/nav>\n\t\t\t\t\t\t<\/div>\n\t\t\t\t<\/div>\n\t\t\t\t<\/div>\n\t\t<div class=\"elementor-element elementor-element-5405170 font e-flex e-con-boxed e-con e-parent\" data-id=\"5405170\" data-element_type=\"container\" data-settings=\"{&quot;jet_parallax_layout_list&quot;:[]}\">\n\t\t\t\t\t<div class=\"e-con-inner\">\n\t\t<div class=\"elementor-element elementor-element-9775996 e-con-full e-flex e-con e-child\" data-id=\"9775996\" data-element_type=\"container\" data-settings=\"{&quot;jet_parallax_layout_list&quot;:[]}\">\n\t\t\t\t<div class=\"elementor-element elementor-element-aae6621 elementor-widget__width-inherit elementor-widget elementor-widget-heading\" data-id=\"aae6621\" data-element_type=\"widget\" data-widget_type=\"heading.default\">\n\t\t\t\t<div class=\"elementor-widget-container\">\n\t\t\t\t\t<h3 class=\"elementor-heading-title elementor-size-default\">Ch\u00ednh s\u00e1ch HSE<\/h3>\t\t\t\t<\/div>\n\t\t\t\t<\/div>\n\t\t\t\t<div class=\"elementor-element elementor-element-73215f4 elementor-invisible elementor-widget elementor-widget-text-editor\" data-id=\"73215f4\" data-element_type=\"widget\" data-settings=\"{&quot;_animation&quot;:&quot;fadeInUp&quot;}\" data-widget_type=\"text-editor.default\">\n\t\t\t\t<div class=\"elementor-widget-container\">\n\t\t\t\t\t\t\t\t\tC\u00f4ng ty O.N lu\u00f4n \u0111\u1eb7t An to\u00e0n \u2013 S\u1ee9c kh\u1ecfe \u2013 M\u00f4i tr\u01b0\u1eddng l\u00ean h\u00e0ng \u0111\u1ea7u. <br class=\"br02\" \/>To\u00e0n th\u1ec3 nh\u00e2n vi\u00ean cam k\u1ebft th\u1ef1c hi\u1ec7n c\u1ea3i ti\u1ebfn li\u00ean t\u1ee5c h\u1ec7 th\u1ed1ng qu\u1ea3n l\u00fd an to\u00e0n, <br class=\"br02\" \/>s\u1ee9c kh\u1ecfe v\u00e0 m\u00f4i tr\u01b0\u1eddng, t\u1eeb \u0111\u00f3 n\u00e2ng cao n\u0103ng l\u1ef1c c\u1ea1nh tranh. Ch\u00fang t\u00f4i thi\u1ebft l\u1eadp c\u00e1c ch\u00ednh s\u00e1ch d\u01b0\u1edbi \u0111\u00e2y, <br class=\"br02\" \/>tri\u1ec3n khai th\u1ef1c hi\u1ec7n v\u00e0 c\u00f4ng khai \u0111\u1ebfn c\u00e1c b\u00ean li\u00ean quan.\t\t\t\t\t\t\t\t<\/div>\n\t\t\t\t<\/div>\n\t\t\t\t<\/div>\n\t\t<div class=\"elementor-element elementor-element-2175039 e-con-full e-flex elementor-invisible e-con e-child\" data-id=\"2175039\" data-element_type=\"container\" data-settings=\"{&quot;jet_parallax_layout_list&quot;:[],&quot;animation&quot;:&quot;fadeIn&quot;}\">\n\t\t\t\t<div class=\"elementor-element elementor-element-739cdb6 elementor-icon-list--layout-inline code-of-ethics-list Quality-Management elementor-list-item-link-full_width elementor-invisible elementor-widget elementor-widget-icon-list\" data-id=\"739cdb6\" data-element_type=\"widget\" data-settings=\"{&quot;_animation&quot;:&quot;fadeIn&quot;}\" data-widget_type=\"icon-list.default\">\n\t\t\t\t<div class=\"elementor-widget-container\">\n\t\t\t\t\t\t\t<ul class=\"elementor-icon-list-items elementor-inline-items\">\n\t\t\t\t\t\t\t<li class=\"elementor-icon-list-item elementor-inline-item\">\n\t\t\t\t\t\t\t\t\t\t<span class=\"elementor-icon-list-text\">01<\/span>\n\t\t\t\t\t\t\t\t\t<\/li>\n\t\t\t\t\t\t\t\t<li class=\"elementor-icon-list-item elementor-inline-item\">\n\t\t\t\t\t\t\t\t\t\t<span class=\"elementor-icon-list-text\">\u0110\u1eb7t An to\u00e0n \u2013 S\u1ee9c kh\u1ecfe \u2013 M\u00f4i tr\u01b0\u1eddng l\u00e0m \u01b0u ti\u00ean h\u00e0ng \u0111\u1ea7u trong qu\u1ea3n l\u00fd, theo \u0111u\u1ed5i v\u0103n h\u00f3a an to\u00e0n th\u00f4ng qua vi\u1ec7c th\u1ef1c thi h\u1ec7 th\u1ed1ng qu\u1ea3n l\u00fd an to\u00e0n, s\u1ee9c kh\u1ecfe v\u00e0 m\u00f4i tr\u01b0\u1eddng.<\/span>\n\t\t\t\t\t\t\t\t\t<\/li>\n\t\t\t\t\t\t<\/ul>\n\t\t\t\t\t\t<\/div>\n\t\t\t\t<\/div>\n\t\t\t\t<div class=\"elementor-element elementor-element-d3fb208 elementor-icon-list--layout-inline code-of-ethics-list Quality-Management elementor-list-item-link-full_width elementor-invisible elementor-widget elementor-widget-icon-list\" data-id=\"d3fb208\" data-element_type=\"widget\" data-settings=\"{&quot;_animation&quot;:&quot;fadeIn&quot;}\" data-widget_type=\"icon-list.default\">\n\t\t\t\t<div class=\"elementor-widget-container\">\n\t\t\t\t\t\t\t<ul class=\"elementor-icon-list-items elementor-inline-items\">\n\t\t\t\t\t\t\t<li class=\"elementor-icon-list-item elementor-inline-item\">\n\t\t\t\t\t\t\t\t\t\t<span class=\"elementor-icon-list-text\">02<\/span>\n\t\t\t\t\t\t\t\t\t<\/li>\n\t\t\t\t\t\t\t\t<li class=\"elementor-icon-list-item elementor-inline-item\">\n\t\t\t\t\t\t\t\t\t\t<span class=\"elementor-icon-list-text\">X\u00e1c \u0111\u1ecbnh v\u00e0 tu\u00e2n th\u1ee7 nghi\u00eam ng\u1eb7t c\u00e1c quy \u0111\u1ecbnh ph\u00e1p lu\u1eadt v\u00e0 y\u00eau c\u1ea7u li\u00ean quan \u0111\u1ebfn an to\u00e0n, s\u1ee9c kh\u1ecfe v\u00e0 m\u00f4i tr\u01b0\u1eddng.<\/span>\n\t\t\t\t\t\t\t\t\t<\/li>\n\t\t\t\t\t\t<\/ul>\n\t\t\t\t\t\t<\/div>\n\t\t\t\t<\/div>\n\t\t\t\t<div class=\"elementor-element elementor-element-ca921ee elementor-icon-list--layout-inline code-of-ethics-list Quality-Management elementor-list-item-link-full_width elementor-invisible elementor-widget elementor-widget-icon-list\" data-id=\"ca921ee\" data-element_type=\"widget\" data-settings=\"{&quot;_animation&quot;:&quot;fadeIn&quot;}\" data-widget_type=\"icon-list.default\">\n\t\t\t\t<div class=\"elementor-widget-container\">\n\t\t\t\t\t\t\t<ul class=\"elementor-icon-list-items elementor-inline-items\">\n\t\t\t\t\t\t\t<li class=\"elementor-icon-list-item elementor-inline-item\">\n\t\t\t\t\t\t\t\t\t\t<span class=\"elementor-icon-list-text\">03<\/span>\n\t\t\t\t\t\t\t\t\t<\/li>\n\t\t\t\t\t\t\t\t<li class=\"elementor-icon-list-item elementor-inline-item\">\n\t\t\t\t\t\t\t\t\t\t<span class=\"elementor-icon-list-text\">Thi\u1ebft l\u1eadp m\u1ee5c ti\u00eau v\u00e0 ch\u1ec9 ti\u00eau chi ti\u1ebft v\u1ec1 an to\u00e0n, s\u1ee9c kh\u1ecfe v\u00e0 m\u00f4i tr\u01b0\u1eddng; x\u00e2y d\u1ef1ng v\u00e0 tri\u1ec3n khai c\u00e1c ch\u01b0\u01a1ng tr\u00ecnh \u0111\u1ec3 \u0111\u1ea1t \u0111\u01b0\u1ee3c m\u1ee5c ti\u00eau \u0111\u00f3.<\/span>\n\t\t\t\t\t\t\t\t\t<\/li>\n\t\t\t\t\t\t<\/ul>\n\t\t\t\t\t\t<\/div>\n\t\t\t\t<\/div>\n\t\t\t\t<div class=\"elementor-element elementor-element-af3a61c elementor-icon-list--layout-inline code-of-ethics-list Quality-Management elementor-list-item-link-full_width elementor-invisible elementor-widget elementor-widget-icon-list\" data-id=\"af3a61c\" data-element_type=\"widget\" data-settings=\"{&quot;_animation&quot;:&quot;fadeIn&quot;}\" data-widget_type=\"icon-list.default\">\n\t\t\t\t<div class=\"elementor-widget-container\">\n\t\t\t\t\t\t\t<ul class=\"elementor-icon-list-items elementor-inline-items\">\n\t\t\t\t\t\t\t<li class=\"elementor-icon-list-item elementor-inline-item\">\n\t\t\t\t\t\t\t\t\t\t<span class=\"elementor-icon-list-text\">04<\/span>\n\t\t\t\t\t\t\t\t\t<\/li>\n\t\t\t\t\t\t\t\t<li class=\"elementor-icon-list-item elementor-inline-item\">\n\t\t\t\t\t\t\t\t\t\t<span class=\"elementor-icon-list-text\">T\u1eeb ban l\u00e3nh \u0111\u1ea1o \u0111\u1ebfn nh\u00e2n vi\u00ean m\u1edbi, m\u1ed7i c\u00e1 nh\u00e2n \u0111\u1ec1u n\u1eafm r\u00f5 vai tr\u00f2 c\u1ee7a m\u00ecnh v\u00e0 ch\u1ee7 \u0111\u1ed9ng tham gia v\u00e0o c\u00e1c ho\u1ea1t \u0111\u1ed9ng ti\u1ebft ki\u1ec7m t\u00e0i nguy\u00ean, gi\u1ea3m thi\u1ec3u n\u0103ng l\u01b0\u1ee3ng, ph\u00e2n lo\u1ea1i r\u00e1c\u2026 nh\u1eb1m c\u1ea3i thi\u1ec7n m\u00f4i tr\u01b0\u1eddng li\u00ean t\u1ee5c v\u00e0 ph\u00f2ng ng\u1eeba \u00f4 nhi\u1ec5m.<\/span>\n\t\t\t\t\t\t\t\t\t<\/li>\n\t\t\t\t\t\t<\/ul>\n\t\t\t\t\t\t<\/div>\n\t\t\t\t<\/div>\n\t\t\t\t<div class=\"elementor-element elementor-element-4f24aea elementor-icon-list--layout-inline code-of-ethics-list Quality-Management elementor-list-item-link-full_width elementor-invisible elementor-widget elementor-widget-icon-list\" data-id=\"4f24aea\" data-element_type=\"widget\" data-settings=\"{&quot;_animation&quot;:&quot;fadeIn&quot;}\" data-widget_type=\"icon-list.default\">\n\t\t\t\t<div class=\"elementor-widget-container\">\n\t\t\t\t\t\t\t<ul class=\"elementor-icon-list-items elementor-inline-items\">\n\t\t\t\t\t\t\t<li class=\"elementor-icon-list-item elementor-inline-item\">\n\t\t\t\t\t\t\t\t\t\t<span class=\"elementor-icon-list-text\">05<\/span>\n\t\t\t\t\t\t\t\t\t<\/li>\n\t\t\t\t\t\t\t\t<li class=\"elementor-icon-list-item elementor-inline-item\">\n\t\t\t\t\t\t\t\t\t\t<span class=\"elementor-icon-list-text\">Th\u00f4ng qua s\u1ef1 tham gia c\u1ee7a to\u00e0n th\u1ec3 nh\u00e2n vi\u00ean, kh\u00f4ng ng\u1eebng ph\u00e1t hi\u1ec7n v\u00e0 c\u1ea3i thi\u1ec7n c\u00e1c r\u1ee7i ro \u0111\u1ec3 n\u1ed7 l\u1ef1c x\u00e2y d\u1ef1ng m\u00f4i tr\u01b0\u1eddng l\u00e0m vi\u1ec7c an to\u00e0n, kh\u00f4ng tai n\u1ea1n.<\/span>\n\t\t\t\t\t\t\t\t\t<\/li>\n\t\t\t\t\t\t<\/ul>\n\t\t\t\t\t\t<\/div>\n\t\t\t\t<\/div>\n\t\t\t\t<div class=\"elementor-element elementor-element-3b8942d elementor-icon-list--layout-inline code-of-ethics-list Quality-Management elementor-list-item-link-full_width elementor-invisible elementor-widget elementor-widget-icon-list\" data-id=\"3b8942d\" data-element_type=\"widget\" data-settings=\"{&quot;_animation&quot;:&quot;fadeIn&quot;}\" data-widget_type=\"icon-list.default\">\n\t\t\t\t<div class=\"elementor-widget-container\">\n\t\t\t\t\t\t\t<ul class=\"elementor-icon-list-items elementor-inline-items\">\n\t\t\t\t\t\t\t<li class=\"elementor-icon-list-item elementor-inline-item\">\n\t\t\t\t\t\t\t\t\t\t<span class=\"elementor-icon-list-text\">06<\/span>\n\t\t\t\t\t\t\t\t\t<\/li>\n\t\t\t\t\t\t\t\t<li class=\"elementor-icon-list-item elementor-inline-item\">\n\t\t\t\t\t\t\t\t\t\t<span class=\"elementor-icon-list-text\">Khi c\u00f3 y\u00eau c\u1ea7u t\u1eeb c\u00e1c b\u00ean li\u00ean quan, c\u00f4ng khai ch\u00ednh s\u00e1ch An to\u00e0n \u2013 S\u1ee9c kh\u1ecfe \u2013 M\u00f4i tr\u01b0\u1eddng, \u0111\u1ed3ng th\u1eddi chia s\u1ebb c\u00e1c k\u1ef9 thu\u1eadt qu\u1ea3n l\u00fd t\u1ed1i \u01b0u \u0111\u1ec3 th\u1ef1c hi\u1ec7n \u0111\u1ea7y \u0111\u1ee7 tr\u00e1ch nhi\u1ec7m x\u00e3 h\u1ed9i.<\/span>\n\t\t\t\t\t\t\t\t\t<\/li>\n\t\t\t\t\t\t<\/ul>\n\t\t\t\t\t\t<\/div>\n\t\t\t\t<\/div>\n\t\t\t\t<\/div>\n\t\t\t\t\t<\/div>\n\t\t\t\t<\/div>\n\t\t\t\t<\/div>\n\t\t","protected":false},"excerpt":{"rendered":"<p>MANAGEMENT Ch\u00ednh s\u00e1ch HSE C\u00f4ng ty O.N lu\u00f4n \u0111\u1eb7t An to\u00e0n \u2013 S\u1ee9c kh\u1ecfe \u2013 M\u00f4i tr\u01b0\u1eddng l\u00ean h\u00e0ng \u0111\u1ea7u. To\u00e0n th\u1ec3 nh\u00e2n vi\u00ean cam k\u1ebft th\u1ef1c hi\u1ec7n c\u1ea3i ti\u1ebfn li\u00ean t\u1ee5c h\u1ec7 th\u1ed1ng qu\u1ea3n l\u00fd an to\u00e0n, s\u1ee9c kh\u1ecfe v\u00e0 m\u00f4i tr\u01b0\u1eddng, t\u1eeb \u0111\u00f3 n\u00e2ng cao n\u0103ng l\u1ef1c c\u1ea1nh tranh. Ch\u00fang t\u00f4i thi\u1ebft l\u1eadp [&hellip;]<\/p>\n","protected":false},"author":1,"featured_media":0,"parent":3504,"menu_order":4,"comment_status":"closed","ping_status":"closed","template":"","meta":{"_acf_changed":false,"footnotes":""},"class_list":["post-3510","page","type-page","status-publish","hentry"],"acf":[],"_links":{"self":[{"href":"https:\/\/onrnc.com\/vi\/wp-json\/wp\/v2\/pages\/3510","targetHints":{"allow":["GET"]}}],"collection":[{"href":"https:\/\/onrnc.com\/vi\/wp-json\/wp\/v2\/pages"}],"about":[{"href":"https:\/\/onrnc.com\/vi\/wp-json\/wp\/v2\/types\/page"}],"author":[{"embeddable":true,"href":"https:\/\/onrnc.com\/vi\/wp-json\/wp\/v2\/users\/1"}],"replies":[{"embeddable":true,"href":"https:\/\/onrnc.com\/vi\/wp-json\/wp\/v2\/comments?post=3510"}],"version-history":[{"count":5,"href":"https:\/\/onrnc.com\/vi\/wp-json\/wp\/v2\/pages\/3510\/revisions"}],"predecessor-version":[{"id":4171,"href":"https:\/\/onrnc.com\/vi\/wp-json\/wp\/v2\/pages\/3510\/revisions\/4171"}],"up":[{"embeddable":true,"href":"https:\/\/onrnc.com\/vi\/wp-json\/wp\/v2\/pages\/3504"}],"wp:attachment":[{"href":"https:\/\/onrnc.com\/vi\/wp-json\/wp\/v2\/media?parent=3510"}],"curies":[{"name":"wp","href":"https:\/\/api.w.org\/{rel}","templated":true}]}}