{"id":3513,"date":"2025-06-23T02:16:47","date_gmt":"2025-06-22T17:16:47","guid":{"rendered":"https:\/\/onrnc.com\/management\/eicc\/"},"modified":"2026-01-08T14:33:33","modified_gmt":"2026-01-08T05:33:33","slug":"eicc","status":"publish","type":"page","link":"https:\/\/onrnc.com\/vi\/management\/eicc\/","title":{"rendered":"EICC"},"content":{"rendered":"\t\t<div data-elementor-type=\"wp-page\" data-elementor-id=\"3513\" class=\"elementor elementor-3513 elementor-1025\" data-elementor-post-type=\"page\">\n\t\t\t\t<div class=\"elementor-element elementor-element-6b33dcb e-con-full font e-flex e-con e-parent\" data-id=\"6b33dcb\" data-element_type=\"container\" data-settings=\"{&quot;background_background&quot;:&quot;classic&quot;,&quot;jet_parallax_layout_list&quot;:[]}\">\n\t\t\t\t<div class=\"elementor-element elementor-element-4abe12c elementor-widget elementor-widget-heading\" data-id=\"4abe12c\" data-element_type=\"widget\" data-widget_type=\"heading.default\">\n\t\t\t\t<div class=\"elementor-widget-container\">\n\t\t\t\t\t<h2 class=\"elementor-heading-title elementor-size-default\">MANAGEMENT<\/h2>\t\t\t\t<\/div>\n\t\t\t\t<\/div>\n\t\t\t\t<div class=\"elementor-element elementor-element-868fded elementor-nav-menu--dropdown-none elementor-absolute sub-menu elementor-hidden-mobile elementor-widget elementor-widget-nav-menu\" data-id=\"868fded\" data-element_type=\"widget\" data-settings=\"{&quot;submenu_icon&quot;:{&quot;value&quot;:&quot;&lt;i class=\\&quot;\\&quot;&gt;&lt;\\\/i&gt;&quot;,&quot;library&quot;:&quot;&quot;},&quot;_position&quot;:&quot;absolute&quot;,&quot;layout&quot;:&quot;horizontal&quot;}\" data-widget_type=\"nav-menu.default\">\n\t\t\t\t<div class=\"elementor-widget-container\">\n\t\t\t\t\t\t\t\t<nav aria-label=\"Menu\" class=\"elementor-nav-menu--main elementor-nav-menu__container elementor-nav-menu--layout-horizontal e--pointer-none\">\n\t\t\t\t<ul id=\"menu-1-868fded\" class=\"elementor-nav-menu\"><li class=\"menu-item menu-item-type-post_type menu-item-object-page menu-item-3550\"><a href=\"https:\/\/onrnc.com\/vi\/management\/management-policy\/\" class=\"elementor-item\">Ph\u01b0\u01a1ng ch\u00e2m qu\u1ea3n l\u00fd<\/a><\/li>\n<li class=\"menu-item menu-item-type-post_type menu-item-object-page menu-item-3551\"><a href=\"https:\/\/onrnc.com\/vi\/management\/code-of-ethics\/\" class=\"elementor-item\">Quy t\u1eafc \u0111\u1ea1o \u0111\u1ee9c<\/a><\/li>\n<li class=\"menu-item menu-item-type-post_type menu-item-object-page menu-item-3552\"><a href=\"https:\/\/onrnc.com\/vi\/management\/quality-management\/\" class=\"elementor-item\">Qu\u1ea3n l\u00fd ch\u1ea5t l\u01b0\u1ee3ng<\/a><\/li>\n<li class=\"menu-item menu-item-type-post_type menu-item-object-page menu-item-3553\"><a href=\"https:\/\/onrnc.com\/vi\/management\/hse-policy\/\" class=\"elementor-item\">Ch\u00ednh s\u00e1ch HSE<\/a><\/li>\n<li class=\"menu-item menu-item-type-post_type menu-item-object-page menu-item-3554\"><a href=\"https:\/\/onrnc.com\/vi\/management\/information-security\/\" class=\"elementor-item\">B\u1ea3o m\u1eadt th\u00f4ng tin<\/a><\/li>\n<li class=\"menu-item menu-item-type-post_type menu-item-object-page menu-item-3555\"><a href=\"https:\/\/onrnc.com\/vi\/management\/eicc\/\" class=\"elementor-item\">EICC<\/a><\/li>\n<\/ul>\t\t\t<\/nav>\n\t\t\t\t\t\t<nav class=\"elementor-nav-menu--dropdown elementor-nav-menu__container\" aria-hidden=\"true\">\n\t\t\t\t<ul id=\"menu-2-868fded\" class=\"elementor-nav-menu\"><li class=\"menu-item menu-item-type-post_type menu-item-object-page menu-item-3550\"><a href=\"https:\/\/onrnc.com\/vi\/management\/management-policy\/\" class=\"elementor-item\" tabindex=\"-1\">Ph\u01b0\u01a1ng ch\u00e2m qu\u1ea3n l\u00fd<\/a><\/li>\n<li class=\"menu-item menu-item-type-post_type menu-item-object-page menu-item-3551\"><a href=\"https:\/\/onrnc.com\/vi\/management\/code-of-ethics\/\" class=\"elementor-item\" tabindex=\"-1\">Quy t\u1eafc \u0111\u1ea1o \u0111\u1ee9c<\/a><\/li>\n<li class=\"menu-item menu-item-type-post_type menu-item-object-page menu-item-3552\"><a href=\"https:\/\/onrnc.com\/vi\/management\/quality-management\/\" class=\"elementor-item\" tabindex=\"-1\">Qu\u1ea3n l\u00fd ch\u1ea5t l\u01b0\u1ee3ng<\/a><\/li>\n<li class=\"menu-item menu-item-type-post_type menu-item-object-page menu-item-3553\"><a href=\"https:\/\/onrnc.com\/vi\/management\/hse-policy\/\" class=\"elementor-item\" tabindex=\"-1\">Ch\u00ednh s\u00e1ch HSE<\/a><\/li>\n<li class=\"menu-item menu-item-type-post_type menu-item-object-page menu-item-3554\"><a href=\"https:\/\/onrnc.com\/vi\/management\/information-security\/\" class=\"elementor-item\" tabindex=\"-1\">B\u1ea3o m\u1eadt th\u00f4ng tin<\/a><\/li>\n<li class=\"menu-item menu-item-type-post_type menu-item-object-page menu-item-3555\"><a href=\"https:\/\/onrnc.com\/vi\/management\/eicc\/\" class=\"elementor-item\" tabindex=\"-1\">EICC<\/a><\/li>\n<\/ul>\t\t\t<\/nav>\n\t\t\t\t\t\t<\/div>\n\t\t\t\t<\/div>\n\t\t\t\t<\/div>\n\t\t<div class=\"elementor-element elementor-element-5405170 font e-flex e-con-boxed e-con e-parent\" data-id=\"5405170\" data-element_type=\"container\" data-settings=\"{&quot;jet_parallax_layout_list&quot;:[]}\">\n\t\t\t\t\t<div class=\"e-con-inner\">\n\t\t<div class=\"elementor-element elementor-element-9775996 e-con-full e-flex e-con e-child\" data-id=\"9775996\" data-element_type=\"container\" data-settings=\"{&quot;jet_parallax_layout_list&quot;:[]}\">\n\t\t\t\t<div class=\"elementor-element elementor-element-aae6621 elementor-widget__width-inherit elementor-widget elementor-widget-heading\" data-id=\"aae6621\" data-element_type=\"widget\" data-widget_type=\"heading.default\">\n\t\t\t\t<div class=\"elementor-widget-container\">\n\t\t\t\t\t<h3 class=\"elementor-heading-title elementor-size-default\">EICC<\/h3>\t\t\t\t<\/div>\n\t\t\t\t<\/div>\n\t\t\t\t<\/div>\n\t\t<div class=\"elementor-element elementor-element-74da6f0 e-con-full e-flex elementor-invisible e-con e-child\" data-id=\"74da6f0\" data-element_type=\"container\" data-settings=\"{&quot;jet_parallax_layout_list&quot;:[],&quot;animation&quot;:&quot;fadeIn&quot;}\">\n\t\t\t\t<div class=\"elementor-element elementor-element-c00381e elementor-icon-list--layout-inline elementor-list-item-link-full_width elementor-invisible elementor-widget elementor-widget-icon-list\" data-id=\"c00381e\" data-element_type=\"widget\" data-settings=\"{&quot;_animation&quot;:&quot;fadeIn&quot;}\" data-widget_type=\"icon-list.default\">\n\t\t\t\t<div class=\"elementor-widget-container\">\n\t\t\t\t\t\t\t<ul class=\"elementor-icon-list-items elementor-inline-items\">\n\t\t\t\t\t\t\t<li class=\"elementor-icon-list-item elementor-inline-item\">\n\t\t\t\t\t\t\t\t\t\t<span class=\"elementor-icon-list-text\">C\u00f4ng ty ch\u00fang t\u00f4i tu\u00e2n th\u1ee7 EICC \u2013 B\u1ed9 quy t\u1eafc \u1ee9ng x\u1eed chung c\u1ee7a ng\u00e0nh thi\u1ebft b\u1ecb \u0111i\u1ec7n t\u1eed, c\u00f4ng ngh\u1ec7 th\u00f4ng tin v\u00e0 truy\u1ec1n th\u00f4ng (ICT).<\/span>\n\t\t\t\t\t\t\t\t\t<\/li>\n\t\t\t\t\t\t<\/ul>\n\t\t\t\t\t\t<\/div>\n\t\t\t\t<\/div>\n\t\t<div class=\"elementor-element elementor-element-dd20793 e-con-full e-flex e-con e-child\" data-id=\"dd20793\" data-element_type=\"container\" data-settings=\"{&quot;jet_parallax_layout_list&quot;:[]}\">\n\t\t\t\t<div class=\"elementor-element elementor-element-d1ab036 elementor-invisible elementor-widget elementor-widget-text-editor\" data-id=\"d1ab036\" data-element_type=\"widget\" data-settings=\"{&quot;_animation&quot;:&quot;fadeInUp&quot;}\" data-widget_type=\"text-editor.default\">\n\t\t\t\t<div class=\"elementor-widget-container\">\n\t\t\t\t\t\t\t\t\tEICC\u00ae (Electronic Industry Citizenship Coalition\u00ae) B\u1ed9 Quy t\u1eafc n\u00e0y \u0111\u01b0\u1ee3c thi\u1ebft l\u1eadp nh\u1eb1m \u0111\u1ea3m b\u1ea3o r\u1eb1ng c\u00e1c \u0111i\u1ec1u ki\u1ec7n l\u00e0m vi\u1ec7c trong chu\u1ed7i cung \u1ee9ng ng\u00e0nh \u0111i\u1ec7n t\u1eed lu\u00f4n an to\u00e0n, ng\u01b0\u1eddi lao \u0111\u1ed9ng \u0111\u01b0\u1ee3c t\u00f4n tr\u1ecdng v\u00e0 \u0111\u1ed1i x\u1eed v\u1edbi ph\u1ea9m gi\u00e1, \u0111\u1ed3ng th\u1eddi ho\u1ea1t \u0111\u1ed9ng kinh doanh \u0111\u01b0\u1ee3c ti\u1ebfn h\u00e0nh theo c\u00e1ch c\u00f3 tr\u00e1ch nhi\u1ec7m v\u1ec1 m\u00f4i tr\u01b0\u1eddng v\u00e0 tu\u00e2n th\u1ee7 \u0111\u1ea1o \u0111\u1ee9c.\t\t\t\t\t\t\t\t<\/div>\n\t\t\t\t<\/div>\n\t\t\t\t<div class=\"elementor-element elementor-element-695b0aa elementor-invisible elementor-widget elementor-widget-text-editor\" data-id=\"695b0aa\" data-element_type=\"widget\" data-settings=\"{&quot;_animation&quot;:&quot;fadeInUp&quot;}\" data-widget_type=\"text-editor.default\">\n\t\t\t\t<div class=\"elementor-widget-container\">\n\t\t\t\t\t\t\t\t\tTheo quy \u0111\u1ecbnh, b\u1ea5t k\u1ef3 t\u1ed5 ch\u1ee9c n\u00e0o tham gia thi\u1ebft k\u1ebf, ti\u1ebfp th\u1ecb, s\u1ea3n xu\u1ea5t ho\u1eb7c cung c\u1ea5p s\u1ea3n ph\u1ea9m, d\u1ecbch v\u1ee5 li\u00ean quan \u0111\u1ebfn s\u1ea3n xu\u1ea5t thi\u1ebft b\u1ecb \u0111i\u1ec7n t\u1eed \u0111\u1ec1u \u0111\u01b0\u1ee3c xem l\u00e0 m\u1ed9t ph\u1ea7n c\u1ee7a ng\u00e0nh c\u00f4ng nghi\u1ec7p \u0111i\u1ec7n t\u1eed. T\u1ea5t c\u1ea3 doanh nghi\u1ec7p trong l\u0129nh v\u1ef1c n\u00e0y c\u00f3 th\u1ec3 t\u1ef1 nguy\u1ec7n \u00e1p d\u1ee5ng B\u1ed9 Quy t\u1eafc v\u00e0 sau \u0111\u00f3 m\u1edf r\u1ed9ng \u00e1p d\u1ee5ng cho to\u00e0n b\u1ed9 chu\u1ed7i cung \u1ee9ng c\u0169ng nh\u01b0 c\u00e1c nh\u00e0 th\u1ea7u ph\u1ee5 (bao g\u1ed3m c\u1ea3 \u0111\u01a1n v\u1ecb cung \u1ee9ng lao \u0111\u1ed9ng h\u1ee3p \u0111\u1ed3ng).\t\t\t\t\t\t\t\t<\/div>\n\t\t\t\t<\/div>\n\t\t\t\t<div class=\"elementor-element elementor-element-3227204 elementor-invisible elementor-widget elementor-widget-text-editor\" data-id=\"3227204\" data-element_type=\"widget\" data-settings=\"{&quot;_animation&quot;:&quot;fadeInUp&quot;}\" data-widget_type=\"text-editor.default\">\n\t\t\t\t<div class=\"elementor-widget-container\">\n\t\t\t\t\t\t\t\t\t\u0110\u1ec3 ch\u00ednh th\u1ee9c tr\u1edf th\u00e0nh th\u00e0nh vi\u00ean, doanh nghi\u1ec7p c\u1ea7n tuy\u00ean b\u1ed1 cam k\u1ebft \u1ee7ng h\u1ed9 B\u1ed9 Quy t\u1eafc, \u0111\u1ed3ng th\u1eddi tu\u00e2n th\u1ee7 c\u00e1c ti\u00eau chu\u1ea9n qu\u1ea3n l\u00fd \u0111\u01b0\u1ee3c quy \u0111\u1ecbnh trong \u0111\u00f3. B\u1ed9 Quy t\u1eafc \u0111\u01b0\u1ee3c xem l\u00e0 m\u1ed9t s\u00e1ng ki\u1ebfn mang t\u00ednh to\u00e0n di\u1ec7n cho chu\u1ed7i cung \u1ee9ng, trong \u0111\u00f3 y\u00eau c\u1ea7u t\u1ed1i thi\u1ec3u c\u00e1c nh\u00e0 cung c\u1ea5p c\u1ea5p 1 c\u0169ng ph\u1ea3i th\u1eeba nh\u1eadn v\u00e0 th\u1ef1c thi.\t\t\t\t\t\t\t\t<\/div>\n\t\t\t\t<\/div>\n\t\t\t\t<div class=\"elementor-element elementor-element-350fe24 elementor-invisible elementor-widget elementor-widget-text-editor\" data-id=\"350fe24\" data-element_type=\"widget\" data-settings=\"{&quot;_animation&quot;:&quot;fadeInUp&quot;}\" data-widget_type=\"text-editor.default\">\n\t\t\t\t<div class=\"elementor-widget-container\">\n\t\t\t\t\t\t\t\t\tNguy\u00ean t\u1eafc c\u1ed1t l\u00f5i c\u1ee7a vi\u1ec7c tham gia l\u00e0 doanh nghi\u1ec7p ph\u1ea3i tu\u00e2n th\u1ee7 \u0111\u1ea7y \u0111\u1ee7 ph\u00e1p lu\u1eadt, quy \u0111\u1ecbnh v\u00e0 ch\u00ednh s\u00e1ch c\u1ee7a qu\u1ed1c gia n\u01a1i m\u00ecnh ho\u1ea1t \u0111\u1ed9ng, \u0111\u1ed3ng th\u1eddi khuy\u1ebfn kh\u00edch v\u01b0\u1ee3t ra ngo\u00e0i ph\u1ea1m vi ph\u00e1p l\u00fd \u0111\u1ec3 h\u01b0\u1edbng t\u1edbi c\u00e1c chu\u1ea9n m\u1ef1c qu\u1ed1c t\u1ebf \u0111\u01b0\u1ee3c c\u00f4ng nh\u1eadn, qua \u0111\u00f3 n\u00e2ng cao tr\u00e1ch nhi\u1ec7m x\u00e3 h\u1ed9i, b\u1ea3o v\u1ec7 m\u00f4i tr\u01b0\u1eddng v\u00e0 chu\u1ea9n m\u1ef1c \u0111\u1ea1o \u0111\u1ee9c trong kinh doanh.\t\t\t\t\t\t\t\t<\/div>\n\t\t\t\t<\/div>\n\t\t\t\t<div class=\"elementor-element elementor-element-cadaafc elementor-invisible elementor-widget elementor-widget-text-editor\" data-id=\"cadaafc\" data-element_type=\"widget\" data-settings=\"{&quot;_animation&quot;:&quot;fadeInUp&quot;}\" data-widget_type=\"text-editor.default\">\n\t\t\t\t<div class=\"elementor-widget-container\">\n\t\t\t\t\t\t\t\t\tC\u00e1c \u0111i\u1ec1u kho\u1ea3n c\u1ee7a B\u1ed9 Quy t\u1eafc \u0111\u01b0\u1ee3c x\u00e2y d\u1ef1ng d\u1ef1a tr\u00ean Nguy\u00ean t\u1eafc H\u01b0\u1edbng d\u1eabn c\u1ee7a Li\u00ean H\u1ee3p Qu\u1ed1c v\u1ec1 Kinh doanh v\u00e0 Nh\u00e2n quy\u1ec1n, Tuy\u00ean b\u1ed1 v\u1ec1 Quy\u1ec1n l\u1ee3i v\u00e0 Nguy\u00ean t\u1eafc c\u01a1 b\u1ea3n c\u1ee7a ILO, c\u00f9ng Tuy\u00ean ng\u00f4n Th\u1ebf gi\u1edbi v\u1ec1 Nh\u00e2n quy\u1ec1n. EICC c\u0169ng cam k\u1ebft th\u01b0\u1eddng xuy\u00ean tham v\u1ea5n c\u00e1c b\u00ean li\u00ean quan nh\u1eb1m ho\u00e0n thi\u1ec7n v\u00e0 tri\u1ec3n khai B\u1ed9 Quy t\u1eafc.\t\t\t\t\t\t\t\t<\/div>\n\t\t\t\t<\/div>\n\t\t\t\t<div class=\"elementor-element elementor-element-eb79f82 elementor-invisible elementor-widget elementor-widget-text-editor\" data-id=\"eb79f82\" data-element_type=\"widget\" data-settings=\"{&quot;_animation&quot;:&quot;fadeInUp&quot;}\" data-widget_type=\"text-editor.default\">\n\t\t\t\t<div class=\"elementor-widget-container\">\n\t\t\t\t\t\t\t\t\tB\u1ed9 Quy t\u1eafc \u0111\u01b0\u1ee3c c\u1ea5u tr\u00fac th\u00e0nh 5 ph\u1ea7n:\t\t\t\t\t\t\t\t<\/div>\n\t\t\t\t<\/div>\n\t\t\t\t<div class=\"elementor-element elementor-element-369781d elementor-invisible elementor-widget elementor-widget-text-editor\" data-id=\"369781d\" data-element_type=\"widget\" data-settings=\"{&quot;_animation&quot;:&quot;fadeInUp&quot;}\" data-widget_type=\"text-editor.default\">\n\t\t\t\t<div class=\"elementor-widget-container\">\n\t\t\t\t\t\t\t\t\tA, B, C: Ti\u00eau chu\u1ea9n v\u1ec1 lao \u0111\u1ed9ng, an to\u00e0n &#038; s\u1ee9c kh\u1ecfe ngh\u1ec1 nghi\u1ec7p, v\u00e0 m\u00f4i tr\u01b0\u1eddng.<br class=\"brno\" \/>D: C\u00e1c ti\u00eau chu\u1ea9n v\u1ec1 \u0111\u1ea1o \u0111\u1ee9c doanh nghi\u1ec7p.<br class=\"brno\" \/>E: C\u00e1c y\u00eau c\u1ea7u v\u1ec1 h\u1ec7 th\u1ed1ng qu\u1ea3n l\u00fd c\u1ea7n thi\u1ebft \u0111\u1ec3 \u0111\u1ea3m b\u1ea3o tu\u00e2n th\u1ee7 B\u1ed9 Quy t\u1eafc.\n\t\t\t\t\t\t\t\t<\/div>\n\t\t\t\t<\/div>\n\t\t\t\t<\/div>\n\t\t\t\t<div class=\"elementor-element elementor-element-747c66f elementor-icon-list--layout-inline elementor-widget__width-auto EICC-list elementor-mobile-align-center elementor-list-item-link-full_width elementor-widget elementor-widget-icon-list\" data-id=\"747c66f\" data-element_type=\"widget\" data-widget_type=\"icon-list.default\">\n\t\t\t\t<div class=\"elementor-widget-container\">\n\t\t\t\t\t\t\t<ul class=\"elementor-icon-list-items elementor-inline-items\">\n\t\t\t\t\t\t\t<li class=\"elementor-icon-list-item elementor-inline-item\">\n\t\t\t\t\t\t\t\t\t\t\t<a href=\"\/wp-content\/uploads\/2025\/11\/EICC-Code-of-Conduct-Version-5.1-2016_korean.pdf\" target=\"_blank\">\n\n\t\t\t\t\t\t\t\t\t\t\t\t<span class=\"elementor-icon-list-icon\">\n\t\t\t\t\t\t\t<svg xmlns=\"http:\/\/www.w3.org\/2000\/svg\" width=\"20\" height=\"20\" viewBox=\"0 0 20 20\" fill=\"none\"><path d=\"M16.9027 9.92383H13.4017C13.1937 9.92362 12.9909 9.98947 12.8227 10.1119C12.6546 10.2343 12.5296 10.407 12.4659 10.605C12.2987 11.1274 11.9697 11.5831 11.5264 11.9061C11.0831 12.2291 10.5486 12.4026 10.0001 12.4016C9.4516 12.4026 8.91703 12.2291 8.47373 11.9061C8.03044 11.5831 7.70141 11.1274 7.53428 10.605C7.47027 10.4071 7.34518 10.2346 7.17697 10.1122C7.00877 9.98977 6.8061 9.92384 6.59808 9.92383H3.09708C2.83618 9.92388 2.58597 10.0275 2.40149 10.212C2.217 10.3965 2.11333 10.6467 2.11328 10.9076V16.5184C2.11344 16.7793 2.21715 17.0294 2.40163 17.2138C2.5861 17.3982 2.83625 17.5018 3.09708 17.5018H16.9027C17.1635 17.5018 17.4137 17.3982 17.5981 17.2138C17.7826 17.0294 17.8863 16.7793 17.8865 16.5184V10.9076C17.8865 10.3638 17.4465 9.92383 16.9027 9.92383Z\" fill=\"#003A8B\"><\/path><path d=\"M9.79346 10.4464C9.84286 10.5156 9.92366 10.557 10.0087 10.557H10.0093C10.0949 10.557 10.1745 10.5156 10.2245 10.4454L12.9453 6.61885C12.9732 6.57916 12.9898 6.53257 12.9932 6.48413C12.9966 6.43568 12.9867 6.38724 12.9645 6.34405C12.9422 6.30082 12.9085 6.26457 12.8669 6.2393C12.8254 6.21403 12.7777 6.20073 12.7291 6.20085H11.4493V2.76325C11.4493 2.61625 11.3307 2.49805 11.1847 2.49805H8.81546C8.66906 2.49805 8.55086 2.61625 8.55086 2.76325V6.20085H7.27006C7.22152 6.20092 7.17394 6.21434 7.13251 6.23965C7.09109 6.26496 7.05743 6.30117 7.03521 6.34433C7.01299 6.38749 7.00307 6.43593 7.00654 6.48435C7.01 6.53276 7.02672 6.57929 7.05486 6.61885L9.79346 10.4464Z\" fill=\"#003A8B\"><\/path><\/svg>\t\t\t\t\t\t<\/span>\n\t\t\t\t\t\t\t\t\t\t<span class=\"elementor-icon-list-text\">EICC \ud55c\uad6d\uc5b4<\/span>\n\t\t\t\t\t\t\t\t\t\t\t<\/a>\n\t\t\t\t\t\t\t\t\t<\/li>\n\t\t\t\t\t\t\t\t<li class=\"elementor-icon-list-item elementor-inline-item\">\n\t\t\t\t\t\t\t\t\t\t\t<a href=\"\/wp-content\/uploads\/2025\/11\/EICC-Code-of-Conduct-Version-5.1-2016_english.pdf\" target=\"_blank\">\n\n\t\t\t\t\t\t\t\t\t\t\t\t<span class=\"elementor-icon-list-icon\">\n\t\t\t\t\t\t\t<svg xmlns=\"http:\/\/www.w3.org\/2000\/svg\" width=\"20\" height=\"20\" viewBox=\"0 0 20 20\" fill=\"none\"><path d=\"M16.9027 9.92383H13.4017C13.1937 9.92362 12.9909 9.98947 12.8227 10.1119C12.6546 10.2343 12.5296 10.407 12.4659 10.605C12.2987 11.1274 11.9697 11.5831 11.5264 11.9061C11.0831 12.2291 10.5486 12.4026 10.0001 12.4016C9.4516 12.4026 8.91703 12.2291 8.47373 11.9061C8.03044 11.5831 7.70141 11.1274 7.53428 10.605C7.47027 10.4071 7.34518 10.2346 7.17697 10.1122C7.00877 9.98977 6.8061 9.92384 6.59808 9.92383H3.09708C2.83618 9.92388 2.58597 10.0275 2.40149 10.212C2.217 10.3965 2.11333 10.6467 2.11328 10.9076V16.5184C2.11344 16.7793 2.21715 17.0294 2.40163 17.2138C2.5861 17.3982 2.83625 17.5018 3.09708 17.5018H16.9027C17.1635 17.5018 17.4137 17.3982 17.5981 17.2138C17.7826 17.0294 17.8863 16.7793 17.8865 16.5184V10.9076C17.8865 10.3638 17.4465 9.92383 16.9027 9.92383Z\" fill=\"#003A8B\"><\/path><path d=\"M9.79346 10.4464C9.84286 10.5156 9.92366 10.557 10.0087 10.557H10.0093C10.0949 10.557 10.1745 10.5156 10.2245 10.4454L12.9453 6.61885C12.9732 6.57916 12.9898 6.53257 12.9932 6.48413C12.9966 6.43568 12.9867 6.38724 12.9645 6.34405C12.9422 6.30082 12.9085 6.26457 12.8669 6.2393C12.8254 6.21403 12.7777 6.20073 12.7291 6.20085H11.4493V2.76325C11.4493 2.61625 11.3307 2.49805 11.1847 2.49805H8.81546C8.66906 2.49805 8.55086 2.61625 8.55086 2.76325V6.20085H7.27006C7.22152 6.20092 7.17394 6.21434 7.13251 6.23965C7.09109 6.26496 7.05743 6.30117 7.03521 6.34433C7.01299 6.38749 7.00307 6.43593 7.00654 6.48435C7.01 6.53276 7.02672 6.57929 7.05486 6.61885L9.79346 10.4464Z\" fill=\"#003A8B\"><\/path><\/svg>\t\t\t\t\t\t<\/span>\n\t\t\t\t\t\t\t\t\t\t<span class=\"elementor-icon-list-text\">EICC English<\/span>\n\t\t\t\t\t\t\t\t\t\t\t<\/a>\n\t\t\t\t\t\t\t\t\t<\/li>\n\t\t\t\t\t\t\t\t<li class=\"elementor-icon-list-item elementor-inline-item\">\n\t\t\t\t\t\t\t\t\t\t\t<a href=\"\/wp-content\/uploads\/2025\/11\/EICC-Code-of-Conduct-Version-5.1-2016_vietnam.pdf\" target=\"_blank\">\n\n\t\t\t\t\t\t\t\t\t\t\t\t<span class=\"elementor-icon-list-icon\">\n\t\t\t\t\t\t\t<svg xmlns=\"http:\/\/www.w3.org\/2000\/svg\" width=\"20\" height=\"20\" viewBox=\"0 0 20 20\" fill=\"none\"><path d=\"M16.9027 9.92383H13.4017C13.1937 9.92362 12.9909 9.98947 12.8227 10.1119C12.6546 10.2343 12.5296 10.407 12.4659 10.605C12.2987 11.1274 11.9697 11.5831 11.5264 11.9061C11.0831 12.2291 10.5486 12.4026 10.0001 12.4016C9.4516 12.4026 8.91703 12.2291 8.47373 11.9061C8.03044 11.5831 7.70141 11.1274 7.53428 10.605C7.47027 10.4071 7.34518 10.2346 7.17697 10.1122C7.00877 9.98977 6.8061 9.92384 6.59808 9.92383H3.09708C2.83618 9.92388 2.58597 10.0275 2.40149 10.212C2.217 10.3965 2.11333 10.6467 2.11328 10.9076V16.5184C2.11344 16.7793 2.21715 17.0294 2.40163 17.2138C2.5861 17.3982 2.83625 17.5018 3.09708 17.5018H16.9027C17.1635 17.5018 17.4137 17.3982 17.5981 17.2138C17.7826 17.0294 17.8863 16.7793 17.8865 16.5184V10.9076C17.8865 10.3638 17.4465 9.92383 16.9027 9.92383Z\" fill=\"#003A8B\"><\/path><path d=\"M9.79346 10.4464C9.84286 10.5156 9.92366 10.557 10.0087 10.557H10.0093C10.0949 10.557 10.1745 10.5156 10.2245 10.4454L12.9453 6.61885C12.9732 6.57916 12.9898 6.53257 12.9932 6.48413C12.9966 6.43568 12.9867 6.38724 12.9645 6.34405C12.9422 6.30082 12.9085 6.26457 12.8669 6.2393C12.8254 6.21403 12.7777 6.20073 12.7291 6.20085H11.4493V2.76325C11.4493 2.61625 11.3307 2.49805 11.1847 2.49805H8.81546C8.66906 2.49805 8.55086 2.61625 8.55086 2.76325V6.20085H7.27006C7.22152 6.20092 7.17394 6.21434 7.13251 6.23965C7.09109 6.26496 7.05743 6.30117 7.03521 6.34433C7.01299 6.38749 7.00307 6.43593 7.00654 6.48435C7.01 6.53276 7.02672 6.57929 7.05486 6.61885L9.79346 10.4464Z\" fill=\"#003A8B\"><\/path><\/svg>\t\t\t\t\t\t<\/span>\n\t\t\t\t\t\t\t\t\t\t<span class=\"elementor-icon-list-text\">EICC Vietnam<\/span>\n\t\t\t\t\t\t\t\t\t\t\t<\/a>\n\t\t\t\t\t\t\t\t\t<\/li>\n\t\t\t\t\t\t<\/ul>\n\t\t\t\t\t\t<\/div>\n\t\t\t\t<\/div>\n\t\t\t\t<\/div>\n\t\t\t\t<div class=\"elementor-element elementor-element-011d719 elementor-widget-divider--view-line elementor-widget elementor-widget-divider\" data-id=\"011d719\" data-element_type=\"widget\" data-widget_type=\"divider.default\">\n\t\t\t\t<div class=\"elementor-widget-container\">\n\t\t\t\t\t\t\t<div class=\"elementor-divider\">\n\t\t\t<span class=\"elementor-divider-separator\">\n\t\t\t\t\t\t<\/span>\n\t\t<\/div>\n\t\t\t\t\t\t<\/div>\n\t\t\t\t<\/div>\n\t\t\t\t\t<\/div>\n\t\t\t\t<\/div>\n\t\t\t\t<\/div>\n\t\t","protected":false},"excerpt":{"rendered":"<p>MANAGEMENT EICC C\u00f4ng ty ch\u00fang t\u00f4i tu\u00e2n th\u1ee7 EICC \u2013 B\u1ed9 quy t\u1eafc \u1ee9ng x\u1eed chung c\u1ee7a ng\u00e0nh thi\u1ebft b\u1ecb \u0111i\u1ec7n t\u1eed, c\u00f4ng ngh\u1ec7 th\u00f4ng tin v\u00e0 truy\u1ec1n th\u00f4ng (ICT). EICC\u00ae (Electronic Industry Citizenship Coalition\u00ae) B\u1ed9 Quy t\u1eafc n\u00e0y \u0111\u01b0\u1ee3c thi\u1ebft l\u1eadp nh\u1eb1m \u0111\u1ea3m b\u1ea3o r\u1eb1ng c\u00e1c \u0111i\u1ec1u ki\u1ec7n l\u00e0m vi\u1ec7c trong chu\u1ed7i cung \u1ee9ng [&hellip;]<\/p>\n","protected":false},"author":1,"featured_media":0,"parent":3504,"menu_order":5,"comment_status":"closed","ping_status":"closed","template":"","meta":{"_acf_changed":false,"footnotes":""},"class_list":["post-3513","page","type-page","status-publish","hentry"],"acf":[],"_links":{"self":[{"href":"https:\/\/onrnc.com\/vi\/wp-json\/wp\/v2\/pages\/3513","targetHints":{"allow":["GET"]}}],"collection":[{"href":"https:\/\/onrnc.com\/vi\/wp-json\/wp\/v2\/pages"}],"about":[{"href":"https:\/\/onrnc.com\/vi\/wp-json\/wp\/v2\/types\/page"}],"author":[{"embeddable":true,"href":"https:\/\/onrnc.com\/vi\/wp-json\/wp\/v2\/users\/1"}],"replies":[{"embeddable":true,"href":"https:\/\/onrnc.com\/vi\/wp-json\/wp\/v2\/comments?post=3513"}],"version-history":[{"count":3,"href":"https:\/\/onrnc.com\/vi\/wp-json\/wp\/v2\/pages\/3513\/revisions"}],"predecessor-version":[{"id":4183,"href":"https:\/\/onrnc.com\/vi\/wp-json\/wp\/v2\/pages\/3513\/revisions\/4183"}],"up":[{"embeddable":true,"href":"https:\/\/onrnc.com\/vi\/wp-json\/wp\/v2\/pages\/3504"}],"wp:attachment":[{"href":"https:\/\/onrnc.com\/vi\/wp-json\/wp\/v2\/media?parent=3513"}],"curies":[{"name":"wp","href":"https:\/\/api.w.org\/{rel}","templated":true}]}}