{"id":3519,"date":"2025-11-14T01:52:52","date_gmt":"2025-11-13T16:52:52","guid":{"rendered":"https:\/\/onrnc.com\/contact-us\/social\/"},"modified":"2026-01-08T14:58:16","modified_gmt":"2026-01-08T05:58:16","slug":"social","status":"publish","type":"page","link":"https:\/\/onrnc.com\/vi\/contact-us\/social\/","title":{"rendered":"Ho\u1ea1t \u0111\u1ed9ng x\u00e3 h\u1ed9i"},"content":{"rendered":"\t\t<div data-elementor-type=\"wp-page\" data-elementor-id=\"3519\" class=\"elementor elementor-3519 elementor-2270\" data-elementor-post-type=\"page\">\n\t\t\t\t<div class=\"elementor-element elementor-element-6b33dcb e-con-full font e-flex e-con e-parent\" data-id=\"6b33dcb\" data-element_type=\"container\" data-settings=\"{&quot;background_background&quot;:&quot;classic&quot;,&quot;jet_parallax_layout_list&quot;:[]}\">\n\t\t\t\t<div class=\"elementor-element elementor-element-4abe12c elementor-widget elementor-widget-heading\" data-id=\"4abe12c\" data-element_type=\"widget\" data-widget_type=\"heading.default\">\n\t\t\t\t<div class=\"elementor-widget-container\">\n\t\t\t\t\t<h2 class=\"elementor-heading-title elementor-size-default\">CONTACT US<\/h2>\t\t\t\t<\/div>\n\t\t\t\t<\/div>\n\t\t\t\t<div class=\"elementor-element elementor-element-868fded elementor-nav-menu--dropdown-none elementor-absolute sub-menu elementor-hidden-mobile elementor-widget elementor-widget-nav-menu\" data-id=\"868fded\" data-element_type=\"widget\" data-settings=\"{&quot;submenu_icon&quot;:{&quot;value&quot;:&quot;&lt;i class=\\&quot;\\&quot;&gt;&lt;\\\/i&gt;&quot;,&quot;library&quot;:&quot;&quot;},&quot;_position&quot;:&quot;absolute&quot;,&quot;layout&quot;:&quot;horizontal&quot;}\" data-widget_type=\"nav-menu.default\">\n\t\t\t\t<div class=\"elementor-widget-container\">\n\t\t\t\t\t\t\t\t<nav aria-label=\"Menu\" class=\"elementor-nav-menu--main elementor-nav-menu__container elementor-nav-menu--layout-horizontal e--pointer-none\">\n\t\t\t\t<ul id=\"menu-1-868fded\" class=\"elementor-nav-menu\"><li class=\"menu-item menu-item-type-post_type menu-item-object-page menu-item-3605\"><a href=\"https:\/\/onrnc.com\/vi\/contact-us\/company-location-information\/\" class=\"elementor-item\">Th\u00f4ng tin c\u00f4ng ty<\/a><\/li>\n<li class=\"menu-item menu-item-type-post_type menu-item-object-page menu-item-3606\"><a href=\"https:\/\/onrnc.com\/vi\/contact-us\/news\/\" class=\"elementor-item\">O.N News<\/a><\/li>\n<li class=\"menu-item menu-item-type-post_type menu-item-object-page menu-item-3607\"><a href=\"https:\/\/onrnc.com\/vi\/contact-us\/social\/\" class=\"elementor-item\">Ho\u1ea1t \u0111\u1ed9ng x\u00e3 h\u1ed9i<\/a><\/li>\n<li class=\"menu-item menu-item-type-post_type menu-item-object-page menu-item-3608\"><a href=\"https:\/\/onrnc.com\/vi\/contact-us\/recruitment\/\" class=\"elementor-item\">Tuy\u1ec3n d\u1ee5ng<\/a><\/li>\n<li class=\"menu-item menu-item-type-post_type menu-item-object-page menu-item-3609\"><a href=\"https:\/\/onrnc.com\/vi\/contact-us\/recruitment-information\/\" class=\"elementor-item\">H\u01b0\u1edbng d\u1eabn tuy\u1ec3n d\u1ee5ng<\/a><\/li>\n<li class=\"menu-item menu-item-type-post_type menu-item-object-page menu-item-3610\"><a href=\"https:\/\/onrnc.com\/vi\/contact-us\/inquire\/\" class=\"elementor-item\">Li\u00ean h\u1ec7<\/a><\/li>\n<\/ul>\t\t\t<\/nav>\n\t\t\t\t\t\t<nav class=\"elementor-nav-menu--dropdown elementor-nav-menu__container\" aria-hidden=\"true\">\n\t\t\t\t<ul id=\"menu-2-868fded\" class=\"elementor-nav-menu\"><li class=\"menu-item menu-item-type-post_type menu-item-object-page menu-item-3605\"><a href=\"https:\/\/onrnc.com\/vi\/contact-us\/company-location-information\/\" class=\"elementor-item\" tabindex=\"-1\">Th\u00f4ng tin c\u00f4ng ty<\/a><\/li>\n<li class=\"menu-item menu-item-type-post_type menu-item-object-page menu-item-3606\"><a href=\"https:\/\/onrnc.com\/vi\/contact-us\/news\/\" class=\"elementor-item\" tabindex=\"-1\">O.N News<\/a><\/li>\n<li class=\"menu-item menu-item-type-post_type menu-item-object-page menu-item-3607\"><a href=\"https:\/\/onrnc.com\/vi\/contact-us\/social\/\" class=\"elementor-item\" tabindex=\"-1\">Ho\u1ea1t \u0111\u1ed9ng x\u00e3 h\u1ed9i<\/a><\/li>\n<li class=\"menu-item menu-item-type-post_type menu-item-object-page menu-item-3608\"><a href=\"https:\/\/onrnc.com\/vi\/contact-us\/recruitment\/\" class=\"elementor-item\" tabindex=\"-1\">Tuy\u1ec3n d\u1ee5ng<\/a><\/li>\n<li class=\"menu-item menu-item-type-post_type menu-item-object-page menu-item-3609\"><a href=\"https:\/\/onrnc.com\/vi\/contact-us\/recruitment-information\/\" class=\"elementor-item\" tabindex=\"-1\">H\u01b0\u1edbng d\u1eabn tuy\u1ec3n d\u1ee5ng<\/a><\/li>\n<li class=\"menu-item menu-item-type-post_type menu-item-object-page menu-item-3610\"><a href=\"https:\/\/onrnc.com\/vi\/contact-us\/inquire\/\" class=\"elementor-item\" tabindex=\"-1\">Li\u00ean h\u1ec7<\/a><\/li>\n<\/ul>\t\t\t<\/nav>\n\t\t\t\t\t\t<\/div>\n\t\t\t\t<\/div>\n\t\t\t\t<\/div>\n\t\t<div class=\"elementor-element elementor-element-5405170 font e-flex e-con-boxed e-con e-parent\" data-id=\"5405170\" data-element_type=\"container\" data-settings=\"{&quot;jet_parallax_layout_list&quot;:[]}\">\n\t\t\t\t\t<div class=\"e-con-inner\">\n\t\t<div class=\"elementor-element elementor-element-9775996 e-con-full e-flex e-con e-child\" data-id=\"9775996\" data-element_type=\"container\" data-settings=\"{&quot;jet_parallax_layout_list&quot;:[]}\">\n\t\t\t\t<div class=\"elementor-element elementor-element-aae6621 elementor-widget__width-inherit elementor-widget elementor-widget-heading\" data-id=\"aae6621\" data-element_type=\"widget\" data-widget_type=\"heading.default\">\n\t\t\t\t<div class=\"elementor-widget-container\">\n\t\t\t\t\t<h3 class=\"elementor-heading-title elementor-size-default\">Ho\u1ea1t \u0111\u1ed9ng x\u00e3 h\u1ed9i<\/h3>\t\t\t\t<\/div>\n\t\t\t\t<\/div>\n\t\t\t\t<div class=\"elementor-element elementor-element-73215f4 elementor-hidden-desktop elementor-hidden-tablet elementor-hidden-mobile elementor-invisible elementor-widget elementor-widget-text-editor\" data-id=\"73215f4\" data-element_type=\"widget\" data-settings=\"{&quot;_animation&quot;:&quot;fadeInUp&quot;}\" data-widget_type=\"text-editor.default\">\n\t\t\t\t<div class=\"elementor-widget-container\">\n\t\t\t\t\t\t\t\t\t\uc6b0\ub9ac\ub294 \uae30\uc5c5\uc758 \uc0ac\ud68c\uc801 \ucc45\uc784\uc744 \uc18c\uc911\ud788 \uc5ec\uae30\uace0, \uace0\uac1d\uc758 \uac00\uce58\uc640 \uc2e0\ub8b0\ub97c \uc5bb\uae30 \uc704\ud574 \uacf5\uc815\ud55c \uae30\uc900\uc5d0 \ub530\ub77c \ud589\ub3d9\ud560 \uac83\uc744 \uc9c0\ud5a5\ud55c\ub2e4. <br class=\"brno\" \/>\uc774\uc5d0 \uc6b0\ub9ac\ub294 \ud22c\uba85\/\uc2e0\ub8b0\/\uc0c1\uc0dd\uc774\ub77c\ub294 \ud575\uc2ec \uac00\uce58\ub97c \ubc14\ud0d5\uc73c\ub85c \ubaa8\ub4e0 \uc784\uc9c1\uc6d0\uc774 \uc9c0\ucf1c\uc57c \ud560 \uc62c\ubc14\ub978 \ud589\ub3d9\uacfc \uac00\uce58\ud310\ub2e8\uc758 \uae30\uc900\uc73c\ub85c <br class=\"br02\" \/>\uc724\ub9ac \ud5cc\uc7a5\uc744 \uc81c\uc815\ud558\uace0 \uc774\ub97c \uc131\uc2e4\ud788 \uc900\uc218 \ud558\uace0 \uc2e4\ucc9c\ud560 \uac83\uc744 \ub2e4\uc9d0\ud55c\ub2e4.\t\t\t\t\t\t\t\t<\/div>\n\t\t\t\t<\/div>\n\t\t\t\t<\/div>\n\t\t<div class=\"elementor-element elementor-element-2175039 e-con-full e-flex e-con e-child\" data-id=\"2175039\" data-element_type=\"container\" data-settings=\"{&quot;jet_parallax_layout_list&quot;:[]}\">\n\t\t\t\t<div class=\"elementor-element elementor-element-159c669 elementor-widget elementor-widget-shortcode\" data-id=\"159c669\" data-element_type=\"widget\" data-widget_type=\"shortcode.default\">\n\t\t\t\t<div class=\"elementor-widget-container\">\n\t\t\t\t\t\t\t<div class=\"elementor-shortcode\"><div id=\"kboard-thumbnail-list\">\r\n\t\r\n\t<!-- \uac8c\uc2dc\ud310 \uc815\ubcf4 \uc2dc\uc791 -->\r\n\t<!-- <div class=\"kboard-list-header\">\r\n\t\t\t\t\t<div class=\"kboard-total-count\">\r\n\t\t\t\tTotal 6\t\t\t<\/div>\r\n\t\t\r\n\t\t<div class=\"kboard-sort\">\r\n\t\t\t<form id=\"kboard-sort-form-6\" method=\"get\" action=\"\/vi\/wp-json\/wp\/v2\/pages\/3519\">\r\n\t\t\t\t<input type=\"hidden\" name=\"mod\" value=\"list\"><input type=\"hidden\" name=\"pageid\" value=\"1\"><input type=\"hidden\" name=\"kboard_list_sort_remember\" value=\"6\">\t\t\t\t<div class=\"select_wrap\">\r\n\t\t\t\t\t<select name=\"kboard_list_sort\" onchange=\"jQuery('#kboard-sort-form-6').submit();\">\r\n\t\t\t\t\t\t<option value=\"newest\" selected>Newest<\/option>\r\n\t\t\t\t\t\t<option value=\"best\">Best<\/option>\r\n\t\t\t\t\t\t<option value=\"viewed\">Viewed<\/option>\r\n\t\t\t\t\t\t<option value=\"updated\">Updated<\/option>\r\n\t\t\t\t\t<\/select>\r\n\t\t\t\t<\/div>\r\n\t\t\t<\/form>\r\n\t\t<\/div>\r\n\t<\/div> -->\r\n\t<!-- \uac8c\uc2dc\ud310 \uc815\ubcf4 \ub05d -->\r\n\r\n\t<!-- \uce74\ud14c\uace0\ub9ac \uc2dc\uc791 -->\r\n\t<!--  -->\r\n\t<!-- \uce74\ud14c\uace0\ub9ac \ub05d -->\r\n\r\n\t<!-- \ub9ac\uc2a4\ud2b8 \uc2dc\uc791 -->\r\n\t<div class=\"kboard-list kboardGallery\">\r\n\t\t<ul>\r\n\t\t\t\t\t\t\t\t\t\t<li class=\"boardBox\">\r\n\t\t\t\t\t<a href=\"\/vi\/wp-json\/wp\/v2\/pages\/3519?uid=33&#038;mod=document\" >\r\n\t\t\t\t\t\t\t\t\t\t\t\t<!-- <div class=\"thumb\" style=\"background-image:url('https:\/\/onrnc.com\/wp-content\/uploads\/kboard_thumbnails\/6\/202601\/695f4917d23a37372443.jpg')\"><\/div> -->\r\n\t\t\t\t\t\t<div class=\"thumb-wrap\"><img decoding=\"async\" src=\"https:\/\/onrnc.com\/wp-content\/uploads\/kboard_thumbnails\/6\/202601\/695f4917d23a37372443.jpg\" class=\"thumb\" alt=\"Quy\u00ean g\u00f3p g\u1ea1o cho Trung t\u00e2m Ph\u00fac l\u1ee3i X\u00e3 h\u1ed9i T\u1ed5ng h\u1ee3p Ssangyong.\"><\/div>\r\n\t\t\t\t\t\t\t\t\t\t\t\t<div class=\"txt_wrap\">\r\n\t\t\t\t\t\t\t<div>\r\n\t\t\t\t\t\t\t\t<!-- <div class=\"kboard-list-category1\"><\/div> -->\r\n\t\t\t\t\t\t\t\t<div class=\"title\">Quy\u00ean g\u00f3p g\u1ea1o cho Trung t\u00e2m Ph\u00fac l\u1ee3i X\u00e3 h\u1ed9i T\u1ed5ng h\u1ee3p Ssangyong.<\/div>\r\n\t\t\t\t\t\t\t\t<div class=\"date\">2024.09.12<\/div>\r\n\t\t\t\t\t\t\t<\/div>\r\n\t\t\t\t\t\t<\/div>\r\n\t\t\t\t\t\t<!-- \t\t\t\t\t\t -->\r\n\t\t\t\t\t<\/a>\r\n\t\t\t\t<\/li>\r\n\t\t\t\t\t\t\t<li class=\"boardBox\">\r\n\t\t\t\t\t<a href=\"\/vi\/wp-json\/wp\/v2\/pages\/3519?uid=32&#038;mod=document\" >\r\n\t\t\t\t\t\t\t\t\t\t\t\t<!-- <div class=\"thumb\" style=\"background-image:url('https:\/\/onrnc.com\/wp-content\/uploads\/kboard_thumbnails\/6\/202601\/695f48f6f17aa4087338.jpg')\"><\/div> -->\r\n\t\t\t\t\t\t<div class=\"thumb-wrap\"><img decoding=\"async\" src=\"https:\/\/onrnc.com\/wp-content\/uploads\/kboard_thumbnails\/6\/202601\/695f48f6f17aa4087338.jpg\" class=\"thumb\" alt=\"Quy\u00ean g\u00f3p g\u1ea1o cho Qu\u1ef9 Ph\u00fac l\u1ee3i Cheonan.\"><\/div>\r\n\t\t\t\t\t\t\t\t\t\t\t\t<div class=\"txt_wrap\">\r\n\t\t\t\t\t\t\t<div>\r\n\t\t\t\t\t\t\t\t<!-- <div class=\"kboard-list-category1\"><\/div> -->\r\n\t\t\t\t\t\t\t\t<div class=\"title\">Quy\u00ean g\u00f3p g\u1ea1o cho Qu\u1ef9 Ph\u00fac l\u1ee3i Cheonan.<\/div>\r\n\t\t\t\t\t\t\t\t<div class=\"date\">2023.10.16<\/div>\r\n\t\t\t\t\t\t\t<\/div>\r\n\t\t\t\t\t\t<\/div>\r\n\t\t\t\t\t\t<!-- \t\t\t\t\t\t -->\r\n\t\t\t\t\t<\/a>\r\n\t\t\t\t<\/li>\r\n\t\t\t\t\t\t\t<li class=\"boardBox\">\r\n\t\t\t\t\t<a href=\"\/vi\/wp-json\/wp\/v2\/pages\/3519?uid=31&#038;mod=document\" >\r\n\t\t\t\t\t\t\t\t\t\t\t\t<!-- <div class=\"thumb\" style=\"background-image:url('https:\/\/onrnc.com\/wp-content\/uploads\/kboard_thumbnails\/6\/202601\/695f48ceeff782101478.jpg')\"><\/div> -->\r\n\t\t\t\t\t\t<div class=\"thumb-wrap\"><img decoding=\"async\" src=\"https:\/\/onrnc.com\/wp-content\/uploads\/kboard_thumbnails\/6\/202601\/695f48ceeff782101478.jpg\" class=\"thumb\" alt=\"Quy\u00ean g\u00f3p g\u1ea1o cho Trung t\u00e2m Ph\u00fac l\u1ee3i X\u00e3 h\u1ed9i T\u1ed5ng h\u1ee3p Ssangyong.\"><\/div>\r\n\t\t\t\t\t\t\t\t\t\t\t\t<div class=\"txt_wrap\">\r\n\t\t\t\t\t\t\t<div>\r\n\t\t\t\t\t\t\t\t<!-- <div class=\"kboard-list-category1\"><\/div> -->\r\n\t\t\t\t\t\t\t\t<div class=\"title\">Quy\u00ean g\u00f3p g\u1ea1o cho Trung t\u00e2m Ph\u00fac l\u1ee3i X\u00e3 h\u1ed9i T\u1ed5ng h\u1ee3p Ssangyong.<\/div>\r\n\t\t\t\t\t\t\t\t<div class=\"date\">2023.09.25<\/div>\r\n\t\t\t\t\t\t\t<\/div>\r\n\t\t\t\t\t\t<\/div>\r\n\t\t\t\t\t\t<!-- \t\t\t\t\t\t -->\r\n\t\t\t\t\t<\/a>\r\n\t\t\t\t<\/li>\r\n\t\t\t\t\t\t\t<li class=\"boardBox\">\r\n\t\t\t\t\t<a href=\"\/vi\/wp-json\/wp\/v2\/pages\/3519?uid=30&#038;mod=document\" >\r\n\t\t\t\t\t\t\t\t\t\t\t\t<!-- <div class=\"thumb\" style=\"background-image:url('https:\/\/onrnc.com\/wp-content\/uploads\/kboard_thumbnails\/6\/202601\/695f48232eaa36381999.jpg')\"><\/div> -->\r\n\t\t\t\t\t\t<div class=\"thumb-wrap\"><img decoding=\"async\" src=\"https:\/\/onrnc.com\/wp-content\/uploads\/kboard_thumbnails\/6\/202601\/695f48232eaa36381999.jpg\" class=\"thumb\" alt=\"Quy\u00ean g\u00f3p kim chi mu\u1ed1i m\u00f9a \u0111\u00f4ng cho Trung t\u00e2m Ph\u00fac l\u1ee3i X\u00e3 h\u1ed9i T\u1ed5ng h\u1ee3p Ssangyong.\"><\/div>\r\n\t\t\t\t\t\t\t\t\t\t\t\t<div class=\"txt_wrap\">\r\n\t\t\t\t\t\t\t<div>\r\n\t\t\t\t\t\t\t\t<!-- <div class=\"kboard-list-category1\"><\/div> -->\r\n\t\t\t\t\t\t\t\t<div class=\"title\">Quy\u00ean g\u00f3p kim chi mu\u1ed1i m\u00f9a \u0111\u00f4ng cho Trung t\u00e2m Ph\u00fac l\u1ee3i X\u00e3 h\u1ed9i T\u1ed5ng h\u1ee3p Ssangyong.<\/div>\r\n\t\t\t\t\t\t\t\t<div class=\"date\">2022.11.28<\/div>\r\n\t\t\t\t\t\t\t<\/div>\r\n\t\t\t\t\t\t<\/div>\r\n\t\t\t\t\t\t<!-- \t\t\t\t\t\t -->\r\n\t\t\t\t\t<\/a>\r\n\t\t\t\t<\/li>\r\n\t\t\t\t\t\t\t<li class=\"boardBox\">\r\n\t\t\t\t\t<a href=\"\/vi\/wp-json\/wp\/v2\/pages\/3519?uid=29&#038;mod=document\" >\r\n\t\t\t\t\t\t\t\t\t\t\t\t<!-- <div class=\"thumb\" style=\"background-image:url('https:\/\/onrnc.com\/wp-content\/uploads\/kboard_thumbnails\/6\/202601\/695f47fdce6399000460.jpg')\"><\/div> -->\r\n\t\t\t\t\t\t<div class=\"thumb-wrap\"><img decoding=\"async\" src=\"https:\/\/onrnc.com\/wp-content\/uploads\/kboard_thumbnails\/6\/202601\/695f47fdce6399000460.jpg\" class=\"thumb\" alt=\"Quy\u00ean g\u00f3p  g\u1ea1o cho Trung t\u00e2m Ph\u00fac l\u1ee3i X\u00e3 h\u1ed9i T\u1ed5ng h\u1ee3p Ssangyong.\"><\/div>\r\n\t\t\t\t\t\t\t\t\t\t\t\t<div class=\"txt_wrap\">\r\n\t\t\t\t\t\t\t<div>\r\n\t\t\t\t\t\t\t\t<!-- <div class=\"kboard-list-category1\"><\/div> -->\r\n\t\t\t\t\t\t\t\t<div class=\"title\">Quy\u00ean g\u00f3p  g\u1ea1o cho Trung t\u00e2m Ph\u00fac l\u1ee3i X\u00e3 h\u1ed9i T\u1ed5ng h\u1ee3p Ssangyong.<\/div>\r\n\t\t\t\t\t\t\t\t<div class=\"date\">2022.09.07<\/div>\r\n\t\t\t\t\t\t\t<\/div>\r\n\t\t\t\t\t\t<\/div>\r\n\t\t\t\t\t\t<!-- \t\t\t\t\t\t -->\r\n\t\t\t\t\t<\/a>\r\n\t\t\t\t<\/li>\r\n\t\t\t\t\t\t\t<li class=\"boardBox\">\r\n\t\t\t\t\t<a href=\"\/vi\/wp-json\/wp\/v2\/pages\/3519?uid=28&#038;mod=document\" >\r\n\t\t\t\t\t\t\t\t\t\t\t\t<!-- <div class=\"thumb\" style=\"background-image:url('https:\/\/onrnc.com\/wp-content\/uploads\/kboard_thumbnails\/6\/202601\/695f47a5426c51462920.jpg')\"><\/div> -->\r\n\t\t\t\t\t\t<div class=\"thumb-wrap\"><img decoding=\"async\" src=\"https:\/\/onrnc.com\/wp-content\/uploads\/kboard_thumbnails\/6\/202601\/695f47a5426c51462920.jpg\" class=\"thumb\" alt=\"Quy\u00ean g\u00f3p b\u00e1nh g\u1ea1o cho Trung t\u00e2m Ph\u00fac l\u1ee3i X\u00e3 h\u1ed9i T\u1ed5ng h\u1ee3p Ssangyong.\"><\/div>\r\n\t\t\t\t\t\t\t\t\t\t\t\t<div class=\"txt_wrap\">\r\n\t\t\t\t\t\t\t<div>\r\n\t\t\t\t\t\t\t\t<!-- <div class=\"kboard-list-category1\"><\/div> -->\r\n\t\t\t\t\t\t\t\t<div class=\"title\">Quy\u00ean g\u00f3p b\u00e1nh g\u1ea1o cho Trung t\u00e2m Ph\u00fac l\u1ee3i X\u00e3 h\u1ed9i T\u1ed5ng h\u1ee3p Ssangyong.<\/div>\r\n\t\t\t\t\t\t\t\t<div class=\"date\">2021.02.05<\/div>\r\n\t\t\t\t\t\t\t<\/div>\r\n\t\t\t\t\t\t<\/div>\r\n\t\t\t\t\t\t<!-- \t\t\t\t\t\t -->\r\n\t\t\t\t\t<\/a>\r\n\t\t\t\t<\/li>\r\n\t\t\t\t\t<\/ul>\r\n\t<\/div>\r\n\t<!-- \ub9ac\uc2a4\ud2b8 \ub05d -->\r\n\r\n\t<!-- \ud398\uc774\uc9d5 \uc2dc\uc791 -->\r\n\t<div class=\"kboard-pagination\">\r\n\t\t<ul class=\"kboard-pagination-pages\">\r\n\t\t\t<li class=\"active\"><a href=\"?pageid=1&mod=list\" onclick=\"return false\">1<\/a><\/li>\t\t<\/ul>\r\n\t<\/div>\r\n\t<!-- \ud398\uc774\uc9d5 \ub05d -->\r\n\r\n\t<!-- \uac80\uc0c9\ud3fc \uc2dc\uc791 -->\r\n\t<!-- <div class=\"kboard-search\">\r\n\t\t<form id=\"kboard-search-form-6\" method=\"get\" action=\"\/vi\/wp-json\/wp\/v2\/pages\/3519\">\r\n\t\t\t<input type=\"hidden\" name=\"mod\" value=\"list\"><input type=\"hidden\" name=\"pageid\" value=\"1\">\t\t\t<div class=\"select_wrap\">\r\n\t\t\t\t<select name=\"target\">\r\n\t\t\t\t\t<option value=\"\">All<\/option>\r\n\t\t\t\t\t<option value=\"title\">Title<\/option>\r\n\t\t\t\t\t<option value=\"content\">Content<\/option>\r\n\t\t\t\t\t<option value=\"member_display\">Author<\/option>\r\n\t\t\t\t<\/select>\r\n\t\t\t<\/div>\r\n\t\t\t<input type=\"text\" name=\"keyword\" value=\"\" placeholder=\"\uac80\uc0c9\uc5b4\ub97c \uc785\ub825\ud574 \uc8fc\uc138\uc694\">\r\n\t\t\t<button type=\"submit\" class=\"kboard-default-button-small\">Search<\/button>\r\n\t\t<\/form>\r\n\t<\/div> -->\r\n\t<!-- \uac80\uc0c9\ud3fc \ub05d -->\r\n\r\n\t\t\r\n\t<!-- \t<div class=\"kboard-thumbnail-poweredby\">\r\n\t\t<a href=\"https:\/\/www.cosmosfarm.com\/products\/kboard\" onclick=\"window.open(this.href);return false;\" title=\"KBoard is the best community software available for WordPress\" target=\"_blank\" rel=\"noopener\">Powered by KBoard<\/a>\r\n\t<\/div>\r\n\t -->\r\n\r\n<\/div><\/div>\n\t\t\t\t\t\t<\/div>\n\t\t\t\t<\/div>\n\t\t\t\t<\/div>\n\t\t\t\t\t<\/div>\n\t\t\t\t<\/div>\n\t\t\t\t<\/div>\n\t\t","protected":false},"excerpt":{"rendered":"<p>CONTACT US Ho\u1ea1t \u0111\u1ed9ng x\u00e3 h\u1ed9i \uc6b0\ub9ac\ub294 \uae30\uc5c5\uc758 \uc0ac\ud68c\uc801 \ucc45\uc784\uc744 \uc18c\uc911\ud788 \uc5ec\uae30\uace0, \uace0\uac1d\uc758 \uac00\uce58\uc640 \uc2e0\ub8b0\ub97c \uc5bb\uae30 \uc704\ud574 \uacf5\uc815\ud55c \uae30\uc900\uc5d0 \ub530\ub77c \ud589\ub3d9\ud560 \uac83\uc744 \uc9c0\ud5a5\ud55c\ub2e4. \uc774\uc5d0 \uc6b0\ub9ac\ub294 \ud22c\uba85\/\uc2e0\ub8b0\/\uc0c1\uc0dd\uc774\ub77c\ub294 \ud575\uc2ec \uac00\uce58\ub97c \ubc14\ud0d5\uc73c\ub85c \ubaa8\ub4e0 \uc784\uc9c1\uc6d0\uc774 \uc9c0\ucf1c\uc57c \ud560 \uc62c\ubc14\ub978 \ud589\ub3d9\uacfc \uac00\uce58\ud310\ub2e8\uc758 \uae30\uc900\uc73c\ub85c \uc724\ub9ac \ud5cc\uc7a5\uc744 \uc81c\uc815\ud558\uace0 \uc774\ub97c \uc131\uc2e4\ud788 \uc900\uc218 \ud558\uace0 \uc2e4\ucc9c\ud560 \uac83\uc744 \ub2e4\uc9d0\ud55c\ub2e4.<\/p>\n","protected":false},"author":1,"featured_media":0,"parent":3515,"menu_order":3,"comment_status":"closed","ping_status":"closed","template":"","meta":{"_acf_changed":false,"footnotes":""},"class_list":["post-3519","page","type-page","status-publish","hentry"],"acf":[],"_links":{"self":[{"href":"https:\/\/onrnc.com\/vi\/wp-json\/wp\/v2\/pages\/3519","targetHints":{"allow":["GET"]}}],"collection":[{"href":"https:\/\/onrnc.com\/vi\/wp-json\/wp\/v2\/pages"}],"about":[{"href":"https:\/\/onrnc.com\/vi\/wp-json\/wp\/v2\/types\/page"}],"author":[{"embeddable":true,"href":"https:\/\/onrnc.com\/vi\/wp-json\/wp\/v2\/users\/1"}],"replies":[{"embeddable":true,"href":"https:\/\/onrnc.com\/vi\/wp-json\/wp\/v2\/comments?post=3519"}],"version-history":[{"count":7,"href":"https:\/\/onrnc.com\/vi\/wp-json\/wp\/v2\/pages\/3519\/revisions"}],"predecessor-version":[{"id":4215,"href":"https:\/\/onrnc.com\/vi\/wp-json\/wp\/v2\/pages\/3519\/revisions\/4215"}],"up":[{"embeddable":true,"href":"https:\/\/onrnc.com\/vi\/wp-json\/wp\/v2\/pages\/3515"}],"wp:attachment":[{"href":"https:\/\/onrnc.com\/vi\/wp-json\/wp\/v2\/media?parent=3519"}],"curies":[{"name":"wp","href":"https:\/\/api.w.org\/{rel}","templated":true}]}}