{"id":3522,"date":"2025-06-30T04:07:14","date_gmt":"2025-06-29T19:07:14","guid":{"rendered":"https:\/\/onrnc.com\/contact-us\/recruitment-information\/"},"modified":"2026-01-08T15:20:45","modified_gmt":"2026-01-08T06:20:45","slug":"recruitment-information","status":"publish","type":"page","link":"https:\/\/onrnc.com\/vi\/contact-us\/recruitment-information\/","title":{"rendered":"H\u01b0\u1edbng d\u1eabn tuy\u1ec3n d\u1ee5ng"},"content":{"rendered":"\t\t<div data-elementor-type=\"wp-page\" data-elementor-id=\"3522\" class=\"elementor elementor-3522 elementor-1342\" data-elementor-post-type=\"page\">\n\t\t\t\t<div class=\"elementor-element elementor-element-6b33dcb e-con-full font e-flex e-con e-parent\" data-id=\"6b33dcb\" data-element_type=\"container\" data-settings=\"{&quot;background_background&quot;:&quot;classic&quot;,&quot;jet_parallax_layout_list&quot;:[]}\">\n\t\t\t\t<div class=\"elementor-element elementor-element-4abe12c elementor-widget elementor-widget-heading\" data-id=\"4abe12c\" data-element_type=\"widget\" data-widget_type=\"heading.default\">\n\t\t\t\t<div class=\"elementor-widget-container\">\n\t\t\t\t\t<h2 class=\"elementor-heading-title elementor-size-default\">CONTACT US<\/h2>\t\t\t\t<\/div>\n\t\t\t\t<\/div>\n\t\t\t\t<div class=\"elementor-element elementor-element-868fded elementor-nav-menu--dropdown-none elementor-absolute sub-menu elementor-hidden-mobile elementor-widget elementor-widget-nav-menu\" data-id=\"868fded\" data-element_type=\"widget\" data-settings=\"{&quot;submenu_icon&quot;:{&quot;value&quot;:&quot;&lt;i class=\\&quot;\\&quot;&gt;&lt;\\\/i&gt;&quot;,&quot;library&quot;:&quot;&quot;},&quot;_position&quot;:&quot;absolute&quot;,&quot;layout&quot;:&quot;horizontal&quot;}\" data-widget_type=\"nav-menu.default\">\n\t\t\t\t<div class=\"elementor-widget-container\">\n\t\t\t\t\t\t\t\t<nav aria-label=\"Menu\" class=\"elementor-nav-menu--main elementor-nav-menu__container elementor-nav-menu--layout-horizontal e--pointer-none\">\n\t\t\t\t<ul id=\"menu-1-868fded\" class=\"elementor-nav-menu\"><li class=\"menu-item menu-item-type-post_type menu-item-object-page menu-item-3605\"><a href=\"https:\/\/onrnc.com\/vi\/contact-us\/company-location-information\/\" class=\"elementor-item\">Th\u00f4ng tin c\u00f4ng ty<\/a><\/li>\n<li class=\"menu-item menu-item-type-post_type menu-item-object-page menu-item-3606\"><a href=\"https:\/\/onrnc.com\/vi\/contact-us\/news\/\" class=\"elementor-item\">O.N News<\/a><\/li>\n<li class=\"menu-item menu-item-type-post_type menu-item-object-page menu-item-3607\"><a href=\"https:\/\/onrnc.com\/vi\/contact-us\/social\/\" class=\"elementor-item\">Ho\u1ea1t \u0111\u1ed9ng x\u00e3 h\u1ed9i<\/a><\/li>\n<li class=\"menu-item menu-item-type-post_type menu-item-object-page menu-item-3608\"><a href=\"https:\/\/onrnc.com\/vi\/contact-us\/recruitment\/\" class=\"elementor-item\">Tuy\u1ec3n d\u1ee5ng<\/a><\/li>\n<li class=\"menu-item menu-item-type-post_type menu-item-object-page menu-item-3609\"><a href=\"https:\/\/onrnc.com\/vi\/contact-us\/recruitment-information\/\" class=\"elementor-item\">H\u01b0\u1edbng d\u1eabn tuy\u1ec3n d\u1ee5ng<\/a><\/li>\n<li class=\"menu-item menu-item-type-post_type menu-item-object-page menu-item-3610\"><a href=\"https:\/\/onrnc.com\/vi\/contact-us\/inquire\/\" class=\"elementor-item\">Li\u00ean h\u1ec7<\/a><\/li>\n<\/ul>\t\t\t<\/nav>\n\t\t\t\t\t\t<nav class=\"elementor-nav-menu--dropdown elementor-nav-menu__container\" aria-hidden=\"true\">\n\t\t\t\t<ul id=\"menu-2-868fded\" class=\"elementor-nav-menu\"><li class=\"menu-item menu-item-type-post_type menu-item-object-page menu-item-3605\"><a href=\"https:\/\/onrnc.com\/vi\/contact-us\/company-location-information\/\" class=\"elementor-item\" tabindex=\"-1\">Th\u00f4ng tin c\u00f4ng ty<\/a><\/li>\n<li class=\"menu-item menu-item-type-post_type menu-item-object-page menu-item-3606\"><a href=\"https:\/\/onrnc.com\/vi\/contact-us\/news\/\" class=\"elementor-item\" tabindex=\"-1\">O.N News<\/a><\/li>\n<li class=\"menu-item menu-item-type-post_type menu-item-object-page menu-item-3607\"><a href=\"https:\/\/onrnc.com\/vi\/contact-us\/social\/\" class=\"elementor-item\" tabindex=\"-1\">Ho\u1ea1t \u0111\u1ed9ng x\u00e3 h\u1ed9i<\/a><\/li>\n<li class=\"menu-item menu-item-type-post_type menu-item-object-page menu-item-3608\"><a href=\"https:\/\/onrnc.com\/vi\/contact-us\/recruitment\/\" class=\"elementor-item\" tabindex=\"-1\">Tuy\u1ec3n d\u1ee5ng<\/a><\/li>\n<li class=\"menu-item menu-item-type-post_type menu-item-object-page menu-item-3609\"><a href=\"https:\/\/onrnc.com\/vi\/contact-us\/recruitment-information\/\" class=\"elementor-item\" tabindex=\"-1\">H\u01b0\u1edbng d\u1eabn tuy\u1ec3n d\u1ee5ng<\/a><\/li>\n<li class=\"menu-item menu-item-type-post_type menu-item-object-page menu-item-3610\"><a href=\"https:\/\/onrnc.com\/vi\/contact-us\/inquire\/\" class=\"elementor-item\" tabindex=\"-1\">Li\u00ean h\u1ec7<\/a><\/li>\n<\/ul>\t\t\t<\/nav>\n\t\t\t\t\t\t<\/div>\n\t\t\t\t<\/div>\n\t\t\t\t<\/div>\n\t\t<div class=\"elementor-element elementor-element-5405170 font e-flex e-con-boxed e-con e-parent\" data-id=\"5405170\" data-element_type=\"container\" data-settings=\"{&quot;jet_parallax_layout_list&quot;:[]}\">\n\t\t\t\t\t<div class=\"e-con-inner\">\n\t\t<div class=\"elementor-element elementor-element-9775996 e-con-full e-flex e-con e-child\" data-id=\"9775996\" data-element_type=\"container\" data-settings=\"{&quot;jet_parallax_layout_list&quot;:[]}\">\n\t\t\t\t<div class=\"elementor-element elementor-element-aae6621 elementor-widget__width-inherit elementor-widget elementor-widget-heading\" data-id=\"aae6621\" data-element_type=\"widget\" data-widget_type=\"heading.default\">\n\t\t\t\t<div class=\"elementor-widget-container\">\n\t\t\t\t\t<h3 class=\"elementor-heading-title elementor-size-default\">H\u01b0\u1edbng d\u1eabn tuy\u1ec3n d\u1ee5ng<\/h3>\t\t\t\t<\/div>\n\t\t\t\t<\/div>\n\t\t\t\t<div class=\"elementor-element elementor-element-73215f4 elementor-hidden-desktop elementor-hidden-tablet elementor-hidden-mobile elementor-invisible elementor-widget elementor-widget-text-editor\" data-id=\"73215f4\" data-element_type=\"widget\" data-settings=\"{&quot;_animation&quot;:&quot;fadeInUp&quot;}\" data-widget_type=\"text-editor.default\">\n\t\t\t\t<div class=\"elementor-widget-container\">\n\t\t\t\t\t\t\t\t\t<p>\uc6b0\ub9ac\ub294 \uae30\uc5c5\uc758 \uc0ac\ud68c\uc801 \ucc45\uc784\uc744 \uc18c\uc911\ud788 \uc5ec\uae30\uace0, \uace0\uac1d\uc758 \uac00\uce58\uc640 \uc2e0\ub8b0\ub97c \uc5bb\uae30 \uc704\ud574 \uacf5\uc815\ud55c \uae30\uc900\uc5d0 \ub530\ub77c \ud589\ub3d9\ud560 \uac83\uc744 \uc9c0\ud5a5\ud55c\ub2e4. <br class=\"brno\" \/>\uc774\uc5d0 \uc6b0\ub9ac\ub294 \ud22c\uba85\/\uc2e0\ub8b0\/\uc0c1\uc0dd\uc774\ub77c\ub294 \ud575\uc2ec \uac00\uce58\ub97c \ubc14\ud0d5\uc73c\ub85c \ubaa8\ub4e0 \uc784\uc9c1\uc6d0\uc774 \uc9c0\ucf1c\uc57c \ud560 \uc62c\ubc14\ub978 \ud589\ub3d9\uacfc \uac00\uce58\ud310\ub2e8\uc758 \uae30\uc900\uc73c\ub85c <br class=\"br02\" \/>\uc724\ub9ac \ud5cc\uc7a5\uc744 \uc81c\uc815\ud558\uace0 \uc774\ub97c \uc131\uc2e4\ud788 \uc900\uc218 \ud558\uace0 \uc2e4\ucc9c\ud560 \uac83\uc744 \ub2e4\uc9d0\ud55c\ub2e4.<\/p>\t\t\t\t\t\t\t\t<\/div>\n\t\t\t\t<\/div>\n\t\t\t\t<\/div>\n\t\t<div class=\"elementor-element elementor-element-c81df39 e-con-full e-flex elementor-invisible e-con e-child\" data-id=\"c81df39\" data-element_type=\"container\" data-settings=\"{&quot;jet_parallax_layout_list&quot;:[],&quot;animation&quot;:&quot;fadeIn&quot;}\">\n\t\t<div class=\"elementor-element elementor-element-5ef2c2d e-con-full e-flex e-con e-child\" data-id=\"5ef2c2d\" data-element_type=\"container\" data-settings=\"{&quot;jet_parallax_layout_list&quot;:[]}\">\n\t\t<div class=\"elementor-element elementor-element-d1f2428 e-con-full HRM-tit e-flex e-con e-child\" data-id=\"d1f2428\" data-element_type=\"container\" data-settings=\"{&quot;background_background&quot;:&quot;classic&quot;,&quot;jet_parallax_layout_list&quot;:[]}\">\n\t\t\t\t<div class=\"elementor-element elementor-element-6792c5d elementor-widget elementor-widget-heading\" data-id=\"6792c5d\" data-element_type=\"widget\" data-widget_type=\"heading.default\">\n\t\t\t\t<div class=\"elementor-widget-container\">\n\t\t\t\t\t<h4 class=\"elementor-heading-title elementor-size-default\">Quy tr\u00ecnh tuy\u1ec3n d\u1ee5ng<\/h4>\t\t\t\t<\/div>\n\t\t\t\t<\/div>\n\t\t\t\t<\/div>\n\t\t<div class=\"elementor-element elementor-element-13e4bcf e-con-full e-flex e-con e-child\" data-id=\"13e4bcf\" data-element_type=\"container\" data-settings=\"{&quot;jet_parallax_layout_list&quot;:[]}\">\n\t\t<div class=\"elementor-element elementor-element-442d183 e-con-full e-flex e-con e-child\" data-id=\"442d183\" data-element_type=\"container\" data-settings=\"{&quot;jet_parallax_layout_list&quot;:[]}\">\n\t\t\t\t<div class=\"elementor-element elementor-element-ad091db elementor-widget elementor-widget-jet-headline\" data-id=\"ad091db\" data-element_type=\"widget\" data-widget_type=\"jet-headline.default\">\n\t\t\t\t<div class=\"elementor-widget-container\">\n\t\t\t\t\t<div class=\"jet-headline jet-headline--direction-vertical\"><span class=\"jet-headline__part jet-headline__first\"><span class=\"jet-headline__label\">B\u01b0\u1edbc. 01<\/span><\/span><span class=\"jet-headline__part jet-headline__second\"><span class=\"jet-headline__label\">Th\u00f4ng b\u00e1o tuy\u1ec3n d\u1ee5ng<\/span><\/span><\/div>\t\t\t\t<\/div>\n\t\t\t\t<\/div>\n\t\t\t\t<\/div>\n\t\t\t\t<div class=\"elementor-element elementor-element-b15e3ff elementor-widget elementor-widget-image\" data-id=\"b15e3ff\" data-element_type=\"widget\" data-widget_type=\"image.default\">\n\t\t\t\t<div class=\"elementor-widget-container\">\n\t\t\t\t\t\t\t\t\t\t\t\t\t\t\t<img decoding=\"async\" width=\"120\" height=\"6\" src=\"https:\/\/onrnc.com\/wp-content\/uploads\/2025\/06\/recruitment-arrow03.svg\" class=\"attachment-full size-full wp-image-3523\" alt=\"\" \/>\t\t\t\t\t\t\t\t\t\t\t\t\t\t\t<\/div>\n\t\t\t\t<\/div>\n\t\t<div class=\"elementor-element elementor-element-9cecda2 e-con-full e-flex e-con e-child\" data-id=\"9cecda2\" data-element_type=\"container\" data-settings=\"{&quot;jet_parallax_layout_list&quot;:[]}\">\n\t\t\t\t<div class=\"elementor-element elementor-element-64ac363 elementor-widget elementor-widget-jet-headline\" data-id=\"64ac363\" data-element_type=\"widget\" data-widget_type=\"jet-headline.default\">\n\t\t\t\t<div class=\"elementor-widget-container\">\n\t\t\t\t\t<div class=\"jet-headline jet-headline--direction-vertical\"><span class=\"jet-headline__part jet-headline__first\"><span class=\"jet-headline__label\">B\u01b0\u1edbc. 02<\/span><\/span><span class=\"jet-headline__part jet-headline__second\"><span class=\"jet-headline__label\">X\u00e9t duy\u1ec7t h\u1ed3 s\u01a1<\/span><\/span><\/div>\t\t\t\t<\/div>\n\t\t\t\t<\/div>\n\t\t\t\t<\/div>\n\t\t\t\t<div class=\"elementor-element elementor-element-195229f elementor-widget elementor-widget-image\" data-id=\"195229f\" data-element_type=\"widget\" data-widget_type=\"image.default\">\n\t\t\t\t<div class=\"elementor-widget-container\">\n\t\t\t\t\t\t\t\t\t\t\t\t\t\t\t<img decoding=\"async\" width=\"120\" height=\"6\" src=\"https:\/\/onrnc.com\/wp-content\/uploads\/2025\/06\/recruitment-arrow03.svg\" class=\"attachment-full size-full wp-image-3523\" alt=\"\" \/>\t\t\t\t\t\t\t\t\t\t\t\t\t\t\t<\/div>\n\t\t\t\t<\/div>\n\t\t<div class=\"elementor-element elementor-element-3ebdfc8 e-con-full e-flex e-con e-child\" data-id=\"3ebdfc8\" data-element_type=\"container\" data-settings=\"{&quot;jet_parallax_layout_list&quot;:[]}\">\n\t\t\t\t<div class=\"elementor-element elementor-element-2f746bf elementor-widget elementor-widget-jet-headline\" data-id=\"2f746bf\" data-element_type=\"widget\" data-widget_type=\"jet-headline.default\">\n\t\t\t\t<div class=\"elementor-widget-container\">\n\t\t\t\t\t<div class=\"jet-headline jet-headline--direction-vertical\"><span class=\"jet-headline__part jet-headline__first\"><span class=\"jet-headline__label\">B\u01b0\u1edbc. 03<\/span><\/span><span class=\"jet-headline__part jet-headline__second\"><span class=\"jet-headline__label\">Ph\u1ecfng v\u1ea5n<\/span><\/span><\/div>\t\t\t\t<\/div>\n\t\t\t\t<\/div>\n\t\t\t\t<\/div>\n\t\t\t\t<div class=\"elementor-element elementor-element-978f5e5 elementor-widget elementor-widget-image\" data-id=\"978f5e5\" data-element_type=\"widget\" data-widget_type=\"image.default\">\n\t\t\t\t<div class=\"elementor-widget-container\">\n\t\t\t\t\t\t\t\t\t\t\t\t\t\t\t<img decoding=\"async\" width=\"120\" height=\"6\" src=\"https:\/\/onrnc.com\/wp-content\/uploads\/2025\/06\/recruitment-arrow03.svg\" class=\"attachment-full size-full wp-image-3523\" alt=\"\" \/>\t\t\t\t\t\t\t\t\t\t\t\t\t\t\t<\/div>\n\t\t\t\t<\/div>\n\t\t<div class=\"elementor-element elementor-element-2c5be64 e-con-full e-flex e-con e-child\" data-id=\"2c5be64\" data-element_type=\"container\" data-settings=\"{&quot;background_background&quot;:&quot;classic&quot;,&quot;jet_parallax_layout_list&quot;:[]}\">\n\t\t\t\t<div class=\"elementor-element elementor-element-b55e5f1 elementor-widget elementor-widget-jet-headline\" data-id=\"b55e5f1\" data-element_type=\"widget\" data-widget_type=\"jet-headline.default\">\n\t\t\t\t<div class=\"elementor-widget-container\">\n\t\t\t\t\t<div class=\"jet-headline jet-headline--direction-vertical\"><span class=\"jet-headline__part jet-headline__first\"><span class=\"jet-headline__label\">B\u01b0\u1edbc. 04<\/span><\/span><span class=\"jet-headline__part jet-headline__second\"><span class=\"jet-headline__label\">Th\u00f4ng b\u00e1o tr\u00fang tuy\u1ec3n<\/span><\/span><\/div>\t\t\t\t<\/div>\n\t\t\t\t<\/div>\n\t\t\t\t<\/div>\n\t\t\t\t<\/div>\n\t\t\t\t<\/div>\n\t\t<div class=\"elementor-element elementor-element-9817246 e-con-full e-flex e-con e-child\" data-id=\"9817246\" data-element_type=\"container\" data-settings=\"{&quot;jet_parallax_layout_list&quot;:[]}\">\n\t\t<div class=\"elementor-element elementor-element-3b66c6e e-con-full HRM-tit e-flex e-con e-child\" data-id=\"3b66c6e\" data-element_type=\"container\" data-settings=\"{&quot;background_background&quot;:&quot;classic&quot;,&quot;jet_parallax_layout_list&quot;:[]}\">\n\t\t\t\t<div class=\"elementor-element elementor-element-f7ab8ea elementor-widget elementor-widget-heading\" data-id=\"f7ab8ea\" data-element_type=\"widget\" data-widget_type=\"heading.default\">\n\t\t\t\t<div class=\"elementor-widget-container\">\n\t\t\t\t\t<h4 class=\"elementor-heading-title elementor-size-default\">Th\u00f4ng b\u00e1o tuy\u1ec3n d\u1ee5ng<\/h4>\t\t\t\t<\/div>\n\t\t\t\t<\/div>\n\t\t\t\t<\/div>\n\t\t<div class=\"elementor-element elementor-element-d29f663 e-con-full e-flex e-con e-child\" data-id=\"d29f663\" data-element_type=\"container\" data-settings=\"{&quot;jet_parallax_layout_list&quot;:[]}\">\n\t\t\t\t<div class=\"elementor-element elementor-element-fe10adb elementor-align-left elementor-widget__width-inherit elementor-icon-list--layout-traditional elementor-list-item-link-full_width elementor-widget elementor-widget-icon-list\" data-id=\"fe10adb\" data-element_type=\"widget\" data-widget_type=\"icon-list.default\">\n\t\t\t\t<div class=\"elementor-widget-container\">\n\t\t\t\t\t\t\t<ul class=\"elementor-icon-list-items\">\n\t\t\t\t\t\t\t<li class=\"elementor-icon-list-item\">\n\t\t\t\t\t\t\t\t\t\t\t<span class=\"elementor-icon-list-icon\">\n\t\t\t\t\t\t\t<svg aria-hidden=\"true\" class=\"e-font-icon-svg e-fas-circle\" viewBox=\"0 0 512 512\" xmlns=\"http:\/\/www.w3.org\/2000\/svg\"><path d=\"M256 8C119 8 8 119 8 256s111 248 248 248 248-111 248-248S393 8 256 8z\"><\/path><\/svg>\t\t\t\t\t\t<\/span>\n\t\t\t\t\t\t\t\t\t\t<span class=\"elementor-icon-list-text\">C\u00e1c tin tuy\u1ec3n d\u1ee5ng s\u1ebd \u0111\u01b0\u1ee3c \u0111\u0103ng t\u1ea3i tr\u00ean m\u1ee5c \u201cTuy\u1ec3n d\u1ee5ng\u201d c\u1ee7a website c\u00f4ng ty c\u0169ng nh\u01b0 tr\u00ean c\u00e1c k\u00eanh tuy\u1ec3n d\u1ee5ng tr\u1ef1c tuy\u1ebfn.<\/span>\n\t\t\t\t\t\t\t\t\t<\/li>\n\t\t\t\t\t\t<\/ul>\n\t\t\t\t\t\t<\/div>\n\t\t\t\t<\/div>\n\t\t\t\t<\/div>\n\t\t\t\t<\/div>\n\t\t<div class=\"elementor-element elementor-element-0165ca5 e-con-full e-flex e-con e-child\" data-id=\"0165ca5\" data-element_type=\"container\" data-settings=\"{&quot;jet_parallax_layout_list&quot;:[]}\">\n\t\t<div class=\"elementor-element elementor-element-b0c77ab e-con-full HRM-tit e-flex e-con e-child\" data-id=\"b0c77ab\" data-element_type=\"container\" data-settings=\"{&quot;background_background&quot;:&quot;classic&quot;,&quot;jet_parallax_layout_list&quot;:[]}\">\n\t\t\t\t<div class=\"elementor-element elementor-element-698bafb elementor-widget elementor-widget-heading\" data-id=\"698bafb\" data-element_type=\"widget\" data-widget_type=\"heading.default\">\n\t\t\t\t<div class=\"elementor-widget-container\">\n\t\t\t\t\t<h4 class=\"elementor-heading-title elementor-size-default\">X\u00e9t duy\u1ec7t h\u1ed3 s\u01a1<\/h4>\t\t\t\t<\/div>\n\t\t\t\t<\/div>\n\t\t\t\t<\/div>\n\t\t<div class=\"elementor-element elementor-element-2c5607e e-con-full e-flex e-con e-child\" data-id=\"2c5607e\" data-element_type=\"container\" data-settings=\"{&quot;jet_parallax_layout_list&quot;:[]}\">\n\t\t\t\t<div class=\"elementor-element elementor-element-6b865c5 elementor-align-left elementor-widget__width-inherit elementor-icon-list--layout-traditional elementor-list-item-link-full_width elementor-widget elementor-widget-icon-list\" data-id=\"6b865c5\" data-element_type=\"widget\" data-widget_type=\"icon-list.default\">\n\t\t\t\t<div class=\"elementor-widget-container\">\n\t\t\t\t\t\t\t<ul class=\"elementor-icon-list-items\">\n\t\t\t\t\t\t\t<li class=\"elementor-icon-list-item\">\n\t\t\t\t\t\t\t\t\t\t\t<span class=\"elementor-icon-list-icon\">\n\t\t\t\t\t\t\t<svg aria-hidden=\"true\" class=\"e-font-icon-svg e-fas-circle\" viewBox=\"0 0 512 512\" xmlns=\"http:\/\/www.w3.org\/2000\/svg\"><path d=\"M256 8C119 8 8 119 8 256s111 248 248 248 248-111 248-248S393 8 256 8z\"><\/path><\/svg>\t\t\t\t\t\t<\/span>\n\t\t\t\t\t\t\t\t\t\t<span class=\"elementor-icon-list-text\">\u1ee8ng vi\u00ean c\u1ea7n n\u1ed9p b\u1ea3n t\u1ef1 gi\u1edbi thi\u1ec7u (\u0111\u1ed1i v\u1edbi \u1ee9ng vi\u00ean c\u00f3 kinh nghi\u1ec7m, vui l\u00f2ng t\u1eadp trung tr\u00ecnh b\u00e0y chi ti\u1ebft qu\u00e1 tr\u00ecnh l\u00e0m vi\u1ec7c).<\/span>\n\t\t\t\t\t\t\t\t\t<\/li>\n\t\t\t\t\t\t\t\t<li class=\"elementor-icon-list-item\">\n\t\t\t\t\t\t\t\t\t\t\t<span class=\"elementor-icon-list-icon\">\n\t\t\t\t\t\t\t<svg aria-hidden=\"true\" class=\"e-font-icon-svg e-fas-circle\" viewBox=\"0 0 512 512\" xmlns=\"http:\/\/www.w3.org\/2000\/svg\"><path d=\"M256 8C119 8 8 119 8 256s111 248 248 248 248-111 248-248S393 8 256 8z\"><\/path><\/svg>\t\t\t\t\t\t<\/span>\n\t\t\t\t\t\t\t\t\t\t<span class=\"elementor-icon-list-text\">B\u1ea3n t\u1ef1 gi\u1edbi thi\u1ec7u l\u00e0 t\u00e0i li\u1ec7u quan tr\u1ecdng trong c\u1ea3 v\u00f2ng x\u00e9t duy\u1ec7t h\u1ed3 s\u01a1 v\u00e0 ph\u1ecfng v\u1ea5n, v\u00ec v\u1eady \u1ee9ng vi\u00ean c\u1ea7n vi\u1ebft m\u1ed9t c\u00e1ch trung th\u1ef1c v\u00e0 \u0111\u1ea7y \u0111\u1ee7.<\/span>\n\t\t\t\t\t\t\t\t\t<\/li>\n\t\t\t\t\t\t<\/ul>\n\t\t\t\t\t\t<\/div>\n\t\t\t\t<\/div>\n\t\t\t\t<\/div>\n\t\t\t\t<\/div>\n\t\t<div class=\"elementor-element elementor-element-2153c13 e-con-full e-flex e-con e-child\" data-id=\"2153c13\" data-element_type=\"container\" data-settings=\"{&quot;jet_parallax_layout_list&quot;:[]}\">\n\t\t<div class=\"elementor-element elementor-element-39a05a4 e-con-full HRM-tit e-flex e-con e-child\" data-id=\"39a05a4\" data-element_type=\"container\" data-settings=\"{&quot;background_background&quot;:&quot;classic&quot;,&quot;jet_parallax_layout_list&quot;:[]}\">\n\t\t\t\t<div class=\"elementor-element elementor-element-ddbc4f8 elementor-widget elementor-widget-heading\" data-id=\"ddbc4f8\" data-element_type=\"widget\" data-widget_type=\"heading.default\">\n\t\t\t\t<div class=\"elementor-widget-container\">\n\t\t\t\t\t<h4 class=\"elementor-heading-title elementor-size-default\">Ph\u1ecfng v\u1ea5n<\/h4>\t\t\t\t<\/div>\n\t\t\t\t<\/div>\n\t\t\t\t<\/div>\n\t\t<div class=\"elementor-element elementor-element-7ef6073 e-con-full e-flex e-con e-child\" data-id=\"7ef6073\" data-element_type=\"container\" data-settings=\"{&quot;jet_parallax_layout_list&quot;:[]}\">\n\t\t\t\t<div class=\"elementor-element elementor-element-ceede0d elementor-align-left elementor-widget__width-inherit elementor-icon-list--layout-traditional elementor-list-item-link-full_width elementor-widget elementor-widget-icon-list\" data-id=\"ceede0d\" data-element_type=\"widget\" data-widget_type=\"icon-list.default\">\n\t\t\t\t<div class=\"elementor-widget-container\">\n\t\t\t\t\t\t\t<ul class=\"elementor-icon-list-items\">\n\t\t\t\t\t\t\t<li class=\"elementor-icon-list-item\">\n\t\t\t\t\t\t\t\t\t\t\t<span class=\"elementor-icon-list-icon\">\n\t\t\t\t\t\t\t<svg aria-hidden=\"true\" class=\"e-font-icon-svg e-fas-circle\" viewBox=\"0 0 512 512\" xmlns=\"http:\/\/www.w3.org\/2000\/svg\"><path d=\"M256 8C119 8 8 119 8 256s111 248 248 248 248-111 248-248S393 8 256 8z\"><\/path><\/svg>\t\t\t\t\t\t<\/span>\n\t\t\t\t\t\t\t\t\t\t<span class=\"elementor-icon-list-text\">Sau v\u00f2ng x\u00e9t duy\u1ec7t h\u1ed3 s\u01a1, danh s\u00e1ch \u1ee9ng vi\u00ean tham gia ph\u1ecfng v\u1ea5n s\u1ebd \u0111\u01b0\u1ee3c c\u00f4ng b\u1ed1 tr\u00ean website ho\u1eb7c th\u00f4ng b\u00e1o <\/span>\n\t\t\t\t\t\t\t\t\t<\/li>\n\t\t\t\t\t\t\t\t<li class=\"elementor-icon-list-item\">\n\t\t\t\t\t\t\t\t\t\t\t<span class=\"elementor-icon-list-icon\">\n\t\t\t\t\t\t\t<svg aria-hidden=\"true\" class=\"e-font-icon-svg e-fas-circle\" viewBox=\"0 0 512 512\" xmlns=\"http:\/\/www.w3.org\/2000\/svg\"><path d=\"M256 8C119 8 8 119 8 256s111 248 248 248 248-111 248-248S393 8 256 8z\"><\/path><\/svg>\t\t\t\t\t\t<\/span>\n\t\t\t\t\t\t\t\t\t\t<span class=\"elementor-icon-list-text\">tr\u1ef1c ti\u1ebfp \u0111\u1ebfn t\u1eebng c\u00e1 nh\u00e2n.<\/span>\n\t\t\t\t\t\t\t\t\t<\/li>\n\t\t\t\t\t\t<\/ul>\n\t\t\t\t\t\t<\/div>\n\t\t\t\t<\/div>\n\t\t\t\t<\/div>\n\t\t\t\t<\/div>\n\t\t<div class=\"elementor-element elementor-element-3f4c91a e-con-full e-flex e-con e-child\" data-id=\"3f4c91a\" data-element_type=\"container\" data-settings=\"{&quot;jet_parallax_layout_list&quot;:[]}\">\n\t\t<div class=\"elementor-element elementor-element-7c393f5 e-con-full HRM-tit e-flex e-con e-child\" data-id=\"7c393f5\" data-element_type=\"container\" data-settings=\"{&quot;background_background&quot;:&quot;classic&quot;,&quot;jet_parallax_layout_list&quot;:[]}\">\n\t\t\t\t<div class=\"elementor-element elementor-element-f231af6 elementor-widget elementor-widget-heading\" data-id=\"f231af6\" data-element_type=\"widget\" data-widget_type=\"heading.default\">\n\t\t\t\t<div class=\"elementor-widget-container\">\n\t\t\t\t\t<h4 class=\"elementor-heading-title elementor-size-default\">Th\u00f4ng b\u00e1o tr\u00fang tuy\u1ec3n<\/h4>\t\t\t\t<\/div>\n\t\t\t\t<\/div>\n\t\t\t\t<\/div>\n\t\t<div class=\"elementor-element elementor-element-54a153b e-con-full e-flex e-con e-child\" data-id=\"54a153b\" data-element_type=\"container\" data-settings=\"{&quot;jet_parallax_layout_list&quot;:[]}\">\n\t\t\t\t<div class=\"elementor-element elementor-element-4da5c3d elementor-align-left elementor-widget__width-inherit elementor-icon-list--layout-traditional elementor-list-item-link-full_width elementor-widget elementor-widget-icon-list\" data-id=\"4da5c3d\" data-element_type=\"widget\" data-widget_type=\"icon-list.default\">\n\t\t\t\t<div class=\"elementor-widget-container\">\n\t\t\t\t\t\t\t<ul class=\"elementor-icon-list-items\">\n\t\t\t\t\t\t\t<li class=\"elementor-icon-list-item\">\n\t\t\t\t\t\t\t\t\t\t\t<span class=\"elementor-icon-list-icon\">\n\t\t\t\t\t\t\t<svg aria-hidden=\"true\" class=\"e-font-icon-svg e-fas-circle\" viewBox=\"0 0 512 512\" xmlns=\"http:\/\/www.w3.org\/2000\/svg\"><path d=\"M256 8C119 8 8 119 8 256s111 248 248 248 248-111 248-248S393 8 256 8z\"><\/path><\/svg>\t\t\t\t\t\t<\/span>\n\t\t\t\t\t\t\t\t\t\t<span class=\"elementor-icon-list-text\">\u1ee8ng vi\u00ean tr\u00fang tuy\u1ec3n sau v\u00f2ng cu\u1ed1i s\u1ebd \u0111\u01b0\u1ee3c tham gia ch\u01b0\u01a1ng tr\u00ecnh OJT (On-the-Job Training), qua \u0111\u00f3 \u0111\u01b0\u1ee3c \u0111\u00e0o t\u1ea1o v\u00e0 ph\u00e1t tri\u1ec3n tr\u1edf th\u00e0nh nh\u00e2n s\u1ef1 c\u00f3 n\u0103ng l\u1ef1c.<\/span>\n\t\t\t\t\t\t\t\t\t<\/li>\n\t\t\t\t\t\t<\/ul>\n\t\t\t\t\t\t<\/div>\n\t\t\t\t<\/div>\n\t\t\t\t<\/div>\n\t\t\t\t<\/div>\n\t\t\t\t<\/div>\n\t\t\t\t\t<\/div>\n\t\t\t\t<\/div>\n\t\t\t\t<\/div>\n\t\t","protected":false},"excerpt":{"rendered":"<p>CONTACT US H\u01b0\u1edbng d\u1eabn tuy\u1ec3n d\u1ee5ng \uc6b0\ub9ac\ub294 \uae30\uc5c5\uc758 \uc0ac\ud68c\uc801 \ucc45\uc784\uc744 \uc18c\uc911\ud788 \uc5ec\uae30\uace0, \uace0\uac1d\uc758 \uac00\uce58\uc640 \uc2e0\ub8b0\ub97c \uc5bb\uae30 \uc704\ud574 \uacf5\uc815\ud55c \uae30\uc900\uc5d0 \ub530\ub77c \ud589\ub3d9\ud560 \uac83\uc744 \uc9c0\ud5a5\ud55c\ub2e4. \uc774\uc5d0 \uc6b0\ub9ac\ub294 \ud22c\uba85\/\uc2e0\ub8b0\/\uc0c1\uc0dd\uc774\ub77c\ub294 \ud575\uc2ec \uac00\uce58\ub97c \ubc14\ud0d5\uc73c\ub85c \ubaa8\ub4e0 \uc784\uc9c1\uc6d0\uc774 \uc9c0\ucf1c\uc57c \ud560 \uc62c\ubc14\ub978 \ud589\ub3d9\uacfc \uac00\uce58\ud310\ub2e8\uc758 \uae30\uc900\uc73c\ub85c \uc724\ub9ac \ud5cc\uc7a5\uc744 \uc81c\uc815\ud558\uace0 \uc774\ub97c \uc131\uc2e4\ud788 \uc900\uc218 \ud558\uace0 \uc2e4\ucc9c\ud560 \uac83\uc744 \ub2e4\uc9d0\ud55c\ub2e4. Quy tr\u00ecnh tuy\u1ec3n d\u1ee5ng B\u01b0\u1edbc. 01Th\u00f4ng b\u00e1o tuy\u1ec3n [&hellip;]<\/p>\n","protected":false},"author":1,"featured_media":0,"parent":3515,"menu_order":5,"comment_status":"closed","ping_status":"closed","template":"","meta":{"_acf_changed":false,"footnotes":""},"class_list":["post-3522","page","type-page","status-publish","hentry"],"acf":[],"_links":{"self":[{"href":"https:\/\/onrnc.com\/vi\/wp-json\/wp\/v2\/pages\/3522","targetHints":{"allow":["GET"]}}],"collection":[{"href":"https:\/\/onrnc.com\/vi\/wp-json\/wp\/v2\/pages"}],"about":[{"href":"https:\/\/onrnc.com\/vi\/wp-json\/wp\/v2\/types\/page"}],"author":[{"embeddable":true,"href":"https:\/\/onrnc.com\/vi\/wp-json\/wp\/v2\/users\/1"}],"replies":[{"embeddable":true,"href":"https:\/\/onrnc.com\/vi\/wp-json\/wp\/v2\/comments?post=3522"}],"version-history":[{"count":4,"href":"https:\/\/onrnc.com\/vi\/wp-json\/wp\/v2\/pages\/3522\/revisions"}],"predecessor-version":[{"id":4238,"href":"https:\/\/onrnc.com\/vi\/wp-json\/wp\/v2\/pages\/3522\/revisions\/4238"}],"up":[{"embeddable":true,"href":"https:\/\/onrnc.com\/vi\/wp-json\/wp\/v2\/pages\/3515"}],"wp:attachment":[{"href":"https:\/\/onrnc.com\/vi\/wp-json\/wp\/v2\/media?parent=3522"}],"curies":[{"name":"wp","href":"https:\/\/api.w.org\/{rel}","templated":true}]}}